{"id":2149,"date":"2022-03-16T16:38:17","date_gmt":"2022-03-16T14:38:17","guid":{"rendered":"https:\/\/www.zontoshairclinic.com\/om-os\/"},"modified":"2024-09-12T15:14:21","modified_gmt":"2024-09-12T12:14:21","slug":"om-os","status":"publish","type":"page","link":"https:\/\/www.zontoshairclinic.com\/da\/om-os\/","title":{"rendered":"Om os"},"content":{"rendered":"<section class=\"l-section wpb_row height_small\"><div class=\"l-section-h i-cf\"><div class=\"g-cols vc_row via_grid cols_1 laptops-cols_inherit tablets-cols_inherit mobiles-cols_1 valign_top type_default stacking_default\"><div class=\"wpb_column vc_column_container\"><div class=\"vc_column-inner\"><h1 class=\"w-text us_custom_31cea8a2 page-title-line\"><span class=\"w-text-h\"><span class=\"w-text-value\">Om os<\/span><\/span><\/h1><\/div><\/div><\/div><\/div><\/section><section class=\"l-section wpb_row us_custom_e11ab399 height_auto\"><div class=\"l-section-h i-cf\"><div class=\"g-cols vc_row via_grid cols_1 laptops-cols_inherit tablets-cols_inherit mobiles-cols_1 valign_top type_default stacking_default\" style=\"--columns-gap:20px;\"><div class=\"wpb_column vc_column_container services-wrapper\"><div class=\"vc_column-inner\"><div class=\"g-cols wpb_row via_grid cols_1 laptops-cols_inherit tablets-cols_inherit mobiles-cols_1 valign_top type_default stacking_default\" style=\"--columns-gap:3rem;\"><div class=\"wpb_column vc_column_container us_custom_34bf5cad has_bg_color\"><div class=\"vc_column-inner\"><div class=\"w-image us_custom_7ac6acf4 has_ratio align_none\"><a title=\"Dr. Zontos\" href=\"https:\/\/www.zontoshairclinic.com\/da\/om-os\/dr-zontos\/\" aria-label=\"fdasfda\" class=\"w-image-h\"><div style=\"padding-bottom:75%\"><\/div><img loading=\"lazy\" decoding=\"async\" width=\"800\" height=\"676\" src=\"https:\/\/www.zontoshairclinic.com\/wp-content\/uploads\/2023\/12\/fdasfda-1.png\" class=\"attachment-large size-large\" alt=\"\" loading=\"lazy\" \/><\/a><\/div><h2 class=\"w-text us_custom_c699f21e\"><span class=\"w-text-h\"><span class=\"w-text-value\">Dr. G. Zontos  <\/span><\/span><\/h2><div class=\"wpb_text_column us_custom_25a4de62\"><div class=\"wpb_wrapper\"><p>Ekspertise og internationale udm\u00e6rkelser<\/p>\n<\/div><\/div><div class=\"w-separator size_medium\"><\/div><div class=\"w-btn-wrapper align_none\"><a class=\"w-btn us-btn-style_6 us_custom_b51076c5 icon_atright\" title=\"Dr. Zontos \" href=\"https:\/\/www.zontoshairclinic.com\/da\/om-os\/dr-zontos\/\"><span class=\"w-btn-label\">L\u00e6s mere<\/span><i class=\"fas fa-arrow-right\"><\/i><\/a><\/div><\/div><\/div><\/div><div class=\"g-cols wpb_row via_grid cols_1 laptops-cols_inherit tablets-cols_inherit mobiles-cols_1 valign_top type_default stacking_default\" style=\"--columns-gap:3rem;\"><div class=\"wpb_column vc_column_container us_custom_34bf5cad has_bg_color\"><div class=\"vc_column-inner\"><div class=\"w-image us_custom_7ac6acf4 has_ratio align_none\"><a title=\"Klinik\" href=\"https:\/\/www.zontoshairclinic.com\/da\/om-os\/klinikken\/\" aria-label=\"clinic__zontos-hair-clinic-front-reception\" class=\"w-image-h\"><div style=\"padding-bottom:75%\"><\/div><img loading=\"lazy\" decoding=\"async\" width=\"1024\" height=\"682\" src=\"https:\/\/www.zontoshairclinic.com\/wp-content\/uploads\/2022\/03\/clinic__zontos-hair-clinic-front-reception-1024x682.webp\" class=\"attachment-large size-large\" alt=\"\" loading=\"lazy\" \/><\/a><\/div><h2 class=\"w-text us_custom_c699f21e\"><span class=\"w-text-h\"><span class=\"w-text-value\">Zontos Hair &#038; Skin Clinic<\/span><\/span><\/h2><div class=\"wpb_text_column us_custom_25a4de62\"><div class=\"wpb_wrapper\"><p>L\u00e6s om vores klinik<\/p>\n<\/div><\/div><div class=\"w-separator size_medium\"><\/div><div class=\"w-btn-wrapper align_none\"><a class=\"w-btn us-btn-style_6 us_custom_b51076c5 icon_atright\" title=\"Klinik\" href=\"https:\/\/www.zontoshairclinic.com\/da\/om-os\/klinikken\/\"><span class=\"w-btn-label\">L\u00e6s mere<\/span><i class=\"fas fa-arrow-right\"><\/i><\/a><\/div><\/div><\/div><\/div><div class=\"g-cols wpb_row via_grid cols_1 laptops-cols_inherit tablets-cols_inherit mobiles-cols_1 valign_top type_default stacking_default\" style=\"--columns-gap:3rem;\"><div class=\"wpb_column vc_column_container us_custom_34bf5cad has_bg_color\"><div class=\"vc_column-inner\"><div class=\"w-image us_custom_7ac6acf4 img-min-size has_ratio align_none\"><a title=\"Medicinsk hold\" href=\"https:\/\/www.zontoshairclinic.com\/da\/om-os\/medicinsk-hold\/\" aria-label=\"about__personnel\" class=\"w-image-h\"><div style=\"padding-bottom:75%\"><\/div><img loading=\"lazy\" decoding=\"async\" width=\"1024\" height=\"492\" src=\"https:\/\/www.zontoshairclinic.com\/wp-content\/uploads\/2022\/03\/about__personnel-1024x492.webp\" class=\"attachment-large size-large\" alt=\"\" loading=\"lazy\" \/><\/a><\/div><h2 class=\"w-text us_custom_c699f21e\"><span class=\"w-text-h\"><span class=\"w-text-value\">Medicinsk hold<\/span><\/span><\/h2><div class=\"wpb_text_column us_custom_25a4de62\"><div class=\"wpb_wrapper\"><p>L\u00e6s om vores hold<\/p>\n<\/div><\/div><div class=\"w-separator size_medium\"><\/div><div class=\"w-btn-wrapper align_none\"><a class=\"w-btn us-btn-style_6 us_custom_b51076c5 icon_atright\" title=\"Medicinsk hold\" href=\"https:\/\/www.zontoshairclinic.com\/da\/om-os\/medicinsk-hold\/\"><span class=\"w-btn-label\">L\u00e6s mere<\/span><i class=\"fas fa-arrow-right\"><\/i><\/a><\/div><\/div><\/div><\/div><div class=\"g-cols wpb_row us_custom_b4c0c321 via_grid cols_1 laptops-cols_inherit tablets-cols_inherit mobiles-cols_1 valign_top type_default stacking_default\" style=\"--columns-gap:3rem;\"><div class=\"wpb_column vc_column_container us_custom_34bf5cad has_bg_color\"><div class=\"vc_column-inner\"><div class=\"w-image us_custom_7ac6acf4 img-contain has_ratio align_none\"><a title=\"ISHRS\" href=\"https:\/\/www.zontoshairclinic.com\/da\/om-os\/ishrs\/\" aria-label=\"about__ishrs-logo\" class=\"w-image-h\"><div style=\"padding-bottom:75%\"><\/div><img loading=\"lazy\" decoding=\"async\" width=\"512\" height=\"347\" src=\"https:\/\/www.zontoshairclinic.com\/wp-content\/uploads\/2022\/03\/about__ishrs-logo.webp\" class=\"attachment-large size-large\" alt=\"\" loading=\"lazy\" \/><\/a><\/div><h2 class=\"w-text us_custom_c699f21e\"><span class=\"w-text-h\"><span class=\"w-text-value\">ISHRS<\/span><\/span><\/h2><div class=\"wpb_text_column us_custom_25a4de62\"><div class=\"wpb_wrapper\"><p>Den Internationale Alliance af H\u00e5r Restaurering Kirurger. En medicinsk forening, der er dedikeret til at opn\u00e5 udm\u00e6rkelse i operationsresultater i hele verden.<\/p>\n<\/div><\/div><div class=\"w-separator size_medium\"><\/div><div class=\"w-btn-wrapper align_none\"><a class=\"w-btn us-btn-style_6 us_custom_b51076c5 icon_atright\" title=\"ISHRS\" href=\"https:\/\/www.zontoshairclinic.com\/da\/om-os\/ishrs\/\"><span class=\"w-btn-label\">L\u00e6s mere<\/span><i class=\"fas fa-arrow-right\"><\/i><\/a><\/div><\/div><\/div><\/div><div class=\"g-cols wpb_row us_custom_b4c0c321 via_grid cols_1 laptops-cols_inherit tablets-cols_inherit mobiles-cols_1 valign_top type_default stacking_default\" style=\"--columns-gap:3rem;\"><div class=\"wpb_column vc_column_container us_custom_34bf5cad has_bg_color\"><div class=\"vc_column-inner\"><div class=\"w-image us_custom_7ac6acf4 img-contain has_ratio align_none\"><a title=\"ABHRS\" href=\"https:\/\/www.zontoshairclinic.com\/da\/om-os\/abhrs\/\" aria-label=\"abhrs__logo\" class=\"w-image-h\"><div style=\"padding-bottom:75%\"><\/div><img loading=\"lazy\" decoding=\"async\" width=\"326\" height=\"154\" src=\"https:\/\/www.zontoshairclinic.com\/wp-content\/uploads\/2022\/03\/abhrs__logo.webp\" class=\"attachment-large size-large\" alt=\"\" loading=\"lazy\" \/><\/a><\/div><h2 class=\"w-text us_custom_c699f21e\"><span class=\"w-text-h\"><span class=\"w-text-value\">ABHRS<\/span><\/span><\/h2><div class=\"wpb_text_column us_custom_25a4de62\"><div class=\"wpb_wrapper\"><p>Den Amerikanske Bestyrelse for H\u00e5r Restaurering Kirurgi. Globalt anerkendt certificeringsorgan.<\/p>\n<\/div><\/div><div class=\"w-separator size_medium\"><\/div><div class=\"w-btn-wrapper align_none\"><a class=\"w-btn us-btn-style_6 us_custom_b51076c5 icon_atright\" title=\"ABHRS\" href=\"https:\/\/www.zontoshairclinic.com\/da\/om-os\/abhrs\/\"><span class=\"w-btn-label\">L\u00e6s mere<\/span><i class=\"fas fa-arrow-right\"><\/i><\/a><\/div><\/div><\/div><\/div><\/div><\/div><\/div><\/div><\/section>\n","protected":false},"excerpt":{"rendered":"Om osDr. G. Zontos Ekspertise og internationale udm\u00e6rkelser L\u00e6s mereZontos Hair &#038; Skin ClinicL\u00e6s om vores klinik L\u00e6s mereMedicinsk holdL\u00e6s om vores hold L\u00e6s mereISHRSDen Internationale Alliance af H\u00e5r Restaurering Kirurger. En medicinsk forening, der er dedikeret til at opn\u00e5 udm\u00e6rkelse i operationsresultater i hele verden. L\u00e6s mereABHRSDen Amerikanske Bestyrelse for H\u00e5r Restaurering Kirurgi. Globalt...","protected":false},"author":2,"featured_media":0,"parent":0,"menu_order":0,"comment_status":"closed","ping_status":"closed","template":"","meta":{"inline_featured_image":false,"footnotes":""},"class_list":["post-2149","page","type-page","status-publish","hentry"],"yoast_head":"<!-- This site is optimized with the Yoast SEO plugin v24.9 - https:\/\/yoast.com\/wordpress\/plugins\/seo\/ -->\n<title>Om os - zontoshairclinic.com<\/title>\n<meta name=\"robots\" content=\"index, follow, max-snippet:-1, max-image-preview:large, max-video-preview:-1\" \/>\n<link rel=\"canonical\" href=\"https:\/\/www.zontoshairclinic.com\/da\/om-os\/\" \/>\n<meta property=\"og:locale\" content=\"da_DK\" \/>\n<meta property=\"og:type\" content=\"article\" \/>\n<meta property=\"og:title\" content=\"Om os - zontoshairclinic.com\" \/>\n<meta property=\"og:url\" content=\"https:\/\/www.zontoshairclinic.com\/da\/om-os\/\" \/>\n<meta property=\"og:site_name\" content=\"zontoshairclinic.com\" \/>\n<meta property=\"article:modified_time\" content=\"2024-09-12T12:14:21+00:00\" \/>\n<meta name=\"twitter:card\" content=\"summary_large_image\" \/>\n<meta name=\"twitter:label1\" content=\"Estimeret l\u00e6setid\" \/>\n\t<meta name=\"twitter:data1\" content=\"8 minutter\" \/>\n<script type=\"application\/ld+json\" class=\"yoast-schema-graph\">{\"@context\":\"https:\/\/schema.org\",\"@graph\":[{\"@type\":\"WebPage\",\"@id\":\"https:\/\/www.zontoshairclinic.com\/da\/om-os\/\",\"url\":\"https:\/\/www.zontoshairclinic.com\/da\/om-os\/\",\"name\":\"Om os - zontoshairclinic.com\",\"isPartOf\":{\"@id\":\"https:\/\/www.zontoshairclinic.com\/da\/#website\"},\"datePublished\":\"2022-03-16T14:38:17+00:00\",\"dateModified\":\"2024-09-12T12:14:21+00:00\",\"breadcrumb\":{\"@id\":\"https:\/\/www.zontoshairclinic.com\/da\/om-os\/#breadcrumb\"},\"inLanguage\":\"da-DK\",\"potentialAction\":[{\"@type\":\"ReadAction\",\"target\":[\"https:\/\/www.zontoshairclinic.com\/da\/om-os\/\"]}]},{\"@type\":\"BreadcrumbList\",\"@id\":\"https:\/\/www.zontoshairclinic.com\/da\/om-os\/#breadcrumb\",\"itemListElement\":[{\"@type\":\"ListItem\",\"position\":1,\"name\":\"Home\",\"item\":\"https:\/\/www.zontoshairclinic.com\/da\/\"},{\"@type\":\"ListItem\",\"position\":2,\"name\":\"Om os\"}]},{\"@type\":\"WebSite\",\"@id\":\"https:\/\/www.zontoshairclinic.com\/da\/#website\",\"url\":\"https:\/\/www.zontoshairclinic.com\/da\/\",\"name\":\"zontoshairclinic.com\",\"description\":\"Zontos Hair Clinic\",\"potentialAction\":[{\"@type\":\"SearchAction\",\"target\":{\"@type\":\"EntryPoint\",\"urlTemplate\":\"https:\/\/www.zontoshairclinic.com\/da\/?s={search_term_string}\"},\"query-input\":{\"@type\":\"PropertyValueSpecification\",\"valueRequired\":true,\"valueName\":\"search_term_string\"}}],\"inLanguage\":\"da-DK\"}]}<\/script>\n<!-- \/ Yoast SEO plugin. -->","yoast_head_json":{"title":"Om os - zontoshairclinic.com","robots":{"index":"index","follow":"follow","max-snippet":"max-snippet:-1","max-image-preview":"max-image-preview:large","max-video-preview":"max-video-preview:-1"},"canonical":"https:\/\/www.zontoshairclinic.com\/da\/om-os\/","og_locale":"da_DK","og_type":"article","og_title":"Om os - zontoshairclinic.com","og_url":"https:\/\/www.zontoshairclinic.com\/da\/om-os\/","og_site_name":"zontoshairclinic.com","article_modified_time":"2024-09-12T12:14:21+00:00","twitter_card":"summary_large_image","twitter_misc":{"Estimeret l\u00e6setid":"8 minutter"},"schema":{"@context":"https:\/\/schema.org","@graph":[{"@type":"WebPage","@id":"https:\/\/www.zontoshairclinic.com\/da\/om-os\/","url":"https:\/\/www.zontoshairclinic.com\/da\/om-os\/","name":"Om os - zontoshairclinic.com","isPartOf":{"@id":"https:\/\/www.zontoshairclinic.com\/da\/#website"},"datePublished":"2022-03-16T14:38:17+00:00","dateModified":"2024-09-12T12:14:21+00:00","breadcrumb":{"@id":"https:\/\/www.zontoshairclinic.com\/da\/om-os\/#breadcrumb"},"inLanguage":"da-DK","potentialAction":[{"@type":"ReadAction","target":["https:\/\/www.zontoshairclinic.com\/da\/om-os\/"]}]},{"@type":"BreadcrumbList","@id":"https:\/\/www.zontoshairclinic.com\/da\/om-os\/#breadcrumb","itemListElement":[{"@type":"ListItem","position":1,"name":"Home","item":"https:\/\/www.zontoshairclinic.com\/da\/"},{"@type":"ListItem","position":2,"name":"Om os"}]},{"@type":"WebSite","@id":"https:\/\/www.zontoshairclinic.com\/da\/#website","url":"https:\/\/www.zontoshairclinic.com\/da\/","name":"zontoshairclinic.com","description":"Zontos Hair Clinic","potentialAction":[{"@type":"SearchAction","target":{"@type":"EntryPoint","urlTemplate":"https:\/\/www.zontoshairclinic.com\/da\/?s={search_term_string}"},"query-input":{"@type":"PropertyValueSpecification","valueRequired":true,"valueName":"search_term_string"}}],"inLanguage":"da-DK"}]}},"_links":{"self":[{"href":"https:\/\/www.zontoshairclinic.com\/da\/wp-json\/wp\/v2\/pages\/2149","targetHints":{"allow":["GET"]}}],"collection":[{"href":"https:\/\/www.zontoshairclinic.com\/da\/wp-json\/wp\/v2\/pages"}],"about":[{"href":"https:\/\/www.zontoshairclinic.com\/da\/wp-json\/wp\/v2\/types\/page"}],"author":[{"embeddable":true,"href":"https:\/\/www.zontoshairclinic.com\/da\/wp-json\/wp\/v2\/users\/2"}],"replies":[{"embeddable":true,"href":"https:\/\/www.zontoshairclinic.com\/da\/wp-json\/wp\/v2\/comments?post=2149"}],"version-history":[{"count":5,"href":"https:\/\/www.zontoshairclinic.com\/da\/wp-json\/wp\/v2\/pages\/2149\/revisions"}],"predecessor-version":[{"id":8132,"href":"https:\/\/www.zontoshairclinic.com\/da\/wp-json\/wp\/v2\/pages\/2149\/revisions\/8132"}],"wp:attachment":[{"href":"https:\/\/www.zontoshairclinic.com\/da\/wp-json\/wp\/v2\/media?parent=2149"}],"curies":[{"name":"wp","href":"https:\/\/api.w.org\/{rel}","templated":true}]}}