{"id":2153,"date":"2022-03-17T12:43:52","date_gmt":"2022-03-17T10:43:52","guid":{"rendered":"https:\/\/www.zontoshairclinic.com\/serviceydelser\/"},"modified":"2022-06-03T13:01:53","modified_gmt":"2022-06-03T10:01:53","slug":"serviceydelser","status":"publish","type":"page","link":"https:\/\/www.zontoshairclinic.com\/da\/serviceydelser\/","title":{"rendered":"Serviceydelser"},"content":{"rendered":"<section class=\"l-section wpb_row height_small\"><div class=\"l-section-h i-cf\"><div class=\"g-cols vc_row via_grid cols_1 laptops-cols_inherit tablets-cols_inherit mobiles-cols_1 valign_top type_default stacking_default\"><div class=\"wpb_column vc_column_container\"><div class=\"vc_column-inner\"><h1 class=\"w-text us_custom_31cea8a2 page-title-line\"><span class=\"w-text-h\"><span class=\"w-text-value\">Serviceydelser<\/span><\/span><\/h1><\/div><\/div><\/div><\/div><\/section><section class=\"l-section wpb_row us_custom_e11ab399 services-wrapper height_auto\"><div class=\"l-section-h i-cf\"><div class=\"g-cols vc_row via_grid cols_1 laptops-cols_inherit tablets-cols_inherit mobiles-cols_1 valign_top type_default stacking_default\" style=\"--columns-gap:20px;\"><div class=\"wpb_column vc_column_container services-wrapper\"><div class=\"vc_column-inner\"><div class=\"g-cols wpb_row via_grid cols_1 laptops-cols_inherit tablets-cols_inherit mobiles-cols_1 valign_top type_default stacking_default\" style=\"--columns-gap:3rem;\"><div class=\"wpb_column vc_column_container us_custom_34bf5cad has_bg_color\"><div class=\"vc_column-inner\"><div class=\"w-image us_custom_7ac6acf4 has_ratio align_none\"><a href=\"https:\/\/www.zontoshairclinic.com\/da\/serviceydelser\/haartransplantation-fue\/\" aria-label=\"nav-services__fue\" class=\"w-image-h\"><div style=\"padding-bottom:75%\"><\/div><img loading=\"lazy\" decoding=\"async\" width=\"1024\" height=\"684\" src=\"https:\/\/www.zontoshairclinic.com\/wp-content\/uploads\/2022\/03\/nav-services__fue-1024x684.webp\" class=\"attachment-large size-large\" alt=\"FUE Hair Transplantation\" loading=\"lazy\" \/><\/a><\/div><h2 class=\"w-text us_custom_c699f21e\"><span class=\"w-text-h\"><span class=\"w-text-value\">H\u00e5rtransplantation FUE<\/span><\/span><\/h2><div class=\"wpb_text_column us_custom_25a4de62\"><div class=\"wpb_wrapper\"><p>FUE er en innovativ h\u00e5rtransplantationsteknik, der giver fremragende resultater. Under denne kirurgiske procedure tages hver follikul\u00e6r enhed individuelt ud fra donoromr\u00e5det og overf\u00f8res til modtageromr\u00e5det, hvilket giver patienten et helt naturligt resultat.<\/p>\n<\/div><\/div><div class=\"w-separator size_medium\"><\/div><div class=\"w-btn-wrapper align_none\"><a class=\"w-btn us-btn-style_6 us_custom_b51076c5 icon_atright\" title=\"H\u00e5rtransplantation FUE\" href=\"https:\/\/www.zontoshairclinic.com\/da\/serviceydelser\/haartransplantation-fue\/\"><span class=\"w-btn-label\">L\u00e6s mere<\/span><i class=\"fas fa-arrow-right\"><\/i><\/a><\/div><\/div><\/div><\/div><div class=\"g-cols wpb_row via_grid cols_1 laptops-cols_inherit tablets-cols_inherit mobiles-cols_1 valign_top type_default stacking_default\" style=\"--columns-gap:3rem;\"><div class=\"wpb_column vc_column_container us_custom_34bf5cad has_bg_color\"><div class=\"vc_column-inner\"><div class=\"w-image us_custom_7ac6acf4 has_ratio align_none\"><a title=\"Long Hair FUE\" href=\"https:\/\/www.zontoshairclinic.com\/da\/serviceydelser\/langt-haar-fue\/\" aria-label=\"nav-services__lfue\" class=\"w-image-h\"><div style=\"padding-bottom:75%\"><\/div><img loading=\"lazy\" decoding=\"async\" width=\"1024\" height=\"684\" src=\"https:\/\/www.zontoshairclinic.com\/wp-content\/uploads\/2022\/03\/nav-services__lfue-1024x684.webp\" class=\"attachment-large size-large\" alt=\"\" loading=\"lazy\" \/><\/a><\/div><h2 class=\"w-text us_custom_c699f21e\"><span class=\"w-text-h\"><span class=\"w-text-value\">Long Hair FUE<\/span><\/span><\/h2><div class=\"wpb_text_column us_custom_25a4de62\"><div class=\"wpb_wrapper\"><p>FUE h\u00e5rtransplantationsteknik uden barbering. Ideel, hvis du ikke \u00f8nsker at \u00e6ndre din h\u00e5rfrisure.<\/p>\n<\/div><\/div><div class=\"w-separator size_medium\"><\/div><div class=\"w-btn-wrapper align_none\"><a class=\"w-btn us-btn-style_6 us_custom_b51076c5 icon_atright\" title=\"Long Hair FUE\" href=\"https:\/\/www.zontoshairclinic.com\/da\/serviceydelser\/langt-haar-fue\/\"><span class=\"w-btn-label\">L\u00e6s mere<\/span><i class=\"fas fa-arrow-right\"><\/i><\/a><\/div><\/div><\/div><\/div><div class=\"g-cols wpb_row via_grid cols_1 laptops-cols_inherit tablets-cols_inherit mobiles-cols_1 valign_top type_default stacking_default\" style=\"--columns-gap:3rem;\"><div class=\"wpb_column vc_column_container us_custom_34bf5cad has_bg_color\"><div class=\"vc_column-inner\"><div class=\"w-image us_custom_7ac6acf4 has_ratio align_none\"><a title=\"Body Hair FUE\" href=\"https:\/\/www.zontoshairclinic.com\/da\/serviceydelser\/body-hair-fue\/\" aria-label=\"nav-services__bodyFue\" class=\"w-image-h\"><div style=\"padding-bottom:75%\"><\/div><img loading=\"lazy\" decoding=\"async\" width=\"380\" height=\"220\" src=\"https:\/\/www.zontoshairclinic.com\/wp-content\/uploads\/2022\/03\/nav-services__bodyFue.webp\" class=\"attachment-large size-large\" alt=\"\" loading=\"lazy\" \/><\/a><\/div><h2 class=\"w-text us_custom_c699f21e\"><span class=\"w-text-h\"><span class=\"w-text-value\">Body Hair FUE<\/span><\/span><\/h2><div class=\"wpb_text_column us_custom_25a4de62\"><div class=\"wpb_wrapper\"><p>FUE transplantationsteknik med grafts fra resten af kroppen. Ideel hvis der ikke er grafts nok p\u00e5 hovedet.<\/p>\n<\/div><\/div><div class=\"w-separator size_medium\"><\/div><div class=\"w-btn-wrapper align_none\"><a class=\"w-btn us-btn-style_6 us_custom_b51076c5 icon_atright\" title=\"Body Hair FUE\" href=\"https:\/\/www.zontoshairclinic.com\/da\/serviceydelser\/body-hair-fue\/\"><span class=\"w-btn-label\">L\u00e6s mere<\/span><i class=\"fas fa-arrow-right\"><\/i><\/a><\/div><\/div><\/div><\/div><div class=\"g-cols wpb_row via_grid cols_1 laptops-cols_inherit tablets-cols_inherit mobiles-cols_1 valign_top type_default stacking_default\" style=\"--columns-gap:3rem;\"><div class=\"wpb_column vc_column_container us_custom_34bf5cad has_bg_color\"><div class=\"vc_column-inner\"><div class=\"w-image us_custom_7ac6acf4 has_ratio align_none\"><a title=\"Follysis diagnose\" href=\"https:\/\/www.zontoshairclinic.com\/da\/serviceydelser\/follysis-diagnose\/\" aria-label=\"nav-services__diagnosis\" class=\"w-image-h\"><div style=\"padding-bottom:75%\"><\/div><img loading=\"lazy\" decoding=\"async\" width=\"1024\" height=\"683\" src=\"https:\/\/www.zontoshairclinic.com\/wp-content\/uploads\/2022\/03\/nav-services__diagnosis-1024x683.webp\" class=\"attachment-large size-large\" alt=\"\" loading=\"lazy\" \/><\/a><\/div><h2 class=\"w-text us_custom_c699f21e\"><span class=\"w-text-h\"><span class=\"w-text-value\">Follysis diagnose<\/span><\/span><\/h2><div class=\"wpb_text_column us_custom_25a4de62\"><div class=\"wpb_wrapper\"><p>Moderne teknologi tilbydes vores patienter.<\/p>\n<\/div><\/div><div class=\"w-separator size_medium\"><\/div><div class=\"w-btn-wrapper align_none\"><a class=\"w-btn us-btn-style_6 us_custom_b51076c5 icon_atright\" title=\"Follysis diagnose\" href=\"https:\/\/www.zontoshairclinic.com\/da\/serviceydelser\/follysis-diagnose\/\"><span class=\"w-btn-label\">L\u00e6s mere<\/span><i class=\"fas fa-arrow-right\"><\/i><\/a><\/div><\/div><\/div><\/div><div class=\"g-cols wpb_row via_grid cols_1 laptops-cols_inherit tablets-cols_inherit mobiles-cols_1 valign_top type_default stacking_default\" style=\"--columns-gap:3rem;\"><div class=\"wpb_column vc_column_container us_custom_34bf5cad has_bg_color\"><div class=\"vc_column-inner\"><div class=\"w-image us_custom_7ac6acf4 has_ratio align_none\"><a title=\"H\u00e5rtab\" href=\"https:\/\/www.zontoshairclinic.com\/da\/serviceydelser\/haartab\/\" aria-label=\"nav-services__hairloss\" class=\"w-image-h\"><div style=\"padding-bottom:75%\"><\/div><img loading=\"lazy\" decoding=\"async\" width=\"1024\" height=\"683\" src=\"https:\/\/www.zontoshairclinic.com\/wp-content\/uploads\/2022\/03\/nav-services__hairloss-1024x683.webp\" class=\"attachment-large size-large\" alt=\"\" loading=\"lazy\" \/><\/a><\/div><h2 class=\"w-text us_custom_c699f21e\"><span class=\"w-text-h\"><span class=\"w-text-value\">H\u00e5rtab<\/span><\/span><\/h2><div class=\"wpb_text_column us_custom_25a4de62\"><div class=\"wpb_wrapper\"><p>Find behandlingsm\u00e5der med hj\u00e6lp fra Dr. Zontos.<\/p>\n<\/div><\/div><div class=\"w-separator size_medium\"><\/div><div class=\"w-btn-wrapper align_none\"><a class=\"w-btn us-btn-style_6 us_custom_b51076c5 icon_atright\" title=\"H\u00e5rtab\" href=\"https:\/\/www.zontoshairclinic.com\/da\/serviceydelser\/haartab\/\"><span class=\"w-btn-label\">L\u00e6s mere<\/span><i class=\"fas fa-arrow-right\"><\/i><\/a><\/div><\/div><\/div><\/div><div class=\"g-cols wpb_row via_grid cols_1 laptops-cols_inherit tablets-cols_inherit mobiles-cols_1 valign_top type_default stacking_default\" style=\"--columns-gap:3rem;\"><div class=\"wpb_column vc_column_container us_custom_34bf5cad has_bg_color\"><div class=\"vc_column-inner\"><div class=\"w-image us_custom_7ac6acf4 has_ratio align_none\"><a title=\"Medicinsk behandling\" href=\"https:\/\/www.zontoshairclinic.com\/da\/serviceydelser\/medicinsk-behandling\/\" aria-label=\"nav-services__medical\" class=\"w-image-h\"><div style=\"padding-bottom:75%\"><\/div><img loading=\"lazy\" decoding=\"async\" width=\"1024\" height=\"683\" src=\"https:\/\/www.zontoshairclinic.com\/wp-content\/uploads\/2022\/03\/nav-services__medical-1024x683.webp\" class=\"attachment-large size-large\" alt=\"\" loading=\"lazy\" \/><\/a><\/div><h2 class=\"w-text us_custom_c699f21e\"><span class=\"w-text-h\"><span class=\"w-text-value\">Medicinsk behandling<\/span><\/span><\/h2><div class=\"wpb_text_column us_custom_25a4de62\"><div class=\"wpb_wrapper\"><p>Ved din side ogs\u00e5 efter operationen.<\/p>\n<\/div><\/div><div class=\"w-separator size_medium\"><\/div><div class=\"w-btn-wrapper align_none\"><a class=\"w-btn us-btn-style_6 us_custom_b51076c5 icon_atright\" title=\"Medicinsk behandling\" href=\"https:\/\/www.zontoshairclinic.com\/da\/serviceydelser\/medicinsk-behandling\/\"><span class=\"w-btn-label\">L\u00e6s mere<\/span><i class=\"fas fa-arrow-right\"><\/i><\/a><\/div><\/div><\/div><\/div><div class=\"g-cols wpb_row via_grid cols_1 laptops-cols_inherit tablets-cols_inherit mobiles-cols_1 valign_top type_default stacking_default\" style=\"--columns-gap:3rem;\"><div class=\"wpb_column vc_column_container us_custom_34bf5cad has_bg_color\"><div class=\"vc_column-inner\"><div class=\"w-image us_custom_7ac6acf4 has_ratio align_none\"><a title=\"Hovedbundsmikropigmentering\" href=\"https:\/\/www.zontoshairclinic.com\/da\/serviceydelser\/hovedbundsmikropigmentering\/\" aria-label=\"nav-services__scalpMicropigmentation\" class=\"w-image-h\"><div style=\"padding-bottom:75%\"><\/div><img loading=\"lazy\" decoding=\"async\" width=\"1024\" height=\"683\" src=\"https:\/\/www.zontoshairclinic.com\/wp-content\/uploads\/2022\/03\/nav-services__scalpMicropigmentation-1024x683.webp\" class=\"attachment-large size-large\" alt=\"Scalp Micropigmentation\" loading=\"lazy\" \/><\/a><\/div><h2 class=\"w-text us_custom_c699f21e\"><span class=\"w-text-h\"><span class=\"w-text-value\">Hovedbundsmikropigmentering<\/span><\/span><\/h2><div class=\"wpb_text_column us_custom_25a4de62\"><div class=\"wpb_wrapper\"><p>En ikke kirurgisk behandling af h\u00e5rtab.<\/p>\n<\/div><\/div><div class=\"w-separator size_medium\"><\/div><div class=\"w-btn-wrapper align_none\"><a class=\"w-btn us-btn-style_6 us_custom_b51076c5 icon_atright\" title=\"Hovedbundsmikropigmentering\" href=\"https:\/\/www.zontoshairclinic.com\/da\/serviceydelser\/hovedbundsmikropigmentering\/\"><span class=\"w-btn-label\">L\u00e6s mere<\/span><i class=\"fas fa-arrow-right\"><\/i><\/a><\/div><\/div><\/div><\/div><div class=\"g-cols wpb_row via_grid cols_1 laptops-cols_inherit tablets-cols_inherit mobiles-cols_1 valign_top type_default stacking_default\" style=\"--columns-gap:3rem;\"><div class=\"wpb_column vc_column_container us_custom_34bf5cad has_bg_color\"><div class=\"vc_column-inner\"><div class=\"w-image us_custom_7ac6acf4 has_ratio align_none\"><a title=\"Blodpladev\u00e6kstfaktorer som behandling af h\u00e5rtab.\" href=\"https:\/\/www.zontoshairclinic.com\/da\/serviceydelser\/blodpladevaekstfaktorer-som-behandling-af-haartab\/\" aria-label=\"prp__crheader\" class=\"w-image-h\"><div style=\"padding-bottom:75%\"><\/div><img loading=\"lazy\" decoding=\"async\" width=\"1024\" height=\"357\" src=\"https:\/\/www.zontoshairclinic.com\/wp-content\/uploads\/2022\/03\/prp__crheader-1024x357.webp\" class=\"attachment-large size-large\" alt=\"\u0391\u03c5\u03c4\u03cc\u03bb\u03bf\u03b3\u03b7 \u03bc\u03b5\u03c3\u03bf\u03b8\u03b5\u03c1\u03b1\u03c0\u03b5\u03af\u03b1 \u03bc\u03b1\u03bb\u03bb\u03b9\u03ce\u03bd\" loading=\"lazy\" \/><\/a><\/div><h2 class=\"w-text us_custom_c699f21e\"><span class=\"w-text-h\"><span class=\"w-text-value\">Blodpladev\u00e6kstfaktorer som behandling af h\u00e5rtab.<\/span><\/span><\/h2><div class=\"wpb_text_column us_custom_25a4de62\"><div class=\"wpb_wrapper\"><p>Beskrivelse af behandlingen.<\/p>\n<\/div><\/div><div class=\"w-separator size_medium\"><\/div><div class=\"w-btn-wrapper align_none\"><a class=\"w-btn us-btn-style_6 us_custom_b51076c5 icon_atright\" title=\"Blodpladev\u00e6kstfaktorer som behandling af h\u00e5rtab.\" href=\"https:\/\/www.zontoshairclinic.com\/da\/serviceydelser\/blodpladevaekstfaktorer-som-behandling-af-haartab\/\"><span class=\"w-btn-label\">L\u00e6s mere<\/span><i class=\"fas fa-arrow-right\"><\/i><\/a><\/div><\/div><\/div><\/div><\/div><\/div><\/div><\/div><\/section>\n","protected":false},"excerpt":{"rendered":"ServiceydelserH\u00e5rtransplantation FUEFUE er en innovativ h\u00e5rtransplantationsteknik, der giver fremragende resultater. Under denne kirurgiske procedure tages hver follikul\u00e6r enhed individuelt ud fra donoromr\u00e5det og overf\u00f8res til modtageromr\u00e5det, hvilket giver patienten et helt naturligt resultat. L\u00e6s mereLong Hair FUEFUE h\u00e5rtransplantationsteknik uden barbering. Ideel, hvis du ikke \u00f8nsker at \u00e6ndre din h\u00e5rfrisure. L\u00e6s mereBody Hair FUEFUE transplantationsteknik med...","protected":false},"author":2,"featured_media":0,"parent":0,"menu_order":0,"comment_status":"closed","ping_status":"closed","template":"","meta":{"inline_featured_image":false,"footnotes":""},"class_list":["post-2153","page","type-page","status-publish","hentry"],"yoast_head":"<!-- This site is optimized with the Yoast SEO plugin v24.9 - https:\/\/yoast.com\/wordpress\/plugins\/seo\/ -->\n<title>Serviceydelser - zontoshairclinic.com<\/title>\n<meta name=\"description\" content=\"-1199\" \/>\n<meta name=\"robots\" content=\"index, follow, max-snippet:-1, max-image-preview:large, max-video-preview:-1\" \/>\n<link rel=\"canonical\" href=\"https:\/\/www.zontoshairclinic.com\/da\/serviceydelser\/\" \/>\n<meta property=\"og:locale\" content=\"da_DK\" \/>\n<meta property=\"og:type\" content=\"article\" \/>\n<meta property=\"og:title\" content=\"Serviceydelser - zontoshairclinic.com\" \/>\n<meta property=\"og:description\" content=\"-1199\" \/>\n<meta property=\"og:url\" content=\"https:\/\/www.zontoshairclinic.com\/da\/serviceydelser\/\" \/>\n<meta property=\"og:site_name\" content=\"zontoshairclinic.com\" \/>\n<meta property=\"article:modified_time\" content=\"2022-06-03T10:01:53+00:00\" \/>\n<meta name=\"twitter:card\" content=\"summary_large_image\" \/>\n<meta name=\"twitter:label1\" content=\"Estimeret l\u00e6setid\" \/>\n\t<meta name=\"twitter:data1\" content=\"12 minutter\" \/>\n<script type=\"application\/ld+json\" class=\"yoast-schema-graph\">{\"@context\":\"https:\/\/schema.org\",\"@graph\":[{\"@type\":\"WebPage\",\"@id\":\"https:\/\/www.zontoshairclinic.com\/da\/serviceydelser\/\",\"url\":\"https:\/\/www.zontoshairclinic.com\/da\/serviceydelser\/\",\"name\":\"Serviceydelser - zontoshairclinic.com\",\"isPartOf\":{\"@id\":\"https:\/\/www.zontoshairclinic.com\/da\/#website\"},\"datePublished\":\"2022-03-17T10:43:52+00:00\",\"dateModified\":\"2022-06-03T10:01:53+00:00\",\"description\":\"-1199\",\"breadcrumb\":{\"@id\":\"https:\/\/www.zontoshairclinic.com\/da\/serviceydelser\/#breadcrumb\"},\"inLanguage\":\"da-DK\",\"potentialAction\":[{\"@type\":\"ReadAction\",\"target\":[\"https:\/\/www.zontoshairclinic.com\/da\/serviceydelser\/\"]}]},{\"@type\":\"BreadcrumbList\",\"@id\":\"https:\/\/www.zontoshairclinic.com\/da\/serviceydelser\/#breadcrumb\",\"itemListElement\":[{\"@type\":\"ListItem\",\"position\":1,\"name\":\"Home\",\"item\":\"https:\/\/www.zontoshairclinic.com\/da\/\"},{\"@type\":\"ListItem\",\"position\":2,\"name\":\"Serviceydelser\"}]},{\"@type\":\"WebSite\",\"@id\":\"https:\/\/www.zontoshairclinic.com\/da\/#website\",\"url\":\"https:\/\/www.zontoshairclinic.com\/da\/\",\"name\":\"zontoshairclinic.com\",\"description\":\"Zontos Hair Clinic\",\"potentialAction\":[{\"@type\":\"SearchAction\",\"target\":{\"@type\":\"EntryPoint\",\"urlTemplate\":\"https:\/\/www.zontoshairclinic.com\/da\/?s={search_term_string}\"},\"query-input\":{\"@type\":\"PropertyValueSpecification\",\"valueRequired\":true,\"valueName\":\"search_term_string\"}}],\"inLanguage\":\"da-DK\"}]}<\/script>\n<!-- \/ Yoast SEO plugin. -->","yoast_head_json":{"title":"Serviceydelser - zontoshairclinic.com","description":"-1199","robots":{"index":"index","follow":"follow","max-snippet":"max-snippet:-1","max-image-preview":"max-image-preview:large","max-video-preview":"max-video-preview:-1"},"canonical":"https:\/\/www.zontoshairclinic.com\/da\/serviceydelser\/","og_locale":"da_DK","og_type":"article","og_title":"Serviceydelser - zontoshairclinic.com","og_description":"-1199","og_url":"https:\/\/www.zontoshairclinic.com\/da\/serviceydelser\/","og_site_name":"zontoshairclinic.com","article_modified_time":"2022-06-03T10:01:53+00:00","twitter_card":"summary_large_image","twitter_misc":{"Estimeret l\u00e6setid":"12 minutter"},"schema":{"@context":"https:\/\/schema.org","@graph":[{"@type":"WebPage","@id":"https:\/\/www.zontoshairclinic.com\/da\/serviceydelser\/","url":"https:\/\/www.zontoshairclinic.com\/da\/serviceydelser\/","name":"Serviceydelser - zontoshairclinic.com","isPartOf":{"@id":"https:\/\/www.zontoshairclinic.com\/da\/#website"},"datePublished":"2022-03-17T10:43:52+00:00","dateModified":"2022-06-03T10:01:53+00:00","description":"-1199","breadcrumb":{"@id":"https:\/\/www.zontoshairclinic.com\/da\/serviceydelser\/#breadcrumb"},"inLanguage":"da-DK","potentialAction":[{"@type":"ReadAction","target":["https:\/\/www.zontoshairclinic.com\/da\/serviceydelser\/"]}]},{"@type":"BreadcrumbList","@id":"https:\/\/www.zontoshairclinic.com\/da\/serviceydelser\/#breadcrumb","itemListElement":[{"@type":"ListItem","position":1,"name":"Home","item":"https:\/\/www.zontoshairclinic.com\/da\/"},{"@type":"ListItem","position":2,"name":"Serviceydelser"}]},{"@type":"WebSite","@id":"https:\/\/www.zontoshairclinic.com\/da\/#website","url":"https:\/\/www.zontoshairclinic.com\/da\/","name":"zontoshairclinic.com","description":"Zontos Hair Clinic","potentialAction":[{"@type":"SearchAction","target":{"@type":"EntryPoint","urlTemplate":"https:\/\/www.zontoshairclinic.com\/da\/?s={search_term_string}"},"query-input":{"@type":"PropertyValueSpecification","valueRequired":true,"valueName":"search_term_string"}}],"inLanguage":"da-DK"}]}},"_links":{"self":[{"href":"https:\/\/www.zontoshairclinic.com\/da\/wp-json\/wp\/v2\/pages\/2153","targetHints":{"allow":["GET"]}}],"collection":[{"href":"https:\/\/www.zontoshairclinic.com\/da\/wp-json\/wp\/v2\/pages"}],"about":[{"href":"https:\/\/www.zontoshairclinic.com\/da\/wp-json\/wp\/v2\/types\/page"}],"author":[{"embeddable":true,"href":"https:\/\/www.zontoshairclinic.com\/da\/wp-json\/wp\/v2\/users\/2"}],"replies":[{"embeddable":true,"href":"https:\/\/www.zontoshairclinic.com\/da\/wp-json\/wp\/v2\/comments?post=2153"}],"version-history":[{"count":5,"href":"https:\/\/www.zontoshairclinic.com\/da\/wp-json\/wp\/v2\/pages\/2153\/revisions"}],"predecessor-version":[{"id":6001,"href":"https:\/\/www.zontoshairclinic.com\/da\/wp-json\/wp\/v2\/pages\/2153\/revisions\/6001"}],"wp:attachment":[{"href":"https:\/\/www.zontoshairclinic.com\/da\/wp-json\/wp\/v2\/media?parent=2153"}],"curies":[{"name":"wp","href":"https:\/\/api.w.org\/{rel}","templated":true}]}}