{"id":2172,"date":"2022-03-21T11:13:44","date_gmt":"2022-03-21T09:13:44","guid":{"rendered":"https:\/\/www.zontoshairclinic.com\/om-os\/abhrs\/"},"modified":"2022-04-26T11:56:42","modified_gmt":"2022-04-26T08:56:42","slug":"abhrs","status":"publish","type":"page","link":"https:\/\/www.zontoshairclinic.com\/da\/om-os\/abhrs\/","title":{"rendered":"ABHRS"},"content":{"rendered":"<section class=\"l-section wpb_row top-header-img height_auto\"><div class=\"l-section-h i-cf\"><div class=\"g-cols vc_row via_grid cols_1 laptops-cols_inherit tablets-cols_inherit mobiles-cols_1 valign_top type_default stacking_default\"><div class=\"wpb_column vc_column_container\"><div class=\"vc_column-inner\"><div class=\"w-image us_custom_3dce2f07 align_center\"><div class=\"w-image-h\"><img loading=\"lazy\" decoding=\"async\" width=\"1024\" height=\"768\" src=\"https:\/\/www.zontoshairclinic.com\/wp-content\/uploads\/2022\/03\/abhrs__header.webp\" class=\"attachment-full size-full\" alt=\"\" loading=\"lazy\" srcset=\"https:\/\/www.zontoshairclinic.com\/wp-content\/uploads\/2022\/03\/abhrs__header.webp 1024w, https:\/\/www.zontoshairclinic.com\/wp-content\/uploads\/2022\/03\/abhrs__header-300x225.webp 300w\" sizes=\"auto, (max-width: 1024px) 100vw, 1024px\" \/><\/div><\/div><\/div><\/div><\/div><\/div><\/section><section class=\"l-section wpb_row height_small\"><div class=\"l-section-h i-cf\"><div class=\"g-cols vc_row via_grid cols_1 laptops-cols_inherit tablets-cols_inherit mobiles-cols_1 valign_top type_default stacking_default\"><div class=\"wpb_column vc_column_container\"><div class=\"vc_column-inner\"><h1 class=\"w-text us_custom_31cea8a2 page-title-line\"><span class=\"w-text-h\"><span class=\"w-text-value\">ABHRS<br \/>\nAmerican Board of Hair Restoration Surgery<br \/>\nDen amerikanske Bestyrelse for H\u00e5r Restaurering Kirurgi<\/span><\/span><\/h1><\/div><\/div><\/div><\/div><\/section><section class=\"l-section wpb_row height_auto\"><div class=\"l-section-h i-cf\"><div class=\"g-cols vc_row via_grid cols_1 laptops-cols_inherit tablets-cols_inherit mobiles-cols_1 valign_top type_default stacking_default\"><div class=\"wpb_column vc_column_container\"><div class=\"vc_column-inner\"><div class=\"wpb_text_column\"><div class=\"wpb_wrapper\"><p><img decoding=\"async\" class=\" wp-image-960 alignleft\" src=\"https:\/\/www.zontoshairclinic.com\/wp-content\/uploads\/2022\/03\/abhrs__logo-300x142.webp\" alt=\"\" width=\"213\" height=\"101\" srcset=\"https:\/\/www.zontoshairclinic.com\/wp-content\/uploads\/2022\/03\/abhrs__logo-300x142.webp 300w, https:\/\/www.zontoshairclinic.com\/wp-content\/uploads\/2022\/03\/abhrs__logo.webp 326w\" sizes=\"(max-width: 213px) 100vw, 213px\" \/>Den amerikanske bestyrelse for h\u00e5r restaurering kirurgi (ABHRS) er globalt anerkendt som det eneste certificeringsorgan, der fokuserer p\u00e5 h\u00e5rrestaureringskirurgi.<\/p>\n<p>Enhver kirurg, der har et ABHRS-bevis har vist sin ekspertise i b\u00e5de skriftlig og mundtlig eksamen. Dette betyder, at enhver l\u00e6ge, der har f\u00e5et beviset kan udf\u00f8re sikre og \u00e6stetisk vellykkede h\u00e5rtransplantationsprocedurer.<\/p>\n<p>ABHRS modtog global anerkendelse p\u00e5 anmodning af European Society of Hair Restoration Surgery, s\u00e5 de internationale kandidater har mulighed for at n\u00e6vne &#8216;International Board of Hair Restoration Surgery&#8217; p\u00e5 deres certifikater Et certifikat med denne betegnelse bekr\u00e6fter, at den samme vurderingsproces er vellykket gennemf\u00f8rt af de anerkendte certificerede af American Board of Hair Restoration Surgery. Med en lang r\u00e6kke omfattende eksaminer st\u00e5r ABHRS-eksamen som den eneste psykometrisk og statistisk godkendte certificering dedikeret til h\u00e5rrestaureringskirurgi.<\/p>\n<p>Dr. Zontos er ikke bare certificeret af Den Amerikanske Bestyrelse for H\u00e5r Restaurering Kirurgi, men er ogs\u00e5 en fast eksaminator ved de \u00e5rlige ABHRS-eksaminer.<\/p>\n<\/div><\/div><\/div><\/div><\/div><\/div><\/section><section class=\"l-section wpb_row us_custom_6a2e7e2d img-same-size height_auto\"><div class=\"l-section-h i-cf\"><div class=\"g-cols vc_row via_grid cols_2 laptops-cols_inherit tablets-cols_inherit mobiles-cols_1 valign_top type_default stacking_default\"><div class=\"wpb_column vc_column_container\"><div class=\"vc_column-inner\"><div class=\"w-image align_center meta_simple\"><div class=\"w-image-h\"><img loading=\"lazy\" decoding=\"async\" width=\"1920\" height=\"1231\" src=\"https:\/\/www.zontoshairclinic.com\/wp-content\/uploads\/2022\/03\/abhrs__certificate.webp\" class=\"attachment-full size-full\" alt=\"Dr. Zontos certifikat fra Den amerikanske Bestyrelse for H\u00e5r Restaurering Kirurgi.\" loading=\"lazy\" srcset=\"https:\/\/www.zontoshairclinic.com\/wp-content\/uploads\/2022\/03\/abhrs__certificate.webp 1920w, https:\/\/www.zontoshairclinic.com\/wp-content\/uploads\/2022\/03\/abhrs__certificate-300x192.webp 300w, https:\/\/www.zontoshairclinic.com\/wp-content\/uploads\/2022\/03\/abhrs__certificate-1024x657.webp 1024w\" sizes=\"auto, (max-width: 1920px) 100vw, 1920px\" \/><\/div><div class=\"w-image-meta\"><div class=\"w-image-title\">Dr. Zontos certifikat fra Den amerikanske Bestyrelse for H\u00e5r Restaurering Kirurgi.<\/div><\/div><\/div><\/div><\/div><div class=\"wpb_column vc_column_container\"><div class=\"vc_column-inner\"><div class=\"w-image align_center meta_simple\"><div class=\"w-image-h\"><img loading=\"lazy\" decoding=\"async\" width=\"1200\" height=\"900\" src=\"https:\/\/www.zontoshairclinic.com\/wp-content\/uploads\/2022\/03\/abhrs__examiner.webp\" class=\"attachment-full size-full\" alt=\"Dr. Zontos&#039; deltagelse som eksaminator til ABHRS&#039; mundtlige eksamen ved den sidste eksamen i Hollywood.\" loading=\"lazy\" srcset=\"https:\/\/www.zontoshairclinic.com\/wp-content\/uploads\/2022\/03\/abhrs__examiner.webp 1200w, https:\/\/www.zontoshairclinic.com\/wp-content\/uploads\/2022\/03\/abhrs__examiner-300x225.webp 300w, https:\/\/www.zontoshairclinic.com\/wp-content\/uploads\/2022\/03\/abhrs__examiner-1024x768.webp 1024w\" sizes=\"auto, (max-width: 1200px) 100vw, 1200px\" \/><\/div><div class=\"w-image-meta\"><div class=\"w-image-title\">Dr. Zontos' deltagelse som eksaminator til ABHRS' mundtlige eksamen ved den sidste eksamen i Hollywood.<\/div><\/div><\/div><\/div><\/div><\/div><\/div><\/section>\n","protected":false},"excerpt":{"rendered":"ABHRS American Board of Hair Restoration Surgery Den amerikanske Bestyrelse for H\u00e5r Restaurering KirurgiDen amerikanske bestyrelse for h\u00e5r restaurering kirurgi (ABHRS) er globalt anerkendt som det eneste certificeringsorgan, der fokuserer p\u00e5 h\u00e5rrestaureringskirurgi. Enhver kirurg, der har et ABHRS-bevis har vist sin ekspertise i b\u00e5de skriftlig og mundtlig eksamen. Dette betyder, at enhver l\u00e6ge, der har...","protected":false},"author":2,"featured_media":0,"parent":2149,"menu_order":0,"comment_status":"closed","ping_status":"closed","template":"","meta":{"inline_featured_image":false,"footnotes":""},"class_list":["post-2172","page","type-page","status-publish","hentry"],"yoast_head":"<!-- This site is optimized with the Yoast SEO plugin v24.9 - https:\/\/yoast.com\/wordpress\/plugins\/seo\/ -->\n<title>ABHRS - zontoshairclinic.com<\/title>\n<meta name=\"robots\" content=\"index, follow, max-snippet:-1, max-image-preview:large, max-video-preview:-1\" \/>\n<link rel=\"canonical\" href=\"https:\/\/www.zontoshairclinic.com\/da\/om-os\/abhrs\/\" \/>\n<meta property=\"og:locale\" content=\"da_DK\" \/>\n<meta property=\"og:type\" content=\"article\" \/>\n<meta property=\"og:title\" content=\"ABHRS - zontoshairclinic.com\" \/>\n<meta property=\"og:url\" content=\"https:\/\/www.zontoshairclinic.com\/da\/om-os\/abhrs\/\" \/>\n<meta property=\"og:site_name\" content=\"zontoshairclinic.com\" \/>\n<meta property=\"article:modified_time\" content=\"2022-04-26T08:56:42+00:00\" \/>\n<meta property=\"og:image\" content=\"https:\/\/www.zontoshairclinic.com\/wp-content\/uploads\/2022\/03\/abhrs__logo-300x142.webp\" \/>\n<meta name=\"twitter:card\" content=\"summary_large_image\" \/>\n<meta name=\"twitter:label1\" content=\"Estimeret l\u00e6setid\" \/>\n\t<meta name=\"twitter:data1\" content=\"2 minutter\" \/>\n<script type=\"application\/ld+json\" class=\"yoast-schema-graph\">{\"@context\":\"https:\/\/schema.org\",\"@graph\":[{\"@type\":\"WebPage\",\"@id\":\"https:\/\/www.zontoshairclinic.com\/da\/om-os\/abhrs\/\",\"url\":\"https:\/\/www.zontoshairclinic.com\/da\/om-os\/abhrs\/\",\"name\":\"ABHRS - zontoshairclinic.com\",\"isPartOf\":{\"@id\":\"https:\/\/www.zontoshairclinic.com\/da\/#website\"},\"primaryImageOfPage\":{\"@id\":\"https:\/\/www.zontoshairclinic.com\/da\/om-os\/abhrs\/#primaryimage\"},\"image\":{\"@id\":\"https:\/\/www.zontoshairclinic.com\/da\/om-os\/abhrs\/#primaryimage\"},\"thumbnailUrl\":\"https:\/\/www.zontoshairclinic.com\/wp-content\/uploads\/2022\/03\/abhrs__logo-300x142.webp\",\"datePublished\":\"2022-03-21T09:13:44+00:00\",\"dateModified\":\"2022-04-26T08:56:42+00:00\",\"breadcrumb\":{\"@id\":\"https:\/\/www.zontoshairclinic.com\/da\/om-os\/abhrs\/#breadcrumb\"},\"inLanguage\":\"da-DK\",\"potentialAction\":[{\"@type\":\"ReadAction\",\"target\":[\"https:\/\/www.zontoshairclinic.com\/da\/om-os\/abhrs\/\"]}]},{\"@type\":\"ImageObject\",\"inLanguage\":\"da-DK\",\"@id\":\"https:\/\/www.zontoshairclinic.com\/da\/om-os\/abhrs\/#primaryimage\",\"url\":\"https:\/\/www.zontoshairclinic.com\/wp-content\/uploads\/2022\/03\/abhrs__logo-300x142.webp\",\"contentUrl\":\"https:\/\/www.zontoshairclinic.com\/wp-content\/uploads\/2022\/03\/abhrs__logo-300x142.webp\"},{\"@type\":\"BreadcrumbList\",\"@id\":\"https:\/\/www.zontoshairclinic.com\/da\/om-os\/abhrs\/#breadcrumb\",\"itemListElement\":[{\"@type\":\"ListItem\",\"position\":1,\"name\":\"Home\",\"item\":\"https:\/\/www.zontoshairclinic.com\/da\/\"},{\"@type\":\"ListItem\",\"position\":2,\"name\":\"Om os\",\"item\":\"https:\/\/www.zontoshairclinic.com\/da\/om-os\/\"},{\"@type\":\"ListItem\",\"position\":3,\"name\":\"ABHRS\"}]},{\"@type\":\"WebSite\",\"@id\":\"https:\/\/www.zontoshairclinic.com\/da\/#website\",\"url\":\"https:\/\/www.zontoshairclinic.com\/da\/\",\"name\":\"zontoshairclinic.com\",\"description\":\"Zontos Hair Clinic\",\"potentialAction\":[{\"@type\":\"SearchAction\",\"target\":{\"@type\":\"EntryPoint\",\"urlTemplate\":\"https:\/\/www.zontoshairclinic.com\/da\/?s={search_term_string}\"},\"query-input\":{\"@type\":\"PropertyValueSpecification\",\"valueRequired\":true,\"valueName\":\"search_term_string\"}}],\"inLanguage\":\"da-DK\"}]}<\/script>\n<!-- \/ Yoast SEO plugin. -->","yoast_head_json":{"title":"ABHRS - zontoshairclinic.com","robots":{"index":"index","follow":"follow","max-snippet":"max-snippet:-1","max-image-preview":"max-image-preview:large","max-video-preview":"max-video-preview:-1"},"canonical":"https:\/\/www.zontoshairclinic.com\/da\/om-os\/abhrs\/","og_locale":"da_DK","og_type":"article","og_title":"ABHRS - zontoshairclinic.com","og_url":"https:\/\/www.zontoshairclinic.com\/da\/om-os\/abhrs\/","og_site_name":"zontoshairclinic.com","article_modified_time":"2022-04-26T08:56:42+00:00","og_image":[{"url":"https:\/\/www.zontoshairclinic.com\/wp-content\/uploads\/2022\/03\/abhrs__logo-300x142.webp","type":"","width":"","height":""}],"twitter_card":"summary_large_image","twitter_misc":{"Estimeret l\u00e6setid":"2 minutter"},"schema":{"@context":"https:\/\/schema.org","@graph":[{"@type":"WebPage","@id":"https:\/\/www.zontoshairclinic.com\/da\/om-os\/abhrs\/","url":"https:\/\/www.zontoshairclinic.com\/da\/om-os\/abhrs\/","name":"ABHRS - zontoshairclinic.com","isPartOf":{"@id":"https:\/\/www.zontoshairclinic.com\/da\/#website"},"primaryImageOfPage":{"@id":"https:\/\/www.zontoshairclinic.com\/da\/om-os\/abhrs\/#primaryimage"},"image":{"@id":"https:\/\/www.zontoshairclinic.com\/da\/om-os\/abhrs\/#primaryimage"},"thumbnailUrl":"https:\/\/www.zontoshairclinic.com\/wp-content\/uploads\/2022\/03\/abhrs__logo-300x142.webp","datePublished":"2022-03-21T09:13:44+00:00","dateModified":"2022-04-26T08:56:42+00:00","breadcrumb":{"@id":"https:\/\/www.zontoshairclinic.com\/da\/om-os\/abhrs\/#breadcrumb"},"inLanguage":"da-DK","potentialAction":[{"@type":"ReadAction","target":["https:\/\/www.zontoshairclinic.com\/da\/om-os\/abhrs\/"]}]},{"@type":"ImageObject","inLanguage":"da-DK","@id":"https:\/\/www.zontoshairclinic.com\/da\/om-os\/abhrs\/#primaryimage","url":"https:\/\/www.zontoshairclinic.com\/wp-content\/uploads\/2022\/03\/abhrs__logo-300x142.webp","contentUrl":"https:\/\/www.zontoshairclinic.com\/wp-content\/uploads\/2022\/03\/abhrs__logo-300x142.webp"},{"@type":"BreadcrumbList","@id":"https:\/\/www.zontoshairclinic.com\/da\/om-os\/abhrs\/#breadcrumb","itemListElement":[{"@type":"ListItem","position":1,"name":"Home","item":"https:\/\/www.zontoshairclinic.com\/da\/"},{"@type":"ListItem","position":2,"name":"Om os","item":"https:\/\/www.zontoshairclinic.com\/da\/om-os\/"},{"@type":"ListItem","position":3,"name":"ABHRS"}]},{"@type":"WebSite","@id":"https:\/\/www.zontoshairclinic.com\/da\/#website","url":"https:\/\/www.zontoshairclinic.com\/da\/","name":"zontoshairclinic.com","description":"Zontos Hair Clinic","potentialAction":[{"@type":"SearchAction","target":{"@type":"EntryPoint","urlTemplate":"https:\/\/www.zontoshairclinic.com\/da\/?s={search_term_string}"},"query-input":{"@type":"PropertyValueSpecification","valueRequired":true,"valueName":"search_term_string"}}],"inLanguage":"da-DK"}]}},"_links":{"self":[{"href":"https:\/\/www.zontoshairclinic.com\/da\/wp-json\/wp\/v2\/pages\/2172","targetHints":{"allow":["GET"]}}],"collection":[{"href":"https:\/\/www.zontoshairclinic.com\/da\/wp-json\/wp\/v2\/pages"}],"about":[{"href":"https:\/\/www.zontoshairclinic.com\/da\/wp-json\/wp\/v2\/types\/page"}],"author":[{"embeddable":true,"href":"https:\/\/www.zontoshairclinic.com\/da\/wp-json\/wp\/v2\/users\/2"}],"replies":[{"embeddable":true,"href":"https:\/\/www.zontoshairclinic.com\/da\/wp-json\/wp\/v2\/comments?post=2172"}],"version-history":[{"count":2,"href":"https:\/\/www.zontoshairclinic.com\/da\/wp-json\/wp\/v2\/pages\/2172\/revisions"}],"predecessor-version":[{"id":2174,"href":"https:\/\/www.zontoshairclinic.com\/da\/wp-json\/wp\/v2\/pages\/2172\/revisions\/2174"}],"up":[{"embeddable":true,"href":"https:\/\/www.zontoshairclinic.com\/da\/wp-json\/wp\/v2\/pages\/2149"}],"wp:attachment":[{"href":"https:\/\/www.zontoshairclinic.com\/da\/wp-json\/wp\/v2\/media?parent=2172"}],"curies":[{"name":"wp","href":"https:\/\/api.w.org\/{rel}","templated":true}]}}