{"id":2180,"date":"2022-03-21T11:56:40","date_gmt":"2022-03-21T09:56:40","guid":{"rendered":"https:\/\/www.zontoshairclinic.com\/om-os\/ishrs\/"},"modified":"2022-04-26T12:16:00","modified_gmt":"2022-04-26T09:16:00","slug":"ishrs","status":"publish","type":"page","link":"https:\/\/www.zontoshairclinic.com\/da\/om-os\/ishrs\/","title":{"rendered":"ISHRS"},"content":{"rendered":"<section class=\"l-section wpb_row top-header-img height_auto\"><div class=\"l-section-h i-cf\"><div class=\"g-cols vc_row via_grid cols_1 laptops-cols_inherit tablets-cols_inherit mobiles-cols_1 valign_top type_default stacking_default\"><div class=\"wpb_column vc_column_container\"><div class=\"vc_column-inner\"><div class=\"w-image us_custom_3dce2f07 align_center\"><div class=\"w-image-h\"><img loading=\"lazy\" decoding=\"async\" width=\"1217\" height=\"813\" src=\"https:\/\/www.zontoshairclinic.com\/wp-content\/uploads\/2022\/03\/ishrs__header.webp\" class=\"attachment-full size-full\" alt=\"\" loading=\"lazy\" srcset=\"https:\/\/www.zontoshairclinic.com\/wp-content\/uploads\/2022\/03\/ishrs__header.webp 1217w, https:\/\/www.zontoshairclinic.com\/wp-content\/uploads\/2022\/03\/ishrs__header-300x200.webp 300w, https:\/\/www.zontoshairclinic.com\/wp-content\/uploads\/2022\/03\/ishrs__header-1024x684.webp 1024w\" sizes=\"auto, (max-width: 1217px) 100vw, 1217px\" \/><\/div><\/div><\/div><\/div><\/div><\/div><\/section><section class=\"l-section wpb_row height_small\"><div class=\"l-section-h i-cf\"><div class=\"g-cols vc_row via_grid cols_1 laptops-cols_inherit tablets-cols_inherit mobiles-cols_1 valign_top type_default stacking_default\"><div class=\"wpb_column vc_column_container\"><div class=\"vc_column-inner\"><h1 class=\"w-text us_custom_31cea8a2 page-title-line\"><span class=\"w-text-h\"><span class=\"w-text-value\">ISHRS<br \/>\nInternational Society Of Hair Restoration Surgery<\/span><\/span><\/h1><div class=\"wpb_text_column\"><div class=\"wpb_wrapper\"><p><strong>Den internationale alliance af h\u00e5r restaurering kirurger.<\/strong><\/p>\n<p><img decoding=\"async\" class=\" wp-image-1691 alignleft\" src=\"https:\/\/www.zontoshairclinic.com\/wp-content\/uploads\/2022\/03\/about__ishrs-logo-300x203.webp\" alt=\"\" width=\"179\" height=\"121\" srcset=\"https:\/\/www.zontoshairclinic.com\/wp-content\/uploads\/2022\/03\/about__ishrs-logo-300x203.webp 300w, https:\/\/www.zontoshairclinic.com\/wp-content\/uploads\/2022\/03\/about__ishrs-logo.webp 512w\" sizes=\"(max-width: 179px) 100vw, 179px\" \/>Den Internationale Alliance af H\u00e5r Restaurering Kirurger (ISHRS) er en non-profit medicinsk forening og den f\u00f8rende myndighed inden for h\u00e5rrestaurering. Den har mere end 1.200 medlemmer i 70 lande over hele verden.<\/p>\n<ul>\n<li>ISHRS er dedikeret til at opn\u00e5 udm\u00e6rkelse i operationsresultater ved at fremme de h\u00f8jeste standarder i medicinsk praksis, medicinsk etik og forskning inden for medicinsk h\u00e5rrestaureringsindustri.<\/li>\n<li>ISHRS tilbyder videreuddannelse til l\u00e6ger, der er specialiserede i h\u00e5rtransplantationskirurgi, og er forpligtet til at give de nyeste o<\/li>\n<\/ul>\n<p>Oprettet i 1993 har det til form\u00e5l at fremme, p\u00e5 globalt plan, den kontinuerlige professionelle uddannelse og kvalitetsforbedring inden for h\u00e5rrestaureringskirurgi.<\/p>\n<p>ISHRS arrangerer verdenskongresser som en del af dens mission om at im\u00f8dekomme medlemmernes uddannelsesm\u00e6ssige behov og lukke kl\u00f8ften mellem nuv\u00e6rende og bedste praksis. Praksisorienterede, videnskabeligt baserede uddannelsesaktiviteter udf\u00f8res for at opretholde og fremme f\u00e6rdigheder og viden samt fremme videreuddannelse for sine medlemmer. M\u00e5let er forbedring af l\u00e6gekompetence og pr\u00e6stationer i praksis.  <\/p>\n<p>Dr Zontos er en af meget f\u00e5 kirurger, der underviser andre kirurger i FUE og kirurgi i h\u00e5rrestaurering. <\/p>\n<p>Dr Zontos er certificeret som Fellow af ISHRS, og som s\u00e5dan forel\u00e6ser han p\u00e5 ISHRS verdens kongresser og deltager i adskillige globale uddannelsesm\u00e6ssige, videnskabelige begivenheder og workshops.  En Fellow status anerkender h\u00e5rkirurgen, der str\u00e6ber efter ekspertise inden for dette specialiserede felt. For at opretholde denne status skal hver kirurg konstant opfylde alle de etablerede uddannelseskriterier. H\u00e5rrestaureringskirurgen skal pr\u00e6stere ekspertise p\u00e5 et specifikt niveau i forskellige aktiviteter s\u00e5som:<\/p>\n<\/div><\/div><\/div><\/div><\/div><\/div><\/section><section class=\"l-section wpb_row us_custom_cc30155e height_auto\"><div class=\"l-section-h i-cf\"><div class=\"g-cols vc_row via_grid cols_4 laptops-cols_inherit tablets-cols_inherit mobiles-cols_1 valign_top type_default stacking_default\"><div class=\"wpb_column vc_column_container\"><div class=\"vc_column-inner\"><div class=\"w-iconbox us_custom_a5c5e902 custom-icon iconpos_top style_default color_primary align_center no_text no_title icontype_img\"><div class=\"w-iconbox-icon\" style=\"font-size:5rem;\"><img decoding=\"async\" width=\"130\" height=\"130\" src=\"https:\/\/www.zontoshairclinic.com\/wp-content\/uploads\/2022\/03\/ishrs__icon_01.webp\" class=\"attachment-full size-full\" alt=\"\" \/><\/div><div class=\"w-iconbox-meta\"><\/div><\/div><div class=\"wpb_text_column us_custom_5d788d99\"><div class=\"wpb_wrapper\"><p style=\"text-align: center;\">At have en certificering af American Board of Hair Restoration (ABHRS)<\/p>\n<\/div><\/div><\/div><\/div><div class=\"wpb_column vc_column_container\"><div class=\"vc_column-inner\"><div class=\"w-iconbox us_custom_a5c5e902 custom-icon iconpos_top style_default color_primary align_center no_text no_title icontype_img\"><div class=\"w-iconbox-icon\" style=\"font-size:5rem;\"><img loading=\"lazy\" decoding=\"async\" width=\"130\" height=\"130\" src=\"https:\/\/www.zontoshairclinic.com\/wp-content\/uploads\/2022\/03\/ishrs__icon_02.webp\" class=\"attachment-full size-full\" alt=\"\" \/><\/div><div class=\"w-iconbox-meta\"><\/div><\/div><div class=\"wpb_text_column us_custom_5d788d99\"><div class=\"wpb_wrapper\"><p style=\"text-align: center;\">Udgivning af videnskabelige artikler<\/p>\n<\/div><\/div><\/div><\/div><div class=\"wpb_column vc_column_container\"><div class=\"vc_column-inner\"><div class=\"w-iconbox us_custom_a5c5e902 custom-icon iconpos_top style_default color_primary align_center no_text no_title icontype_img\"><div class=\"w-iconbox-icon\" style=\"font-size:5rem;\"><img loading=\"lazy\" decoding=\"async\" width=\"130\" height=\"130\" src=\"https:\/\/www.zontoshairclinic.com\/wp-content\/uploads\/2022\/03\/ishrs__icon_03.webp\" class=\"attachment-full size-full\" alt=\"\" \/><\/div><div class=\"w-iconbox-meta\"><\/div><\/div><div class=\"wpb_text_column us_custom_5d788d99\"><div class=\"wpb_wrapper\"><p style=\"text-align: center;\">Undervisning p\u00e5 akademiske workshops<\/p>\n<\/div><\/div><\/div><\/div><div class=\"wpb_column vc_column_container\"><div class=\"vc_column-inner\"><div class=\"w-iconbox us_custom_a5c5e902 custom-icon iconpos_top style_default color_primary align_center no_text no_title icontype_img\"><div class=\"w-iconbox-icon\" style=\"font-size:5rem;\"><img loading=\"lazy\" decoding=\"async\" width=\"130\" height=\"130\" src=\"https:\/\/www.zontoshairclinic.com\/wp-content\/uploads\/2022\/03\/ishrs__icon_04.webp\" class=\"attachment-full size-full\" alt=\"\" \/><\/div><div class=\"w-iconbox-meta\"><\/div><\/div><div class=\"wpb_text_column us_custom_5d788d99\"><div class=\"wpb_wrapper\"><p style=\"text-align: center;\">At p\u00e5tage sig leder- og uddannelsesstillinger<\/p>\n<\/div><\/div><\/div><\/div><\/div><\/div><\/section><section class=\"l-section wpb_row us_custom_0d3f1c9e img-same-size height_auto\"><div class=\"l-section-h i-cf\"><div class=\"g-cols vc_row via_grid cols_2 laptops-cols_inherit tablets-cols_inherit mobiles-cols_1 valign_top type_default stacking_default\"><div class=\"wpb_column vc_column_container\"><div class=\"vc_column-inner\"><div class=\"w-image align_center meta_simple\"><div class=\"w-image-h\"><img loading=\"lazy\" decoding=\"async\" width=\"900\" height=\"600\" src=\"https:\/\/www.zontoshairclinic.com\/wp-content\/uploads\/2022\/03\/ishrs__lecture1.webp\" class=\"attachment-full size-full\" alt=\"Dr. Zontos p\u00e5 ISHRS konference.\" loading=\"lazy\" srcset=\"https:\/\/www.zontoshairclinic.com\/wp-content\/uploads\/2022\/03\/ishrs__lecture1.webp 900w, https:\/\/www.zontoshairclinic.com\/wp-content\/uploads\/2022\/03\/ishrs__lecture1-300x200.webp 300w\" sizes=\"auto, (max-width: 900px) 100vw, 900px\" \/><\/div><div class=\"w-image-meta\"><div class=\"w-image-title\">Dr. Zontos p\u00e5 ISHRS konference.<\/div><\/div><\/div><\/div><\/div><div class=\"wpb_column vc_column_container\"><div class=\"vc_column-inner\"><div class=\"w-image align_center meta_simple\"><div class=\"w-image-h\"><img loading=\"lazy\" decoding=\"async\" width=\"900\" height=\"600\" src=\"https:\/\/www.zontoshairclinic.com\/wp-content\/uploads\/2022\/03\/ishrs__lecture2.webp\" class=\"attachment-full size-full\" alt=\"Dr. Zontos p\u00e5 ISHRS konference.\" loading=\"lazy\" srcset=\"https:\/\/www.zontoshairclinic.com\/wp-content\/uploads\/2022\/03\/ishrs__lecture2.webp 900w, https:\/\/www.zontoshairclinic.com\/wp-content\/uploads\/2022\/03\/ishrs__lecture2-300x200.webp 300w\" sizes=\"auto, (max-width: 900px) 100vw, 900px\" \/><\/div><div class=\"w-image-meta\"><div class=\"w-image-title\">Dr. Zontos p\u00e5 ISHRS konference.<\/div><\/div><\/div><\/div><\/div><\/div><\/div><\/section><section class=\"l-section wpb_row us_custom_6a2e7e2d img-same-size height_auto\"><div class=\"l-section-h i-cf\"><div class=\"g-cols vc_row via_grid cols_2 laptops-cols_inherit tablets-cols_inherit mobiles-cols_1 valign_top type_default stacking_default\"><div class=\"wpb_column vc_column_container\"><div class=\"vc_column-inner\"><div class=\"w-image align_center meta_simple\"><div class=\"w-image-h\"><img loading=\"lazy\" decoding=\"async\" width=\"900\" height=\"600\" src=\"https:\/\/www.zontoshairclinic.com\/wp-content\/uploads\/2022\/03\/ishrs__conference.webp\" class=\"attachment-full size-full\" alt=\"Dr. Zontos p\u00e5 ISHRS konference.\" loading=\"lazy\" srcset=\"https:\/\/www.zontoshairclinic.com\/wp-content\/uploads\/2022\/03\/ishrs__conference.webp 900w, https:\/\/www.zontoshairclinic.com\/wp-content\/uploads\/2022\/03\/ishrs__conference-300x200.webp 300w\" sizes=\"auto, (max-width: 900px) 100vw, 900px\" \/><\/div><div class=\"w-image-meta\"><div class=\"w-image-title\">Dr. Zontos p\u00e5 ISHRS konference.<\/div><\/div><\/div><\/div><\/div><div class=\"wpb_column vc_column_container\"><div class=\"vc_column-inner\"><div class=\"w-image align_center meta_simple\"><div class=\"w-image-h\"><img loading=\"lazy\" decoding=\"async\" width=\"600\" height=\"464\" src=\"https:\/\/www.zontoshairclinic.com\/wp-content\/uploads\/2022\/03\/ishrs__fellow.webp\" class=\"attachment-full size-full\" alt=\"Fellow status Certifikat af ISHRS\" loading=\"lazy\" srcset=\"https:\/\/www.zontoshairclinic.com\/wp-content\/uploads\/2022\/03\/ishrs__fellow.webp 600w, https:\/\/www.zontoshairclinic.com\/wp-content\/uploads\/2022\/03\/ishrs__fellow-300x232.webp 300w\" sizes=\"auto, (max-width: 600px) 100vw, 600px\" \/><\/div><div class=\"w-image-meta\"><div class=\"w-image-title\">Fellow status Certifikat af ISHRS<\/div><\/div><\/div><\/div><\/div><\/div><\/div><\/section><section class=\"l-section wpb_row us_custom_6a2e7e2d img-same-size height_auto\"><div class=\"l-section-h i-cf\"><div class=\"g-cols vc_row via_grid cols_2 laptops-cols_inherit tablets-cols_inherit mobiles-cols_1 valign_top type_default stacking_default\"><div class=\"wpb_column vc_column_container\"><div class=\"vc_column-inner\"><div class=\"w-image align_center meta_simple\"><div class=\"w-image-h\"><img loading=\"lazy\" decoding=\"async\" width=\"1000\" height=\"750\" src=\"https:\/\/www.zontoshairclinic.com\/wp-content\/uploads\/2022\/03\/ishrs__ishrsCommitee.webp\" class=\"attachment-full size-full\" alt=\"r. Zontos certifikat for deltagelse som komit\u00e9medlem p\u00e5 den 2016 World Congress Scientific Planning Committee.\" loading=\"lazy\" srcset=\"https:\/\/www.zontoshairclinic.com\/wp-content\/uploads\/2022\/03\/ishrs__ishrsCommitee.webp 1000w, https:\/\/www.zontoshairclinic.com\/wp-content\/uploads\/2022\/03\/ishrs__ishrsCommitee-300x225.webp 300w\" sizes=\"auto, (max-width: 1000px) 100vw, 1000px\" \/><\/div><div class=\"w-image-meta\"><div class=\"w-image-title\">r. Zontos certifikat for deltagelse som komit\u00e9medlem p\u00e5 den 2016 World Congress Scientific Planning Committee.<\/div><\/div><\/div><\/div><\/div><div class=\"wpb_column vc_column_container\"><div class=\"vc_column-inner\"><div class=\"w-image align_center meta_simple\"><div class=\"w-image-h\"><img loading=\"lazy\" decoding=\"async\" width=\"1920\" height=\"1358\" src=\"https:\/\/www.zontoshairclinic.com\/wp-content\/uploads\/2022\/03\/ishrs__member.webp\" class=\"attachment-full size-full\" alt=\"Dr Zontos-medlemskabsstatus af ISHRS\" loading=\"lazy\" srcset=\"https:\/\/www.zontoshairclinic.com\/wp-content\/uploads\/2022\/03\/ishrs__member.webp 1920w, https:\/\/www.zontoshairclinic.com\/wp-content\/uploads\/2022\/03\/ishrs__member-300x212.webp 300w, https:\/\/www.zontoshairclinic.com\/wp-content\/uploads\/2022\/03\/ishrs__member-1024x724.webp 1024w\" sizes=\"auto, (max-width: 1920px) 100vw, 1920px\" \/><\/div><div class=\"w-image-meta\"><div class=\"w-image-title\">Dr Zontos-medlemskabsstatus af ISHRS<\/div><\/div><\/div><\/div><\/div><\/div><\/div><\/section><section class=\"l-section wpb_row us_custom_856d843b height_auto\"><div class=\"l-section-h i-cf\"><div class=\"g-cols vc_row via_grid cols_1 laptops-cols_inherit tablets-cols_inherit mobiles-cols_1 valign_top type_default stacking_default\"><div class=\"wpb_column vc_column_container us_custom_af3f5308 has_text_color has_bg_color\"><div class=\"vc_column-inner\"><div class=\"wpb_text_column\"><div class=\"wpb_wrapper\"><blockquote>\n<p>Kun medlemmer, der opfylder ekstraordin\u00e6re uddannelseskriterier, f\u00e5r titlen som Fellow af den Internationale alliance af h\u00e5r restaurering kirurger (ISHRS). Det er en stor \u00e6re for et medlem at opn\u00e5 en Fellow-status af den Internationale Alliance af H\u00e5r Restaurering Kirurger (ISHRS).<\/p>\n<\/blockquote>\n<p style=\"text-align: right;\"><strong>Dr. Zontos <\/strong><\/p>\n<\/div><\/div><\/div><\/div><\/div><\/div><\/section>\n","protected":false},"excerpt":{"rendered":"ISHRS International Society Of Hair Restoration SurgeryDen internationale alliance af h\u00e5r restaurering kirurger. Den Internationale Alliance af H\u00e5r Restaurering Kirurger (ISHRS) er en non-profit medicinsk forening og den f\u00f8rende myndighed inden for h\u00e5rrestaurering. Den har mere end 1.200 medlemmer i 70 lande over hele verden. ISHRS er dedikeret til at opn\u00e5 udm\u00e6rkelse i operationsresultater ved...","protected":false},"author":2,"featured_media":0,"parent":2149,"menu_order":0,"comment_status":"closed","ping_status":"closed","template":"","meta":{"inline_featured_image":false,"footnotes":""},"class_list":["post-2180","page","type-page","status-publish","hentry"],"yoast_head":"<!-- This site is optimized with the Yoast SEO plugin v24.9 - https:\/\/yoast.com\/wordpress\/plugins\/seo\/ -->\n<title>ISHRS - zontoshairclinic.com<\/title>\n<meta name=\"robots\" content=\"index, follow, max-snippet:-1, max-image-preview:large, max-video-preview:-1\" \/>\n<link rel=\"canonical\" href=\"https:\/\/www.zontoshairclinic.com\/da\/om-os\/ishrs\/\" \/>\n<meta property=\"og:locale\" content=\"da_DK\" \/>\n<meta property=\"og:type\" content=\"article\" \/>\n<meta property=\"og:title\" content=\"ISHRS - zontoshairclinic.com\" \/>\n<meta property=\"og:url\" content=\"https:\/\/www.zontoshairclinic.com\/da\/om-os\/ishrs\/\" \/>\n<meta property=\"og:site_name\" content=\"zontoshairclinic.com\" \/>\n<meta property=\"article:modified_time\" content=\"2022-04-26T09:16:00+00:00\" \/>\n<meta property=\"og:image\" content=\"https:\/\/www.zontoshairclinic.com\/wp-content\/uploads\/2022\/03\/about__ishrs-logo-300x203.webp\" \/>\n<meta name=\"twitter:card\" content=\"summary_large_image\" \/>\n<meta name=\"twitter:label1\" content=\"Estimeret l\u00e6setid\" \/>\n\t<meta name=\"twitter:data1\" content=\"4 minutter\" \/>\n<script type=\"application\/ld+json\" class=\"yoast-schema-graph\">{\"@context\":\"https:\/\/schema.org\",\"@graph\":[{\"@type\":\"WebPage\",\"@id\":\"https:\/\/www.zontoshairclinic.com\/da\/om-os\/ishrs\/\",\"url\":\"https:\/\/www.zontoshairclinic.com\/da\/om-os\/ishrs\/\",\"name\":\"ISHRS - zontoshairclinic.com\",\"isPartOf\":{\"@id\":\"https:\/\/www.zontoshairclinic.com\/da\/#website\"},\"primaryImageOfPage\":{\"@id\":\"https:\/\/www.zontoshairclinic.com\/da\/om-os\/ishrs\/#primaryimage\"},\"image\":{\"@id\":\"https:\/\/www.zontoshairclinic.com\/da\/om-os\/ishrs\/#primaryimage\"},\"thumbnailUrl\":\"https:\/\/www.zontoshairclinic.com\/wp-content\/uploads\/2022\/03\/about__ishrs-logo-300x203.webp\",\"datePublished\":\"2022-03-21T09:56:40+00:00\",\"dateModified\":\"2022-04-26T09:16:00+00:00\",\"breadcrumb\":{\"@id\":\"https:\/\/www.zontoshairclinic.com\/da\/om-os\/ishrs\/#breadcrumb\"},\"inLanguage\":\"da-DK\",\"potentialAction\":[{\"@type\":\"ReadAction\",\"target\":[\"https:\/\/www.zontoshairclinic.com\/da\/om-os\/ishrs\/\"]}]},{\"@type\":\"ImageObject\",\"inLanguage\":\"da-DK\",\"@id\":\"https:\/\/www.zontoshairclinic.com\/da\/om-os\/ishrs\/#primaryimage\",\"url\":\"https:\/\/www.zontoshairclinic.com\/wp-content\/uploads\/2022\/03\/about__ishrs-logo-300x203.webp\",\"contentUrl\":\"https:\/\/www.zontoshairclinic.com\/wp-content\/uploads\/2022\/03\/about__ishrs-logo-300x203.webp\"},{\"@type\":\"BreadcrumbList\",\"@id\":\"https:\/\/www.zontoshairclinic.com\/da\/om-os\/ishrs\/#breadcrumb\",\"itemListElement\":[{\"@type\":\"ListItem\",\"position\":1,\"name\":\"Home\",\"item\":\"https:\/\/www.zontoshairclinic.com\/da\/\"},{\"@type\":\"ListItem\",\"position\":2,\"name\":\"Om os\",\"item\":\"https:\/\/www.zontoshairclinic.com\/da\/om-os\/\"},{\"@type\":\"ListItem\",\"position\":3,\"name\":\"ISHRS\"}]},{\"@type\":\"WebSite\",\"@id\":\"https:\/\/www.zontoshairclinic.com\/da\/#website\",\"url\":\"https:\/\/www.zontoshairclinic.com\/da\/\",\"name\":\"zontoshairclinic.com\",\"description\":\"Zontos Hair Clinic\",\"potentialAction\":[{\"@type\":\"SearchAction\",\"target\":{\"@type\":\"EntryPoint\",\"urlTemplate\":\"https:\/\/www.zontoshairclinic.com\/da\/?s={search_term_string}\"},\"query-input\":{\"@type\":\"PropertyValueSpecification\",\"valueRequired\":true,\"valueName\":\"search_term_string\"}}],\"inLanguage\":\"da-DK\"}]}<\/script>\n<!-- \/ Yoast SEO plugin. -->","yoast_head_json":{"title":"ISHRS - zontoshairclinic.com","robots":{"index":"index","follow":"follow","max-snippet":"max-snippet:-1","max-image-preview":"max-image-preview:large","max-video-preview":"max-video-preview:-1"},"canonical":"https:\/\/www.zontoshairclinic.com\/da\/om-os\/ishrs\/","og_locale":"da_DK","og_type":"article","og_title":"ISHRS - zontoshairclinic.com","og_url":"https:\/\/www.zontoshairclinic.com\/da\/om-os\/ishrs\/","og_site_name":"zontoshairclinic.com","article_modified_time":"2022-04-26T09:16:00+00:00","og_image":[{"url":"https:\/\/www.zontoshairclinic.com\/wp-content\/uploads\/2022\/03\/about__ishrs-logo-300x203.webp","type":"","width":"","height":""}],"twitter_card":"summary_large_image","twitter_misc":{"Estimeret l\u00e6setid":"4 minutter"},"schema":{"@context":"https:\/\/schema.org","@graph":[{"@type":"WebPage","@id":"https:\/\/www.zontoshairclinic.com\/da\/om-os\/ishrs\/","url":"https:\/\/www.zontoshairclinic.com\/da\/om-os\/ishrs\/","name":"ISHRS - zontoshairclinic.com","isPartOf":{"@id":"https:\/\/www.zontoshairclinic.com\/da\/#website"},"primaryImageOfPage":{"@id":"https:\/\/www.zontoshairclinic.com\/da\/om-os\/ishrs\/#primaryimage"},"image":{"@id":"https:\/\/www.zontoshairclinic.com\/da\/om-os\/ishrs\/#primaryimage"},"thumbnailUrl":"https:\/\/www.zontoshairclinic.com\/wp-content\/uploads\/2022\/03\/about__ishrs-logo-300x203.webp","datePublished":"2022-03-21T09:56:40+00:00","dateModified":"2022-04-26T09:16:00+00:00","breadcrumb":{"@id":"https:\/\/www.zontoshairclinic.com\/da\/om-os\/ishrs\/#breadcrumb"},"inLanguage":"da-DK","potentialAction":[{"@type":"ReadAction","target":["https:\/\/www.zontoshairclinic.com\/da\/om-os\/ishrs\/"]}]},{"@type":"ImageObject","inLanguage":"da-DK","@id":"https:\/\/www.zontoshairclinic.com\/da\/om-os\/ishrs\/#primaryimage","url":"https:\/\/www.zontoshairclinic.com\/wp-content\/uploads\/2022\/03\/about__ishrs-logo-300x203.webp","contentUrl":"https:\/\/www.zontoshairclinic.com\/wp-content\/uploads\/2022\/03\/about__ishrs-logo-300x203.webp"},{"@type":"BreadcrumbList","@id":"https:\/\/www.zontoshairclinic.com\/da\/om-os\/ishrs\/#breadcrumb","itemListElement":[{"@type":"ListItem","position":1,"name":"Home","item":"https:\/\/www.zontoshairclinic.com\/da\/"},{"@type":"ListItem","position":2,"name":"Om os","item":"https:\/\/www.zontoshairclinic.com\/da\/om-os\/"},{"@type":"ListItem","position":3,"name":"ISHRS"}]},{"@type":"WebSite","@id":"https:\/\/www.zontoshairclinic.com\/da\/#website","url":"https:\/\/www.zontoshairclinic.com\/da\/","name":"zontoshairclinic.com","description":"Zontos Hair Clinic","potentialAction":[{"@type":"SearchAction","target":{"@type":"EntryPoint","urlTemplate":"https:\/\/www.zontoshairclinic.com\/da\/?s={search_term_string}"},"query-input":{"@type":"PropertyValueSpecification","valueRequired":true,"valueName":"search_term_string"}}],"inLanguage":"da-DK"}]}},"_links":{"self":[{"href":"https:\/\/www.zontoshairclinic.com\/da\/wp-json\/wp\/v2\/pages\/2180","targetHints":{"allow":["GET"]}}],"collection":[{"href":"https:\/\/www.zontoshairclinic.com\/da\/wp-json\/wp\/v2\/pages"}],"about":[{"href":"https:\/\/www.zontoshairclinic.com\/da\/wp-json\/wp\/v2\/types\/page"}],"author":[{"embeddable":true,"href":"https:\/\/www.zontoshairclinic.com\/da\/wp-json\/wp\/v2\/users\/2"}],"replies":[{"embeddable":true,"href":"https:\/\/www.zontoshairclinic.com\/da\/wp-json\/wp\/v2\/comments?post=2180"}],"version-history":[{"count":2,"href":"https:\/\/www.zontoshairclinic.com\/da\/wp-json\/wp\/v2\/pages\/2180\/revisions"}],"predecessor-version":[{"id":2182,"href":"https:\/\/www.zontoshairclinic.com\/da\/wp-json\/wp\/v2\/pages\/2180\/revisions\/2182"}],"up":[{"embeddable":true,"href":"https:\/\/www.zontoshairclinic.com\/da\/wp-json\/wp\/v2\/pages\/2149"}],"wp:attachment":[{"href":"https:\/\/www.zontoshairclinic.com\/da\/wp-json\/wp\/v2\/media?parent=2180"}],"curies":[{"name":"wp","href":"https:\/\/api.w.org\/{rel}","templated":true}]}}