{"id":2197,"date":"2022-03-18T13:56:01","date_gmt":"2022-03-18T11:56:01","guid":{"rendered":"https:\/\/www.zontoshairclinic.com\/om-os\/medicinsk-hold\/"},"modified":"2025-06-19T14:47:44","modified_gmt":"2025-06-19T11:47:44","slug":"medicinsk-hold","status":"publish","type":"page","link":"https:\/\/www.zontoshairclinic.com\/da\/om-os\/medicinsk-hold\/","title":{"rendered":"Medicinsk hold"},"content":{"rendered":"<section class=\"l-section wpb_row height_small\"><div class=\"l-section-h i-cf\"><div class=\"g-cols vc_row via_grid cols_1 laptops-cols_inherit tablets-cols_inherit mobiles-cols_1 valign_top type_default stacking_default\"><div class=\"wpb_column vc_column_container\"><div class=\"vc_column-inner\"><h1 class=\"w-text us_custom_31cea8a2 page-title-line\"><span class=\"w-text-h\"><span class=\"w-text-value\">Medicinsk team<\/span><\/span><\/h1><\/div><\/div><\/div><\/div><\/section><section class=\"l-section wpb_row height_auto\"><div class=\"l-section-h i-cf\"><div class=\"g-cols vc_row via_grid cols_1-3 laptops-cols_inherit tablets-cols_inherit mobiles-cols_1 valign_middle type_default stacking_default\"><div class=\"wpb_column vc_column_container\"><div class=\"vc_column-inner\"><div class=\"w-image us_custom_fca8cc99 align_none\"><div class=\"w-image-h\"><img loading=\"lazy\" decoding=\"async\" width=\"680\" height=\"1024\" src=\"https:\/\/www.zontoshairclinic.com\/wp-content\/uploads\/2025\/06\/DSD_7880-680x1024.jpg\" class=\"attachment-large size-large\" alt=\"\" loading=\"lazy\" srcset=\"https:\/\/www.zontoshairclinic.com\/wp-content\/uploads\/2025\/06\/DSD_7880-680x1024.jpg 680w, https:\/\/www.zontoshairclinic.com\/wp-content\/uploads\/2025\/06\/DSD_7880-199x300.jpg 199w, https:\/\/www.zontoshairclinic.com\/wp-content\/uploads\/2025\/06\/DSD_7880.jpg 1424w\" sizes=\"auto, (max-width: 680px) 100vw, 680px\" \/><\/div><\/div><\/div><\/div><div class=\"wpb_column vc_column_container\"><div class=\"vc_column-inner\"><h2 class=\"w-text us_custom_49f317a8\"><span class=\"w-text-h\"><span class=\"w-text-value\">Dr Andreas Merkoureas, M.D. \u2013 Dermatologist \u2013 Venereologist \u2013 Dermatologic Surgeon<\/span><\/span><\/h2><div class=\"w-separator size_small\"><\/div><h3 class=\"w-text us_custom_a5c88937\"><span class=\"w-text-h\"><span class=\"w-text-value\">Scientific Director of ZONTOS HAIR &amp; SKIN CLINIC<\/span><\/span><\/h3><div class=\"w-separator size_small\"><\/div><div class=\"wpb_text_column\"><div class=\"wpb_wrapper\"><p data-start=\"195\" data-end=\"353\">Dr. Andreas Merkour\u00e9as is a board-certified dermatologist and venereologist, specialized in dermatologic surgery, aesthetic dermatology, and skin allergology.<\/p>\n<p data-start=\"355\" data-end=\"569\">He graduated in 2011 from the Medical School of the University of Crete and subsequently worked at the Internal Medicine Department and Intensive Care Unit of the Regional Hospital of Siegen in Germany (2011\u20132013).<\/p>\n<p data-start=\"571\" data-end=\"1030\">From 2013 to 2015, he completed his residency at the University Dermatology Clinic (Universit\u00e4tshautklinik) in Homburg, Saarland, Germany. His training included the treatment of severe and autoimmune dermatological diseases, as well as advanced surgical techniques for skin cancer management. He is a PhD candidate at Saarland University and has also provided long-standing academic instruction to medical students in the field of dermatology and venereology.<\/p>\n<p data-start=\"1032\" data-end=\"1165\">Since 2019, he has held the official German certification of specialization in Skin Allergology (Zusatzbezeichnung f\u00fcr Allergologie).<\/p>\n<p data-start=\"1167\" data-end=\"1582\">As a dermatology consultant, he has worked in private clinics in Karlsruhe and Mannheim, Germany, with a focus on dermatologic surgery for benign and malignant skin tumors, as well as aesthetic dermatology using laser treatments, Botox, and hyaluronic acid fillers. In 2020, he returned to Greece and currently serves as the scientific director of the Beauty Med dermatology clinics in Kifisia and Acharnes, Athens.<\/p>\n<p data-start=\"1584\" data-end=\"2024\">With over a decade of European experience, he now offers a full range of modern, up-to-date services at his private practice, <em data-start=\"1710\" data-end=\"1726\">Dermatologicum<\/em>. These services span the entire spectrum of clinical, surgical, and aesthetic dermatology. In the field of aesthetic medicine, he specializes in innovative treatments such as non-surgical facial rejuvenation using \u201cLiquid Lifting\u201d techniques (Liquid Lifting \/ Face Remodeling \/ Scalpel-free Lift).<\/p>\n<\/div><\/div><div class=\"w-separator size_small\"><\/div><div class=\"w-btn-wrapper align_none\"><a class=\"w-btn us-btn-style_1 us_custom_e0e7e7bc icon_atright\" target=\"_blank\" rel=\"nofollow\" href=\"https:\/\/zontos-hair-clinic.philanthropy.gr\/wp-content\/uploads\/2022\/03\/CV_Vernikos.pdf\"><span class=\"w-btn-label\">Download pdf filen<\/span><i class=\"fas fa-arrow-right\"><\/i><\/a><\/div><\/div><\/div><\/div><\/div><\/section><section class=\"l-section wpb_row us_custom_3e2203ad height_auto\"><div class=\"l-section-h i-cf\"><div class=\"g-cols vc_row via_grid cols_1-3 laptops-cols_inherit tablets-cols_inherit mobiles-cols_1 valign_middle type_default stacking_default\"><div class=\"wpb_column vc_column_container\"><div class=\"vc_column-inner\"><div class=\"w-image us_custom_fca8cc99 align_none\"><div class=\"w-image-h\"><img loading=\"lazy\" decoding=\"async\" width=\"683\" height=\"1024\" src=\"https:\/\/www.zontoshairclinic.com\/wp-content\/uploads\/2022\/03\/team__illona-683x1024.webp\" class=\"attachment-large size-large\" alt=\"\" loading=\"lazy\" srcset=\"https:\/\/www.zontoshairclinic.com\/wp-content\/uploads\/2022\/03\/team__illona-683x1024.webp 683w, https:\/\/www.zontoshairclinic.com\/wp-content\/uploads\/2022\/03\/team__illona-200x300.webp 200w, https:\/\/www.zontoshairclinic.com\/wp-content\/uploads\/2022\/03\/team__illona.webp 1365w\" sizes=\"auto, (max-width: 683px) 100vw, 683px\" \/><\/div><\/div><\/div><\/div><div class=\"wpb_column vc_column_container\"><div class=\"vc_column-inner\"><h2 class=\"w-text us_custom_49f317a8\"><span class=\"w-text-h\"><span class=\"w-text-value\">Ilona Shchur<\/span><\/span><\/h2><div class=\"w-separator size_small\"><\/div><div class=\"wpb_text_column\"><div class=\"wpb_wrapper\"><p>Ilona Shchur har v\u00e6ret medlem af Dr. Zontos &#8216;medicinske hold siden 2003. Hun har deltaget i seks verdenskonferencer arrangeret af den internationale alliance af h\u00e5r restaurerings kirurger (IHSRS) og tre IHSRS Uddannelses Workshops som fakultetsmedlem. Hun har samarbejdet med h\u00e5rtransplantationsklinikker i Frankrig, Italien, Israel, Sydafrika, Gr\u00e6kenland, Portugal og Danmark og har lang erfaring som assistent ved h\u00e5rtransplantationsoperationer. Hun er certificeret som Basic Life Support (BLS), og hun er ogs\u00e5 ansvarlig for uddannelse af uerfarne h\u00e5rteknikere. Ilona er en dygtig Scalp Micropigmentation-kunstner og blev akkrediteret i London i 2018.<\/p>\n<\/div><\/div><\/div><\/div><\/div><\/div><\/section><section class=\"l-section wpb_row us_custom_3e2203ad height_auto\"><div class=\"l-section-h i-cf\"><div class=\"g-cols vc_row via_grid cols_1-3 laptops-cols_inherit tablets-cols_inherit mobiles-cols_1 valign_middle type_default stacking_default\"><div class=\"wpb_column vc_column_container\"><div class=\"vc_column-inner\"><div class=\"w-image us_custom_fca8cc99 align_none\"><div class=\"w-image-h\"><img loading=\"lazy\" decoding=\"async\" width=\"683\" height=\"1024\" src=\"https:\/\/www.zontoshairclinic.com\/wp-content\/uploads\/2022\/03\/team__ifigenia-683x1024.webp\" class=\"attachment-large size-large\" alt=\"\" loading=\"lazy\" srcset=\"https:\/\/www.zontoshairclinic.com\/wp-content\/uploads\/2022\/03\/team__ifigenia-683x1024.webp 683w, https:\/\/www.zontoshairclinic.com\/wp-content\/uploads\/2022\/03\/team__ifigenia-200x300.webp 200w, https:\/\/www.zontoshairclinic.com\/wp-content\/uploads\/2022\/03\/team__ifigenia.webp 1365w\" sizes=\"auto, (max-width: 683px) 100vw, 683px\" \/><\/div><\/div><\/div><\/div><div class=\"wpb_column vc_column_container\"><div class=\"vc_column-inner\"><h2 class=\"w-text us_custom_49f317a8\"><span class=\"w-text-h\"><span class=\"w-text-value\">Iphigenia Protopapa<\/span><\/span><\/h2><div class=\"w-separator size_small\"><\/div><div class=\"wpb_text_column\"><div class=\"wpb_wrapper\"><p>Iphigenia har v\u00e6ret medlem af Dr. Zontos &#8216;medicinske hold siden 2012. Hun dimitterede med udm\u00e6rkelse fra sygeplejeskolen ved Peloponnesiens Universitet. Hun tilsluttede sig holdet efter en grundig tr\u00e6ning i h\u00e5rtransplantationsteknikker organiseret af Dr. Zontos. Hun er certificeret som Basic Life Support (BLS), Immediate Life Support (ILS) og Advanced Trauma Treatment (ATT). Hun har arbejdet i Danmark og Skotland og har deltaget i konferencer og uddannelsesseminarier arrangeret af den Internationale alliance af h\u00e5r restaurerings kirurger (IHSRS) og den gr\u00e6ske sygeplejerske forening (HRBN). Hun har h\u00f8je organisations og kommunikationsevner, og hun er altid glad for at hj\u00e6lpe patienter og tilbyde den bedste pleje.<\/p>\n<\/div><\/div><\/div><\/div><\/div><\/div><\/section><section class=\"l-section wpb_row us_custom_3e2203ad height_auto\"><div class=\"l-section-h i-cf\"><div class=\"g-cols vc_row via_grid cols_1-3 laptops-cols_inherit tablets-cols_inherit mobiles-cols_1 valign_middle type_default stacking_default\"><div class=\"wpb_column vc_column_container\"><div class=\"vc_column-inner\"><div class=\"w-image us_custom_fca8cc99 align_none\"><div class=\"w-image-h\"><img loading=\"lazy\" decoding=\"async\" width=\"683\" height=\"1024\" src=\"https:\/\/www.zontoshairclinic.com\/wp-content\/uploads\/2022\/05\/anna-karagianni.jpg\" class=\"attachment-large size-large\" alt=\"\" loading=\"lazy\" srcset=\"https:\/\/www.zontoshairclinic.com\/wp-content\/uploads\/2022\/05\/anna-karagianni.jpg 683w, https:\/\/www.zontoshairclinic.com\/wp-content\/uploads\/2022\/05\/anna-karagianni-200x300.jpg 200w\" sizes=\"auto, (max-width: 683px) 100vw, 683px\" \/><\/div><\/div><\/div><\/div><div class=\"wpb_column vc_column_container\"><div class=\"vc_column-inner\"><h2 class=\"w-text us_custom_49f317a8\"><span class=\"w-text-h\"><span class=\"w-text-value\">Anna Karagianni<\/span><\/span><\/h2><div class=\"w-separator size_small\"><\/div><div class=\"wpb_text_column\"><div class=\"wpb_wrapper\"><p>Anna has been a member of dr Zontos medical team since 2017. After graduating from the International and European Studies department of the University of Piraeus, she was trained as a hair transplantation technician by Dr.Zontos, in Denmark. She is certified in Basic Life Support (BLS) and attended training seminars organized by the IsHRS. Further to her skills, she has worked at Bioiatriki as a Anna has been a member of dr Zontos medical team since 2017. After graduating from the International and European Studies department of the University of Piraeus, she was trained as a hair transplantation technician by Dr.Zontos, in Denmark. She is certified in Basic Life Support (BLS) and attended training seminars organized by the ISHRS. Further to her practical and theoretical skills, she has worked at Bioiatriki as a health coordinator, and parallel to this became proficient in a number of computer programs which has enhanced her capacity to create an organized working environment for the clinic.<\/p>\n<\/div><\/div><\/div><\/div><\/div><\/div><\/section><section class=\"l-section wpb_row us_custom_3e2203ad height_auto\"><div class=\"l-section-h i-cf\"><div class=\"g-cols vc_row via_grid cols_1 laptops-cols_inherit tablets-cols_inherit mobiles-cols_1 valign_top type_default stacking_default\"><div class=\"wpb_column vc_column_container\"><div class=\"vc_column-inner\"><h3 class=\"w-text us_custom_aa1aee10\"><span class=\"w-text-h\"><span class=\"w-text-value\">Hvorfor v\u00e6lge Dr. Zontos H\u00e5rklinik?<\/span><\/span><\/h3><\/div><\/div><\/div><\/div><\/section><section class=\"l-section wpb_row us_custom_3e2203ad five-col height_auto\"><div class=\"l-section-h i-cf\"><div class=\"g-cols vc_row via_grid cols_6 laptops-cols_inherit tablets-cols_inherit mobiles-cols_1 valign_top type_default stacking_default\"><div class=\"wpb_column vc_column_container\"><div class=\"vc_column-inner\"><div class=\"w-iconbox us_custom_a5c5e902 custom-icon iconpos_top style_default color_primary align_center no_text no_title icontype_img\"><div class=\"w-iconbox-icon\" style=\"font-size:5rem;\"><img decoding=\"async\" width=\"130\" height=\"130\" src=\"https:\/\/www.zontoshairclinic.com\/wp-content\/uploads\/2022\/03\/team__icon_01.webp\" class=\"attachment-full size-full\" alt=\"\" \/><\/div><div class=\"w-iconbox-meta\"><\/div><\/div><div class=\"wpb_text_column us_custom_e34bd7f1\"><div class=\"wpb_wrapper\"><p style=\"text-align: center;\">Dr. Zontos er en internationalt anerkendt h\u00e5rtransplantationskirurg og forsker<\/p>\n<\/div><\/div><\/div><\/div><div class=\"wpb_column vc_column_container\"><div class=\"vc_column-inner\"><div class=\"w-iconbox us_custom_a5c5e902 custom-icon iconpos_top style_default color_primary align_center no_text no_title icontype_img\"><div class=\"w-iconbox-icon\" style=\"font-size:5rem;\"><img decoding=\"async\" width=\"130\" height=\"130\" src=\"https:\/\/www.zontoshairclinic.com\/wp-content\/uploads\/2022\/03\/team__icon_02.webp\" class=\"attachment-full size-full\" alt=\"\" \/><\/div><div class=\"w-iconbox-meta\"><\/div><\/div><div class=\"wpb_text_column us_custom_e34bd7f1\"><div class=\"wpb_wrapper\"><p>Et h\u00f8jt uddannet medicinsk hold er ved din side<\/p>\n<\/div><\/div><\/div><\/div><div class=\"wpb_column vc_column_container\"><div class=\"vc_column-inner\"><div class=\"w-iconbox us_custom_a5c5e902 custom-icon iconpos_top style_default color_primary align_center no_text no_title icontype_img\"><div class=\"w-iconbox-icon\" style=\"font-size:5rem;\"><img decoding=\"async\" width=\"130\" height=\"130\" src=\"https:\/\/www.zontoshairclinic.com\/wp-content\/uploads\/2022\/03\/team__icon_03.webp\" class=\"attachment-full size-full\" alt=\"\" \/><\/div><div class=\"w-iconbox-meta\"><\/div><\/div><div class=\"wpb_text_column us_custom_e34bd7f1\"><div class=\"wpb_wrapper\"><p>Din sikkerhed er garanteret, og du f\u00e5r et naturligt \u00e6stetisk resultat<\/p>\n<\/div><\/div><\/div><\/div><div class=\"wpb_column vc_column_container\"><div class=\"vc_column-inner\"><div class=\"w-iconbox us_custom_a5c5e902 custom-icon iconpos_top style_default color_primary align_center no_text no_title icontype_img\"><div class=\"w-iconbox-icon\" style=\"font-size:5rem;\"><img loading=\"lazy\" decoding=\"async\" width=\"130\" height=\"130\" src=\"https:\/\/www.zontoshairclinic.com\/wp-content\/uploads\/2022\/03\/team__icon_04.webp\" class=\"attachment-full size-full\" alt=\"\" \/><\/div><div class=\"w-iconbox-meta\"><\/div><\/div><div class=\"wpb_text_column us_custom_e34bd7f1\"><div class=\"wpb_wrapper\"><p>Banebrydende medicinsk udstyr sikrer optimale resultater og patientkomfort<\/p>\n<\/div><\/div><\/div><\/div><div class=\"wpb_column vc_column_container\"><div class=\"vc_column-inner\"><div class=\"w-iconbox us_custom_a5c5e902 custom-icon iconpos_top style_default color_primary align_center no_text no_title icontype_img\"><div class=\"w-iconbox-icon\" style=\"font-size:5rem;\"><img loading=\"lazy\" decoding=\"async\" width=\"130\" height=\"130\" src=\"https:\/\/www.zontoshairclinic.com\/wp-content\/uploads\/2022\/03\/team__icon_05.webp\" class=\"attachment-full size-full\" alt=\"\" \/><\/div><div class=\"w-iconbox-meta\"><\/div><\/div><div class=\"wpb_text_column us_custom_e34bd7f1\"><div class=\"wpb_wrapper\"><p>Operationer udf\u00f8res udelukkende af Dr. Zontos<\/p>\n<\/div><\/div><\/div><\/div><div class=\"wpb_column vc_column_container\"><div class=\"vc_column-inner\"><\/div><\/div><\/div><\/div><\/section>\n","protected":false},"excerpt":{"rendered":"Medicinsk teamDr Andreas Merkoureas, M.D. \u2013 Dermatologist \u2013 Venereologist \u2013 Dermatologic SurgeonScientific Director of ZONTOS HAIR &amp; SKIN CLINICDr. Andreas Merkour\u00e9as is a board-certified dermatologist and venereologist, specialized in dermatologic surgery, aesthetic dermatology, and skin allergology. He graduated in 2011 from the Medical School of the University of Crete and subsequently worked at the Internal...","protected":false},"author":2,"featured_media":0,"parent":2149,"menu_order":0,"comment_status":"closed","ping_status":"closed","template":"","meta":{"inline_featured_image":false,"footnotes":""},"class_list":["post-2197","page","type-page","status-publish","hentry"],"yoast_head":"<!-- This site is optimized with the Yoast SEO plugin v24.9 - https:\/\/yoast.com\/wordpress\/plugins\/seo\/ -->\n<title>Medicinsk hold - zontoshairclinic.com<\/title>\n<meta name=\"robots\" content=\"index, follow, max-snippet:-1, max-image-preview:large, max-video-preview:-1\" \/>\n<link rel=\"canonical\" href=\"https:\/\/www.zontoshairclinic.com\/da\/om-os\/medicinsk-hold\/\" \/>\n<meta property=\"og:locale\" content=\"da_DK\" \/>\n<meta property=\"og:type\" content=\"article\" \/>\n<meta property=\"og:title\" content=\"Medicinsk hold - zontoshairclinic.com\" \/>\n<meta property=\"og:url\" content=\"https:\/\/www.zontoshairclinic.com\/da\/om-os\/medicinsk-hold\/\" \/>\n<meta property=\"og:site_name\" content=\"zontoshairclinic.com\" \/>\n<meta property=\"article:modified_time\" content=\"2025-06-19T11:47:44+00:00\" \/>\n<meta name=\"twitter:card\" content=\"summary_large_image\" \/>\n<meta name=\"twitter:label1\" content=\"Estimeret l\u00e6setid\" \/>\n\t<meta name=\"twitter:data1\" content=\"5 minutter\" \/>\n<script type=\"application\/ld+json\" class=\"yoast-schema-graph\">{\"@context\":\"https:\/\/schema.org\",\"@graph\":[{\"@type\":\"WebPage\",\"@id\":\"https:\/\/www.zontoshairclinic.com\/da\/om-os\/medicinsk-hold\/\",\"url\":\"https:\/\/www.zontoshairclinic.com\/da\/om-os\/medicinsk-hold\/\",\"name\":\"Medicinsk hold - zontoshairclinic.com\",\"isPartOf\":{\"@id\":\"https:\/\/www.zontoshairclinic.com\/da\/#website\"},\"datePublished\":\"2022-03-18T11:56:01+00:00\",\"dateModified\":\"2025-06-19T11:47:44+00:00\",\"breadcrumb\":{\"@id\":\"https:\/\/www.zontoshairclinic.com\/da\/om-os\/medicinsk-hold\/#breadcrumb\"},\"inLanguage\":\"da-DK\",\"potentialAction\":[{\"@type\":\"ReadAction\",\"target\":[\"https:\/\/www.zontoshairclinic.com\/da\/om-os\/medicinsk-hold\/\"]}]},{\"@type\":\"BreadcrumbList\",\"@id\":\"https:\/\/www.zontoshairclinic.com\/da\/om-os\/medicinsk-hold\/#breadcrumb\",\"itemListElement\":[{\"@type\":\"ListItem\",\"position\":1,\"name\":\"Home\",\"item\":\"https:\/\/www.zontoshairclinic.com\/da\/\"},{\"@type\":\"ListItem\",\"position\":2,\"name\":\"Om os\",\"item\":\"https:\/\/www.zontoshairclinic.com\/da\/om-os\/\"},{\"@type\":\"ListItem\",\"position\":3,\"name\":\"Medicinsk hold\"}]},{\"@type\":\"WebSite\",\"@id\":\"https:\/\/www.zontoshairclinic.com\/da\/#website\",\"url\":\"https:\/\/www.zontoshairclinic.com\/da\/\",\"name\":\"zontoshairclinic.com\",\"description\":\"Zontos Hair Clinic\",\"potentialAction\":[{\"@type\":\"SearchAction\",\"target\":{\"@type\":\"EntryPoint\",\"urlTemplate\":\"https:\/\/www.zontoshairclinic.com\/da\/?s={search_term_string}\"},\"query-input\":{\"@type\":\"PropertyValueSpecification\",\"valueRequired\":true,\"valueName\":\"search_term_string\"}}],\"inLanguage\":\"da-DK\"}]}<\/script>\n<!-- \/ Yoast SEO plugin. -->","yoast_head_json":{"title":"Medicinsk hold - zontoshairclinic.com","robots":{"index":"index","follow":"follow","max-snippet":"max-snippet:-1","max-image-preview":"max-image-preview:large","max-video-preview":"max-video-preview:-1"},"canonical":"https:\/\/www.zontoshairclinic.com\/da\/om-os\/medicinsk-hold\/","og_locale":"da_DK","og_type":"article","og_title":"Medicinsk hold - zontoshairclinic.com","og_url":"https:\/\/www.zontoshairclinic.com\/da\/om-os\/medicinsk-hold\/","og_site_name":"zontoshairclinic.com","article_modified_time":"2025-06-19T11:47:44+00:00","twitter_card":"summary_large_image","twitter_misc":{"Estimeret l\u00e6setid":"5 minutter"},"schema":{"@context":"https:\/\/schema.org","@graph":[{"@type":"WebPage","@id":"https:\/\/www.zontoshairclinic.com\/da\/om-os\/medicinsk-hold\/","url":"https:\/\/www.zontoshairclinic.com\/da\/om-os\/medicinsk-hold\/","name":"Medicinsk hold - zontoshairclinic.com","isPartOf":{"@id":"https:\/\/www.zontoshairclinic.com\/da\/#website"},"datePublished":"2022-03-18T11:56:01+00:00","dateModified":"2025-06-19T11:47:44+00:00","breadcrumb":{"@id":"https:\/\/www.zontoshairclinic.com\/da\/om-os\/medicinsk-hold\/#breadcrumb"},"inLanguage":"da-DK","potentialAction":[{"@type":"ReadAction","target":["https:\/\/www.zontoshairclinic.com\/da\/om-os\/medicinsk-hold\/"]}]},{"@type":"BreadcrumbList","@id":"https:\/\/www.zontoshairclinic.com\/da\/om-os\/medicinsk-hold\/#breadcrumb","itemListElement":[{"@type":"ListItem","position":1,"name":"Home","item":"https:\/\/www.zontoshairclinic.com\/da\/"},{"@type":"ListItem","position":2,"name":"Om os","item":"https:\/\/www.zontoshairclinic.com\/da\/om-os\/"},{"@type":"ListItem","position":3,"name":"Medicinsk hold"}]},{"@type":"WebSite","@id":"https:\/\/www.zontoshairclinic.com\/da\/#website","url":"https:\/\/www.zontoshairclinic.com\/da\/","name":"zontoshairclinic.com","description":"Zontos Hair Clinic","potentialAction":[{"@type":"SearchAction","target":{"@type":"EntryPoint","urlTemplate":"https:\/\/www.zontoshairclinic.com\/da\/?s={search_term_string}"},"query-input":{"@type":"PropertyValueSpecification","valueRequired":true,"valueName":"search_term_string"}}],"inLanguage":"da-DK"}]}},"_links":{"self":[{"href":"https:\/\/www.zontoshairclinic.com\/da\/wp-json\/wp\/v2\/pages\/2197","targetHints":{"allow":["GET"]}}],"collection":[{"href":"https:\/\/www.zontoshairclinic.com\/da\/wp-json\/wp\/v2\/pages"}],"about":[{"href":"https:\/\/www.zontoshairclinic.com\/da\/wp-json\/wp\/v2\/types\/page"}],"author":[{"embeddable":true,"href":"https:\/\/www.zontoshairclinic.com\/da\/wp-json\/wp\/v2\/users\/2"}],"replies":[{"embeddable":true,"href":"https:\/\/www.zontoshairclinic.com\/da\/wp-json\/wp\/v2\/comments?post=2197"}],"version-history":[{"count":7,"href":"https:\/\/www.zontoshairclinic.com\/da\/wp-json\/wp\/v2\/pages\/2197\/revisions"}],"predecessor-version":[{"id":8592,"href":"https:\/\/www.zontoshairclinic.com\/da\/wp-json\/wp\/v2\/pages\/2197\/revisions\/8592"}],"up":[{"embeddable":true,"href":"https:\/\/www.zontoshairclinic.com\/da\/wp-json\/wp\/v2\/pages\/2149"}],"wp:attachment":[{"href":"https:\/\/www.zontoshairclinic.com\/da\/wp-json\/wp\/v2\/media?parent=2197"}],"curies":[{"name":"wp","href":"https:\/\/api.w.org\/{rel}","templated":true}]}}