{"id":2207,"date":"2022-03-17T16:18:10","date_gmt":"2022-03-17T14:18:10","guid":{"rendered":"https:\/\/www.zontoshairclinic.com\/om-os\/klinikken\/"},"modified":"2022-04-26T13:19:03","modified_gmt":"2022-04-26T10:19:03","slug":"klinikken","status":"publish","type":"page","link":"https:\/\/www.zontoshairclinic.com\/da\/om-os\/klinikken\/","title":{"rendered":"Klinikken"},"content":{"rendered":"<section class=\"l-section wpb_row top-header-img height_auto\"><div class=\"l-section-h i-cf\"><div class=\"g-cols vc_row via_grid cols_1 laptops-cols_inherit tablets-cols_inherit mobiles-cols_1 valign_top type_default stacking_default\"><div class=\"wpb_column vc_column_container\"><div class=\"vc_column-inner\"><div class=\"w-image us_custom_3dce2f07 align_center\"><div class=\"w-image-h\"><img loading=\"lazy\" decoding=\"async\" width=\"1920\" height=\"1280\" src=\"https:\/\/www.zontoshairclinic.com\/wp-content\/uploads\/2022\/03\/clinic__zontos-hair-clinic.webp\" class=\"attachment-full size-full\" alt=\"\" loading=\"lazy\" srcset=\"https:\/\/www.zontoshairclinic.com\/wp-content\/uploads\/2022\/03\/clinic__zontos-hair-clinic.webp 1920w, https:\/\/www.zontoshairclinic.com\/wp-content\/uploads\/2022\/03\/clinic__zontos-hair-clinic-300x200.webp 300w, https:\/\/www.zontoshairclinic.com\/wp-content\/uploads\/2022\/03\/clinic__zontos-hair-clinic-1024x683.webp 1024w\" sizes=\"auto, (max-width: 1920px) 100vw, 1920px\" \/><\/div><\/div><\/div><\/div><\/div><\/div><\/section><section class=\"l-section wpb_row height_small\"><div class=\"l-section-h i-cf\"><div class=\"g-cols vc_row via_grid cols_1 laptops-cols_inherit tablets-cols_inherit mobiles-cols_1 valign_top type_default stacking_default\"><div class=\"wpb_column vc_column_container\"><div class=\"vc_column-inner\"><h1 class=\"w-text us_custom_31cea8a2 page-title-line\"><span class=\"w-text-h\"><span class=\"w-text-value\">Klinikken<\/span><\/span><\/h1><\/div><\/div><\/div><\/div><\/section><section class=\"l-section wpb_row height_auto\"><div class=\"l-section-h i-cf\"><div class=\"g-cols vc_row via_grid cols_1 laptops-cols_inherit tablets-cols_inherit mobiles-cols_1 valign_top type_default stacking_default\"><div class=\"wpb_column vc_column_container\"><div class=\"vc_column-inner\"><div class=\"g-cols wpb_row via_grid cols_1 laptops-cols_inherit tablets-cols_inherit mobiles-cols_1 valign_top type_default stacking_default\" style=\"--columns-gap:3rem;\"><div class=\"wpb_column vc_column_container\"><div class=\"vc_column-inner\"><div class=\"wpb_text_column\"><div class=\"wpb_wrapper\"><p>Dr. Zontos H\u00e5rklinik tilbyder ekspertise og innovation inden for h\u00e5rtransplantationsprocedurer.<\/p>\n<\/div><\/div><\/div><\/div><\/div><div class=\"g-cols wpb_row us_custom_3e2203ad via_grid cols_2 laptops-cols_inherit tablets-cols_inherit mobiles-cols_1 valign_top type_default stacking_default\" style=\"--columns-gap:3rem;\"><div class=\"wpb_column vc_column_container\"><div class=\"vc_column-inner\"><div class=\"wpb_text_column\"><div class=\"wpb_wrapper\"><p>Grundlagt i Athen i 2021 tilbyder vores klinik patienterne et moderne, sikkert og indbydende milj\u00f8, der lever op til de skandinaviske standarder. Efter 13 \u00e5r som l\u00e6gefaglig direkt\u00f8r i Haarklinikken i Danmark bragte dr. Zontos sin viden, f\u00e6rdigheder og erfaring til Athen, Gr\u00e6kenland. <\/p>\n<p>Med mange \u00e5rs erfaring og en globalt anerkendt medicinsk baggrund giver Dr Zontos den optimale l\u00f8sning til hver patient. Klinikken er udstyret med avancerede kirurgiske instrumenter og drives af et h\u00f8jt kvalificeret medicinsk hold. Klinikkens layout er arrangeret, s\u00e5 det giver et behageligt milj\u00f8 og garanterer diskretion til alle klinikkens bes\u00f8gende.  <\/p>\n<p>Med mange \u00e5rs erfaring og en globalt anerkendt medicinsk baggrund giver Dr Zontos den optimale l\u00f8sning til hver patient. Klinikken er udstyret med avancerede kirurgiske instrumenter og drives af et h\u00f8jt kvalificeret medicinsk hold. Klinikkens layout er arrangeret, s\u00e5 det giver et behageligt milj\u00f8 og garanterer diskretion til alle klinikkens bes\u00f8gende.<\/p>\n<\/div><\/div><\/div><\/div><div class=\"wpb_column vc_column_container\"><div class=\"vc_column-inner\"><div class=\"w-image us_custom_fca8cc99 align_center\"><a ref=\"magnificPopup\" href=\"https:\/\/www.zontoshairclinic.com\/wp-content\/uploads\/2022\/03\/clinic__zontos-hair-clinic-surgery-entrance.webp\" aria-label=\"clinic__zontos-hair-clinic-surgery-entrance\" class=\"w-image-h\"><img loading=\"lazy\" decoding=\"async\" width=\"1024\" height=\"683\" src=\"https:\/\/www.zontoshairclinic.com\/wp-content\/uploads\/2022\/03\/clinic__zontos-hair-clinic-surgery-entrance-1024x683.webp\" class=\"attachment-large size-large\" alt=\"\" loading=\"lazy\" srcset=\"https:\/\/www.zontoshairclinic.com\/wp-content\/uploads\/2022\/03\/clinic__zontos-hair-clinic-surgery-entrance-1024x683.webp 1024w, https:\/\/www.zontoshairclinic.com\/wp-content\/uploads\/2022\/03\/clinic__zontos-hair-clinic-surgery-entrance-300x200.webp 300w, https:\/\/www.zontoshairclinic.com\/wp-content\/uploads\/2022\/03\/clinic__zontos-hair-clinic-surgery-entrance.webp 1920w\" sizes=\"auto, (max-width: 1024px) 100vw, 1024px\" \/><\/a><\/div><\/div><\/div><\/div><div class=\"g-cols wpb_row us_custom_3e2203ad via_grid cols_2 laptops-cols_inherit tablets-cols_inherit mobiles-cols_1 valign_top type_default stacking_default\" style=\"--columns-gap:3rem;\"><div class=\"wpb_column vc_column_container\"><div class=\"vc_column-inner\"><div class=\"w-image us_custom_fca8cc99 align_center\"><a ref=\"magnificPopup\" href=\"https:\/\/www.zontoshairclinic.com\/wp-content\/uploads\/2022\/03\/clinic__zontos-hair-clinic-surgery-room.webp\" aria-label=\"clinic__zontos-hair-clinic-surgery-room\" class=\"w-image-h\"><img loading=\"lazy\" decoding=\"async\" width=\"1024\" height=\"683\" src=\"https:\/\/www.zontoshairclinic.com\/wp-content\/uploads\/2022\/03\/clinic__zontos-hair-clinic-surgery-room-1024x683.webp\" class=\"attachment-large size-large\" alt=\"\" loading=\"lazy\" srcset=\"https:\/\/www.zontoshairclinic.com\/wp-content\/uploads\/2022\/03\/clinic__zontos-hair-clinic-surgery-room-1024x683.webp 1024w, https:\/\/www.zontoshairclinic.com\/wp-content\/uploads\/2022\/03\/clinic__zontos-hair-clinic-surgery-room-300x200.webp 300w, https:\/\/www.zontoshairclinic.com\/wp-content\/uploads\/2022\/03\/clinic__zontos-hair-clinic-surgery-room.webp 1920w\" sizes=\"auto, (max-width: 1024px) 100vw, 1024px\" \/><\/a><\/div><\/div><\/div><div class=\"wpb_column vc_column_container\"><div class=\"vc_column-inner\"><div class=\"w-image us_custom_fca8cc99 align_center\"><a ref=\"magnificPopup\" href=\"https:\/\/www.zontoshairclinic.com\/wp-content\/uploads\/2022\/03\/clinic__zontos-hair-clinic-vip-room.webp\" aria-label=\"clinic__zontos-hair-clinic-vip-room\" class=\"w-image-h\"><img loading=\"lazy\" decoding=\"async\" width=\"1024\" height=\"683\" src=\"https:\/\/www.zontoshairclinic.com\/wp-content\/uploads\/2022\/03\/clinic__zontos-hair-clinic-vip-room-1024x683.webp\" class=\"attachment-large size-large\" alt=\"\" loading=\"lazy\" srcset=\"https:\/\/www.zontoshairclinic.com\/wp-content\/uploads\/2022\/03\/clinic__zontos-hair-clinic-vip-room-1024x683.webp 1024w, https:\/\/www.zontoshairclinic.com\/wp-content\/uploads\/2022\/03\/clinic__zontos-hair-clinic-vip-room-300x200.webp 300w, https:\/\/www.zontoshairclinic.com\/wp-content\/uploads\/2022\/03\/clinic__zontos-hair-clinic-vip-room.webp 1920w\" sizes=\"auto, (max-width: 1024px) 100vw, 1024px\" \/><\/a><\/div><\/div><\/div><\/div><\/div><\/div><\/div><\/div><\/section><section class=\"l-section wpb_row us_custom_0f8f44b7 height_auto\"><div class=\"l-section-h i-cf\"><div class=\"g-cols vc_row via_grid cols_1 laptops-cols_inherit tablets-cols_inherit mobiles-cols_1 valign_top type_default stacking_default\"><div class=\"wpb_column vc_column_container us_custom_af3f5308 has_text_color has_bg_color\"><div class=\"vc_column-inner\"><div class=\"wpb_text_column\"><div class=\"wpb_wrapper\"><blockquote>\n<p>\u2018P\u00e5 vores klinik f\u00e5r hver enkelt af vores patienter en personlig behandling. Vi forst\u00e5r dine behov, og vi er her for at give optimale l\u00f8sninger, forbedre dit image og opbygge din selvtillid. <\/p>\n<\/blockquote>\n<p style=\"text-align: right;\"><strong>Dr. Zontos <\/strong><\/p>\n<\/div><\/div><\/div><\/div><\/div><\/div><\/section><section class=\"l-section wpb_row us_custom_3e2203ad height_auto\"><div class=\"l-section-h i-cf\"><div class=\"g-cols vc_row via_grid cols_1 laptops-cols_inherit tablets-cols_inherit mobiles-cols_1 valign_top type_default stacking_default\"><div class=\"wpb_column vc_column_container\"><div class=\"vc_column-inner\"><div class=\"wpb_text_column\"><div class=\"wpb_wrapper\"><h2>Medicinsk udsty<\/h2>\n<p><strong>Innovativ diagnose ved hj\u00e6lp af FOLLYSIS \u00a9<\/strong><\/p>\n<p>FOLLYSIS \u00a9 er en banebrydende software designet af Dr Zontos.  <\/p>\n<p>FOLLYSIS \u00a9 vejleder l\u00e6gen til at evaluere h\u00e5rtabsproblemet hos hver patient og planl\u00e6gge en skr\u00e6ddersyet procedure til effektiv behandling og postoperativ pleje.<\/p>\n<\/div><\/div><div class=\"w-image us_custom_2a71514c align_center\"><div class=\"w-image-h\"><img loading=\"lazy\" decoding=\"async\" width=\"600\" height=\"352\" src=\"https:\/\/www.zontoshairclinic.com\/wp-content\/uploads\/2022\/03\/clinic__follysis.webp\" class=\"attachment-full size-full\" alt=\"\" loading=\"lazy\" srcset=\"https:\/\/www.zontoshairclinic.com\/wp-content\/uploads\/2022\/03\/clinic__follysis.webp 600w, https:\/\/www.zontoshairclinic.com\/wp-content\/uploads\/2022\/03\/clinic__follysis-300x176.webp 300w\" sizes=\"auto, (max-width: 600px) 100vw, 600px\" \/><\/div><\/div><\/div><\/div><\/div><\/div><\/section><section class=\"l-section wpb_row us_custom_3e2203ad height_auto\"><div class=\"l-section-h i-cf\"><div class=\"g-cols vc_row via_grid cols_1 laptops-cols_inherit tablets-cols_inherit mobiles-cols_1 valign_top type_default stacking_default\"><div class=\"wpb_column vc_column_container\"><div class=\"vc_column-inner\"><h3 class=\"w-text us_custom_f8ed273e\"><span class=\"w-text-h\"><span class=\"w-text-value\">Designer behandlingsplanl\u00e6gningen.<\/span><\/span><\/h3><h2 class=\"w-text us_custom_4621708f\"><span class=\"w-text-h\"><span class=\"w-text-value\">Avancerede kirurgiske instrumenter.<\/span><\/span><\/h2><h3 class=\"w-text us_custom_8f73f5ce\"><span class=\"w-text-h\"><span class=\"w-text-value\">Under alle h\u00e5rtransplantation operationer bruger Dr. Zontos: <\/span><\/span><\/h3><\/div><\/div><\/div><\/div><\/section><section class=\"l-section wpb_row us_custom_cc30155e height_auto\"><div class=\"l-section-h i-cf\"><div class=\"g-cols vc_row via_grid cols_3 laptops-cols_inherit tablets-cols_inherit mobiles-cols_1 valign_top type_default stacking_default\"><div class=\"wpb_column vc_column_container\"><div class=\"vc_column-inner\"><div class=\"w-iconbox us_custom_a5c5e902 custom-icon iconpos_top style_default color_primary align_center no_text no_title icontype_img\"><div class=\"w-iconbox-icon\" style=\"font-size:5rem;\"><img decoding=\"async\" width=\"130\" height=\"130\" src=\"https:\/\/www.zontoshairclinic.com\/wp-content\/uploads\/2022\/03\/clinic__icon_01.webp\" class=\"attachment-full size-full\" alt=\"\" \/><\/div><div class=\"w-iconbox-meta\"><\/div><\/div><div class=\"wpb_text_column us_custom_5d788d99\"><div class=\"wpb_wrapper\"><p>De mest effektive banebrydende instrumenter til at udtage og placere h\u00e5rs\u00e6kkene.<\/p>\n<\/div><\/div><\/div><\/div><div class=\"wpb_column vc_column_container\"><div class=\"vc_column-inner\"><div class=\"w-iconbox us_custom_a5c5e902 custom-icon iconpos_top style_default color_primary align_center no_text no_title icontype_img\"><div class=\"w-iconbox-icon\" style=\"font-size:5rem;\"><img decoding=\"async\" width=\"155\" height=\"130\" src=\"https:\/\/www.zontoshairclinic.com\/wp-content\/uploads\/2022\/03\/clinic__icon_02.webp\" class=\"attachment-full size-full\" alt=\"\" \/><\/div><div class=\"w-iconbox-meta\"><\/div><\/div><div class=\"wpb_text_column us_custom_5d788d99\"><div class=\"wpb_wrapper\"><p>Avancerede systemer bruges til at bevare levedygtigheden af h\u00e5rs\u00e6kkene fra udtagning til placering.<\/p>\n<\/div><\/div><\/div><\/div><div class=\"wpb_column vc_column_container\"><div class=\"vc_column-inner\"><div class=\"w-iconbox us_custom_a5c5e902 custom-icon iconpos_top style_default color_primary align_center no_text no_title icontype_img\"><div class=\"w-iconbox-icon\" style=\"font-size:5rem;\"><img decoding=\"async\" width=\"130\" height=\"140\" src=\"https:\/\/www.zontoshairclinic.com\/wp-content\/uploads\/2022\/03\/clinic__icon_03.webp\" class=\"attachment-full size-full\" alt=\"\" \/><\/div><div class=\"w-iconbox-meta\"><\/div><\/div><div class=\"wpb_text_column us_custom_5d788d99\"><div class=\"wpb_wrapper\"><p>Belysningssystemer af h\u00f8jeste kvalitet og moderne stereoskoper til analyse af h\u00f8j kvalitet og adskillelse af folliklerne sikrer optimal fordeling og et naturligt resultat.<\/p>\n<\/div><\/div><\/div><\/div><\/div><\/div><\/section><section class=\"l-section wpb_row us_custom_cc30155e height_auto\"><div class=\"l-section-h i-cf\"><div class=\"g-cols vc_row via_grid cols_2-1 laptops-cols_inherit tablets-cols_inherit mobiles-cols_1 valign_top type_default stacking_default\"><div class=\"wpb_column vc_column_container\"><div class=\"vc_column-inner\"><div class=\"wpb_text_column\"><div class=\"wpb_wrapper\"><h2>Wand Computer-assisteret bed\u00f8velse<\/h2>\n<p>Wand Computer er en avanceret digital platform til lokalbed\u00f8velse, som \u00f8ger patientens komfort betydeligt. Det minimerer angst, da det styrer str\u00f8mningshastighed og bed\u00f8velsestryk under indspr\u00f8jtningen. <\/p>\n<p>Wand Computer bed\u00f8velsessystem tilbyder den sikreste og mest effektive m\u00e5de at bed\u00f8ve huden under en h\u00e5rtransplantationsprocedure.<\/p>\n<\/div><\/div><\/div><\/div><div class=\"wpb_column vc_column_container\"><div class=\"vc_column-inner\"><div class=\"w-image us_custom_2a71514c align_center\"><div class=\"w-image-h\"><img loading=\"lazy\" decoding=\"async\" width=\"545\" height=\"491\" src=\"https:\/\/www.zontoshairclinic.com\/wp-content\/uploads\/2022\/04\/clinic__wand.webp\" class=\"attachment-full size-full\" alt=\"\" loading=\"lazy\" srcset=\"https:\/\/www.zontoshairclinic.com\/wp-content\/uploads\/2022\/04\/clinic__wand.webp 545w, https:\/\/www.zontoshairclinic.com\/wp-content\/uploads\/2022\/04\/clinic__wand-300x270.webp 300w\" sizes=\"auto, (max-width: 545px) 100vw, 545px\" \/><\/div><\/div><\/div><\/div><\/div><\/div><\/section>\n","protected":false},"excerpt":{"rendered":"KlinikkenDr. Zontos H\u00e5rklinik tilbyder ekspertise og innovation inden for h\u00e5rtransplantationsprocedurer. Grundlagt i Athen i 2021 tilbyder vores klinik patienterne et moderne, sikkert og indbydende milj\u00f8, der lever op til de skandinaviske standarder. Efter 13 \u00e5r som l\u00e6gefaglig direkt\u00f8r i Haarklinikken i Danmark bragte dr. Zontos sin viden, f\u00e6rdigheder og erfaring til Athen, Gr\u00e6kenland. Med mange...","protected":false},"author":2,"featured_media":0,"parent":2149,"menu_order":0,"comment_status":"closed","ping_status":"closed","template":"","meta":{"inline_featured_image":false,"footnotes":""},"class_list":["post-2207","page","type-page","status-publish","hentry"],"yoast_head":"<!-- This site is optimized with the Yoast SEO plugin v24.9 - https:\/\/yoast.com\/wordpress\/plugins\/seo\/ -->\n<title>Klinikken - zontoshairclinic.com<\/title>\n<meta name=\"robots\" content=\"index, follow, max-snippet:-1, max-image-preview:large, max-video-preview:-1\" \/>\n<link rel=\"canonical\" href=\"https:\/\/www.zontoshairclinic.com\/da\/om-os\/klinikken\/\" \/>\n<meta property=\"og:locale\" content=\"da_DK\" \/>\n<meta property=\"og:type\" content=\"article\" \/>\n<meta property=\"og:title\" content=\"Klinikken - zontoshairclinic.com\" \/>\n<meta property=\"og:url\" content=\"https:\/\/www.zontoshairclinic.com\/da\/om-os\/klinikken\/\" \/>\n<meta property=\"og:site_name\" content=\"zontoshairclinic.com\" \/>\n<meta property=\"article:modified_time\" content=\"2022-04-26T10:19:03+00:00\" \/>\n<meta name=\"twitter:card\" content=\"summary_large_image\" \/>\n<meta name=\"twitter:label1\" content=\"Estimeret l\u00e6setid\" \/>\n\t<meta name=\"twitter:data1\" content=\"5 minutter\" \/>\n<script type=\"application\/ld+json\" class=\"yoast-schema-graph\">{\"@context\":\"https:\/\/schema.org\",\"@graph\":[{\"@type\":\"WebPage\",\"@id\":\"https:\/\/www.zontoshairclinic.com\/da\/om-os\/klinikken\/\",\"url\":\"https:\/\/www.zontoshairclinic.com\/da\/om-os\/klinikken\/\",\"name\":\"Klinikken - zontoshairclinic.com\",\"isPartOf\":{\"@id\":\"https:\/\/www.zontoshairclinic.com\/da\/#website\"},\"datePublished\":\"2022-03-17T14:18:10+00:00\",\"dateModified\":\"2022-04-26T10:19:03+00:00\",\"breadcrumb\":{\"@id\":\"https:\/\/www.zontoshairclinic.com\/da\/om-os\/klinikken\/#breadcrumb\"},\"inLanguage\":\"da-DK\",\"potentialAction\":[{\"@type\":\"ReadAction\",\"target\":[\"https:\/\/www.zontoshairclinic.com\/da\/om-os\/klinikken\/\"]}]},{\"@type\":\"BreadcrumbList\",\"@id\":\"https:\/\/www.zontoshairclinic.com\/da\/om-os\/klinikken\/#breadcrumb\",\"itemListElement\":[{\"@type\":\"ListItem\",\"position\":1,\"name\":\"Home\",\"item\":\"https:\/\/www.zontoshairclinic.com\/da\/\"},{\"@type\":\"ListItem\",\"position\":2,\"name\":\"Om os\",\"item\":\"https:\/\/www.zontoshairclinic.com\/da\/om-os\/\"},{\"@type\":\"ListItem\",\"position\":3,\"name\":\"Klinikken\"}]},{\"@type\":\"WebSite\",\"@id\":\"https:\/\/www.zontoshairclinic.com\/da\/#website\",\"url\":\"https:\/\/www.zontoshairclinic.com\/da\/\",\"name\":\"zontoshairclinic.com\",\"description\":\"Zontos Hair Clinic\",\"potentialAction\":[{\"@type\":\"SearchAction\",\"target\":{\"@type\":\"EntryPoint\",\"urlTemplate\":\"https:\/\/www.zontoshairclinic.com\/da\/?s={search_term_string}\"},\"query-input\":{\"@type\":\"PropertyValueSpecification\",\"valueRequired\":true,\"valueName\":\"search_term_string\"}}],\"inLanguage\":\"da-DK\"}]}<\/script>\n<!-- \/ Yoast SEO plugin. -->","yoast_head_json":{"title":"Klinikken - zontoshairclinic.com","robots":{"index":"index","follow":"follow","max-snippet":"max-snippet:-1","max-image-preview":"max-image-preview:large","max-video-preview":"max-video-preview:-1"},"canonical":"https:\/\/www.zontoshairclinic.com\/da\/om-os\/klinikken\/","og_locale":"da_DK","og_type":"article","og_title":"Klinikken - zontoshairclinic.com","og_url":"https:\/\/www.zontoshairclinic.com\/da\/om-os\/klinikken\/","og_site_name":"zontoshairclinic.com","article_modified_time":"2022-04-26T10:19:03+00:00","twitter_card":"summary_large_image","twitter_misc":{"Estimeret l\u00e6setid":"5 minutter"},"schema":{"@context":"https:\/\/schema.org","@graph":[{"@type":"WebPage","@id":"https:\/\/www.zontoshairclinic.com\/da\/om-os\/klinikken\/","url":"https:\/\/www.zontoshairclinic.com\/da\/om-os\/klinikken\/","name":"Klinikken - zontoshairclinic.com","isPartOf":{"@id":"https:\/\/www.zontoshairclinic.com\/da\/#website"},"datePublished":"2022-03-17T14:18:10+00:00","dateModified":"2022-04-26T10:19:03+00:00","breadcrumb":{"@id":"https:\/\/www.zontoshairclinic.com\/da\/om-os\/klinikken\/#breadcrumb"},"inLanguage":"da-DK","potentialAction":[{"@type":"ReadAction","target":["https:\/\/www.zontoshairclinic.com\/da\/om-os\/klinikken\/"]}]},{"@type":"BreadcrumbList","@id":"https:\/\/www.zontoshairclinic.com\/da\/om-os\/klinikken\/#breadcrumb","itemListElement":[{"@type":"ListItem","position":1,"name":"Home","item":"https:\/\/www.zontoshairclinic.com\/da\/"},{"@type":"ListItem","position":2,"name":"Om os","item":"https:\/\/www.zontoshairclinic.com\/da\/om-os\/"},{"@type":"ListItem","position":3,"name":"Klinikken"}]},{"@type":"WebSite","@id":"https:\/\/www.zontoshairclinic.com\/da\/#website","url":"https:\/\/www.zontoshairclinic.com\/da\/","name":"zontoshairclinic.com","description":"Zontos Hair Clinic","potentialAction":[{"@type":"SearchAction","target":{"@type":"EntryPoint","urlTemplate":"https:\/\/www.zontoshairclinic.com\/da\/?s={search_term_string}"},"query-input":{"@type":"PropertyValueSpecification","valueRequired":true,"valueName":"search_term_string"}}],"inLanguage":"da-DK"}]}},"_links":{"self":[{"href":"https:\/\/www.zontoshairclinic.com\/da\/wp-json\/wp\/v2\/pages\/2207","targetHints":{"allow":["GET"]}}],"collection":[{"href":"https:\/\/www.zontoshairclinic.com\/da\/wp-json\/wp\/v2\/pages"}],"about":[{"href":"https:\/\/www.zontoshairclinic.com\/da\/wp-json\/wp\/v2\/types\/page"}],"author":[{"embeddable":true,"href":"https:\/\/www.zontoshairclinic.com\/da\/wp-json\/wp\/v2\/users\/2"}],"replies":[{"embeddable":true,"href":"https:\/\/www.zontoshairclinic.com\/da\/wp-json\/wp\/v2\/comments?post=2207"}],"version-history":[{"count":4,"href":"https:\/\/www.zontoshairclinic.com\/da\/wp-json\/wp\/v2\/pages\/2207\/revisions"}],"predecessor-version":[{"id":2222,"href":"https:\/\/www.zontoshairclinic.com\/da\/wp-json\/wp\/v2\/pages\/2207\/revisions\/2222"}],"up":[{"embeddable":true,"href":"https:\/\/www.zontoshairclinic.com\/da\/wp-json\/wp\/v2\/pages\/2149"}],"wp:attachment":[{"href":"https:\/\/www.zontoshairclinic.com\/da\/wp-json\/wp\/v2\/media?parent=2207"}],"curies":[{"name":"wp","href":"https:\/\/api.w.org\/{rel}","templated":true}]}}