{"id":2425,"date":"2022-03-23T13:49:32","date_gmt":"2022-03-23T11:49:32","guid":{"rendered":"https:\/\/www.zontoshairclinic.com\/serviceydelser\/langt-haar-fue\/"},"modified":"2022-04-26T15:39:30","modified_gmt":"2022-04-26T12:39:30","slug":"langt-haar-fue","status":"publish","type":"page","link":"https:\/\/www.zontoshairclinic.com\/da\/serviceydelser\/langt-haar-fue\/","title":{"rendered":"Langt h\u00e5r FUE"},"content":{"rendered":"<section class=\"l-section wpb_row top-header-img height_auto\"><div class=\"l-section-h i-cf\"><div class=\"g-cols vc_row via_grid cols_1 laptops-cols_inherit tablets-cols_inherit mobiles-cols_1 valign_top type_default stacking_default\"><div class=\"wpb_column vc_column_container\"><div class=\"vc_column-inner\"><div class=\"w-image us_custom_3dce2f07 align_center\"><div class=\"w-image-h\"><img loading=\"lazy\" decoding=\"async\" width=\"1920\" height=\"708\" src=\"https:\/\/www.zontoshairclinic.com\/wp-content\/uploads\/2022\/04\/long-hair-fue-main.webp\" class=\"attachment-full size-full\" alt=\"Long \u0397air FUE\" loading=\"lazy\" srcset=\"https:\/\/www.zontoshairclinic.com\/wp-content\/uploads\/2022\/04\/long-hair-fue-main.webp 1920w, https:\/\/www.zontoshairclinic.com\/wp-content\/uploads\/2022\/04\/long-hair-fue-main-300x111.webp 300w, https:\/\/www.zontoshairclinic.com\/wp-content\/uploads\/2022\/04\/long-hair-fue-main-1024x378.webp 1024w\" sizes=\"auto, (max-width: 1920px) 100vw, 1920px\" \/><\/div><\/div><\/div><\/div><\/div><\/div><\/section><section class=\"l-section wpb_row height_small\"><div class=\"l-section-h i-cf\"><div class=\"g-cols vc_row via_grid cols_1 laptops-cols_inherit tablets-cols_inherit mobiles-cols_1 valign_top type_default stacking_default\"><div class=\"wpb_column vc_column_container\"><div class=\"vc_column-inner\"><h1 class=\"w-text us_custom_31cea8a2 page-title-line\"><span class=\"w-text-h\"><span class=\"w-text-value\">Long \u0397air FUE<br \/>\nFUE h\u00e5rtransplantationsteknik uden barbering<\/span><\/span><\/h1><\/div><\/div><\/div><\/div><\/section><section class=\"l-section wpb_row height_auto\"><div class=\"l-section-h i-cf\"><div class=\"g-cols vc_row via_grid cols_1 laptops-cols_inherit tablets-cols_inherit mobiles-cols_1 valign_top type_default stacking_default\"><div class=\"wpb_column vc_column_container\"><div class=\"vc_column-inner\"><div class=\"wpb_text_column\"><div class=\"wpb_wrapper\"><p>FUE-teknik, hvor det ikke er n\u00f8dvendigt at barbere donoromr\u00e5det.<\/p>\n<\/div><\/div><div class=\"g-cols wpb_row via_grid cols_2 laptops-cols_inherit tablets-cols_inherit mobiles-cols_1 valign_middle type_default stacking_default\" style=\"--columns-gap:3rem;\"><div class=\"wpb_column vc_column_container\"><div class=\"vc_column-inner\"><div class=\"w-image us_custom_fca8cc99 align_center\"><div class=\"w-image-h\"><img loading=\"lazy\" decoding=\"async\" width=\"1920\" height=\"1138\" src=\"https:\/\/www.zontoshairclinic.com\/wp-content\/uploads\/2022\/03\/lfue__hairFollicles.webp\" class=\"attachment-full size-full\" alt=\"\" loading=\"lazy\" srcset=\"https:\/\/www.zontoshairclinic.com\/wp-content\/uploads\/2022\/03\/lfue__hairFollicles.webp 1920w, https:\/\/www.zontoshairclinic.com\/wp-content\/uploads\/2022\/03\/lfue__hairFollicles-300x178.webp 300w, https:\/\/www.zontoshairclinic.com\/wp-content\/uploads\/2022\/03\/lfue__hairFollicles-1024x607.webp 1024w\" sizes=\"auto, (max-width: 1920px) 100vw, 1920px\" \/><\/div><\/div><\/div><\/div><div class=\"wpb_column vc_column_container\"><div class=\"vc_column-inner\"><div class=\"wpb_text_column\"><div class=\"wpb_wrapper\"><p>Dr. Zontos har avanceret FUE-teknikken, s\u00e5 det ikke er n\u00f8dvendigt at barbere donoromr\u00e5det. Denne avancerede procedure er kendt som langt h\u00e5r FUE. <\/p>\n<p>Standard FUE-metoden kr\u00e6ver, at h\u00e5ret barberes i en l\u00e6ngde p\u00e5 2-3 mm. Langt h\u00e5r FUE tillader dog, at b\u00e5de kvinder og m\u00e6nd beholder deres frisure uden nogen radikale frisureforandringer. <\/p>\n<p><strong>Dr. Zontos udviklede denne innovative metode til ekstraktion af h\u00e5rs\u00e6kkene, der kombinerer alle fordelene ved FUE med muligheden for at lade h\u00e5ret v\u00e6re l\u00e6ngere. Denne metode forbedrer i h\u00f8j grad traditionel FUE ved at undg\u00e5 enhver barbering af donoromr\u00e5det, mens den samme kvalitet af h\u00e5r grafts sikres. Denne metode giver et fremragende resultat og opfylder de h\u00f8jeste krav. Med langt h\u00e5r FUE er \u00e6ndringerne i patientens udseende subtile og giver maksimal diskretion.   <\/strong>.<\/p>\n<\/div><\/div><\/div><\/div><\/div><div class=\"g-cols wpb_row us_custom_3e2203ad via_grid cols_2 laptops-cols_inherit tablets-cols_inherit mobiles-cols_1 valign_top type_default stacking_default\" style=\"--columns-gap:3rem;\"><div class=\"wpb_column vc_column_container\"><div class=\"vc_column-inner\"><div class=\"w-image us_custom_fca8cc99 align_center\"><div class=\"w-image-h\"><img loading=\"lazy\" decoding=\"async\" width=\"800\" height=\"600\" src=\"https:\/\/www.zontoshairclinic.com\/wp-content\/uploads\/2022\/03\/lfue__resultHidden.webp\" class=\"attachment-full size-full\" alt=\"\" loading=\"lazy\" srcset=\"https:\/\/www.zontoshairclinic.com\/wp-content\/uploads\/2022\/03\/lfue__resultHidden.webp 800w, https:\/\/www.zontoshairclinic.com\/wp-content\/uploads\/2022\/03\/lfue__resultHidden-300x225.webp 300w\" sizes=\"auto, (max-width: 800px) 100vw, 800px\" \/><\/div><\/div><\/div><\/div><div class=\"wpb_column vc_column_container\"><div class=\"vc_column-inner\"><div class=\"w-image us_custom_fca8cc99 align_center\"><div class=\"w-image-h\"><img loading=\"lazy\" decoding=\"async\" width=\"800\" height=\"600\" src=\"https:\/\/www.zontoshairclinic.com\/wp-content\/uploads\/2022\/03\/lfue__resultReveal.webp\" class=\"attachment-full size-full\" alt=\"\" loading=\"lazy\" srcset=\"https:\/\/www.zontoshairclinic.com\/wp-content\/uploads\/2022\/03\/lfue__resultReveal.webp 800w, https:\/\/www.zontoshairclinic.com\/wp-content\/uploads\/2022\/03\/lfue__resultReveal-300x225.webp 300w\" sizes=\"auto, (max-width: 800px) 100vw, 800px\" \/><\/div><\/div><\/div><\/div><\/div><\/div><\/div><\/div><\/div><\/section><section class=\"l-section wpb_row us_custom_0f8f44b7 height_auto\"><div class=\"l-section-h i-cf\"><div class=\"g-cols vc_row via_grid cols_1 laptops-cols_inherit tablets-cols_inherit mobiles-cols_1 valign_top type_default stacking_default\"><div class=\"wpb_column vc_column_container us_custom_af3f5308 has_text_color has_bg_color\"><div class=\"vc_column-inner\"><div class=\"wpb_text_column\"><div class=\"wpb_wrapper\"><blockquote>\n<p>Vi forpligter os til at tilbyde vores patienter de mest sofistikerede og sikre teknikker, der findes i dag inden for h\u00e5rtransplantation  <\/p>\n<\/blockquote>\n<\/div><\/div><\/div><\/div><\/div><\/div><\/section><section class=\"l-section wpb_row us_custom_3e2203ad height_auto\"><div class=\"l-section-h i-cf\"><div class=\"g-cols vc_row via_grid cols_1 laptops-cols_inherit tablets-cols_inherit mobiles-cols_1 valign_top type_default stacking_default\"><div class=\"wpb_column vc_column_container\"><div class=\"vc_column-inner\"><div class=\"wpb_text_column\"><div class=\"wpb_wrapper\"><h2>Resultater<\/h2>\n<\/div><\/div><div class=\"g-cols wpb_row via_grid cols_1-2-1 laptops-cols_inherit tablets-cols_inherit mobiles-cols_1 valign_top type_default stacking_default\" style=\"--columns-gap:3rem;\"><div class=\"wpb_column vc_column_container\"><div class=\"vc_column-inner\"><\/div><\/div><div class=\"wpb_column vc_column_container\"><div class=\"vc_column-inner\"><div class=\"w-video align_none ratio_16x9 has_iframe\"><div class=\"w-video-h\"><iframe title=\"Youtube video player\" src=\"\/\/www.youtube.com\/embed\/c3uT7vI3uhg?autoplay=0&controls=1&origin=https:\/\/www.zontoshairclinic.com\/da\/&loop=0&mute=0\" allowfullscreen=\"1\" loading=\"lazy\"><\/iframe><\/div><div class=\"w-video-icon\" style=\"font-size:1.5rem;background:rgba(0,0,0,0.5);color:#fff\"><\/div><\/div><\/div><\/div><div class=\"wpb_column vc_column_container\"><div class=\"vc_column-inner\"><\/div><\/div><\/div><\/div><\/div><\/div><\/div><\/section>\n","protected":false},"excerpt":{"rendered":"Long \u0397air FUE FUE h\u00e5rtransplantationsteknik uden barberingFUE-teknik, hvor det ikke er n\u00f8dvendigt at barbere donoromr\u00e5det. Dr. Zontos har avanceret FUE-teknikken, s\u00e5 det ikke er n\u00f8dvendigt at barbere donoromr\u00e5det. Denne avancerede procedure er kendt som langt h\u00e5r FUE. Standard FUE-metoden kr\u00e6ver, at h\u00e5ret barberes i en l\u00e6ngde p\u00e5 2-3 mm. Langt h\u00e5r FUE tillader dog, at...","protected":false},"author":2,"featured_media":1965,"parent":2153,"menu_order":0,"comment_status":"closed","ping_status":"closed","template":"","meta":{"inline_featured_image":false,"footnotes":""},"class_list":["post-2425","page","type-page","status-publish","has-post-thumbnail","hentry"],"yoast_head":"<!-- This site is optimized with the Yoast SEO plugin v24.9 - https:\/\/yoast.com\/wordpress\/plugins\/seo\/ -->\n<title>Langt h\u00e5r FUE - zontoshairclinic.com<\/title>\n<meta name=\"robots\" content=\"index, follow, max-snippet:-1, max-image-preview:large, max-video-preview:-1\" \/>\n<link rel=\"canonical\" href=\"https:\/\/www.zontoshairclinic.com\/da\/serviceydelser\/langt-haar-fue\/\" \/>\n<meta property=\"og:locale\" content=\"da_DK\" \/>\n<meta property=\"og:type\" content=\"article\" \/>\n<meta property=\"og:title\" content=\"Langt h\u00e5r FUE - zontoshairclinic.com\" \/>\n<meta property=\"og:url\" content=\"https:\/\/www.zontoshairclinic.com\/da\/serviceydelser\/langt-haar-fue\/\" \/>\n<meta property=\"og:site_name\" content=\"zontoshairclinic.com\" \/>\n<meta property=\"article:modified_time\" content=\"2022-04-26T12:39:30+00:00\" \/>\n<meta property=\"og:image\" content=\"https:\/\/www.zontoshairclinic.com\/wp-content\/uploads\/2022\/04\/long-hair-fue-main.webp\" \/>\n\t<meta property=\"og:image:width\" content=\"1920\" \/>\n\t<meta property=\"og:image:height\" content=\"708\" \/>\n\t<meta property=\"og:image:type\" content=\"image\/webp\" \/>\n<meta name=\"twitter:card\" content=\"summary_large_image\" \/>\n<meta name=\"twitter:label1\" content=\"Estimeret l\u00e6setid\" \/>\n\t<meta name=\"twitter:data1\" content=\"2 minutter\" \/>\n<script type=\"application\/ld+json\" class=\"yoast-schema-graph\">{\"@context\":\"https:\/\/schema.org\",\"@graph\":[{\"@type\":\"WebPage\",\"@id\":\"https:\/\/www.zontoshairclinic.com\/da\/serviceydelser\/langt-haar-fue\/\",\"url\":\"https:\/\/www.zontoshairclinic.com\/da\/serviceydelser\/langt-haar-fue\/\",\"name\":\"Langt h\u00e5r FUE - zontoshairclinic.com\",\"isPartOf\":{\"@id\":\"https:\/\/www.zontoshairclinic.com\/da\/#website\"},\"primaryImageOfPage\":{\"@id\":\"https:\/\/www.zontoshairclinic.com\/da\/serviceydelser\/langt-haar-fue\/#primaryimage\"},\"image\":{\"@id\":\"https:\/\/www.zontoshairclinic.com\/da\/serviceydelser\/langt-haar-fue\/#primaryimage\"},\"thumbnailUrl\":\"https:\/\/www.zontoshairclinic.com\/wp-content\/uploads\/2022\/04\/long-hair-fue-main.webp\",\"datePublished\":\"2022-03-23T11:49:32+00:00\",\"dateModified\":\"2022-04-26T12:39:30+00:00\",\"breadcrumb\":{\"@id\":\"https:\/\/www.zontoshairclinic.com\/da\/serviceydelser\/langt-haar-fue\/#breadcrumb\"},\"inLanguage\":\"da-DK\",\"potentialAction\":[{\"@type\":\"ReadAction\",\"target\":[\"https:\/\/www.zontoshairclinic.com\/da\/serviceydelser\/langt-haar-fue\/\"]}]},{\"@type\":\"ImageObject\",\"inLanguage\":\"da-DK\",\"@id\":\"https:\/\/www.zontoshairclinic.com\/da\/serviceydelser\/langt-haar-fue\/#primaryimage\",\"url\":\"https:\/\/www.zontoshairclinic.com\/wp-content\/uploads\/2022\/04\/long-hair-fue-main.webp\",\"contentUrl\":\"https:\/\/www.zontoshairclinic.com\/wp-content\/uploads\/2022\/04\/long-hair-fue-main.webp\",\"width\":1920,\"height\":708,\"caption\":\"Long \u0397air FUE\"},{\"@type\":\"BreadcrumbList\",\"@id\":\"https:\/\/www.zontoshairclinic.com\/da\/serviceydelser\/langt-haar-fue\/#breadcrumb\",\"itemListElement\":[{\"@type\":\"ListItem\",\"position\":1,\"name\":\"Home\",\"item\":\"https:\/\/www.zontoshairclinic.com\/da\/\"},{\"@type\":\"ListItem\",\"position\":2,\"name\":\"Serviceydelser\",\"item\":\"https:\/\/www.zontoshairclinic.com\/da\/serviceydelser\/\"},{\"@type\":\"ListItem\",\"position\":3,\"name\":\"Langt h\u00e5r FUE\"}]},{\"@type\":\"WebSite\",\"@id\":\"https:\/\/www.zontoshairclinic.com\/da\/#website\",\"url\":\"https:\/\/www.zontoshairclinic.com\/da\/\",\"name\":\"zontoshairclinic.com\",\"description\":\"Zontos Hair Clinic\",\"potentialAction\":[{\"@type\":\"SearchAction\",\"target\":{\"@type\":\"EntryPoint\",\"urlTemplate\":\"https:\/\/www.zontoshairclinic.com\/da\/?s={search_term_string}\"},\"query-input\":{\"@type\":\"PropertyValueSpecification\",\"valueRequired\":true,\"valueName\":\"search_term_string\"}}],\"inLanguage\":\"da-DK\"}]}<\/script>\n<!-- \/ Yoast SEO plugin. -->","yoast_head_json":{"title":"Langt h\u00e5r FUE - zontoshairclinic.com","robots":{"index":"index","follow":"follow","max-snippet":"max-snippet:-1","max-image-preview":"max-image-preview:large","max-video-preview":"max-video-preview:-1"},"canonical":"https:\/\/www.zontoshairclinic.com\/da\/serviceydelser\/langt-haar-fue\/","og_locale":"da_DK","og_type":"article","og_title":"Langt h\u00e5r FUE - zontoshairclinic.com","og_url":"https:\/\/www.zontoshairclinic.com\/da\/serviceydelser\/langt-haar-fue\/","og_site_name":"zontoshairclinic.com","article_modified_time":"2022-04-26T12:39:30+00:00","og_image":[{"width":1920,"height":708,"url":"https:\/\/www.zontoshairclinic.com\/wp-content\/uploads\/2022\/04\/long-hair-fue-main.webp","type":"image\/webp"}],"twitter_card":"summary_large_image","twitter_misc":{"Estimeret l\u00e6setid":"2 minutter"},"schema":{"@context":"https:\/\/schema.org","@graph":[{"@type":"WebPage","@id":"https:\/\/www.zontoshairclinic.com\/da\/serviceydelser\/langt-haar-fue\/","url":"https:\/\/www.zontoshairclinic.com\/da\/serviceydelser\/langt-haar-fue\/","name":"Langt h\u00e5r FUE - zontoshairclinic.com","isPartOf":{"@id":"https:\/\/www.zontoshairclinic.com\/da\/#website"},"primaryImageOfPage":{"@id":"https:\/\/www.zontoshairclinic.com\/da\/serviceydelser\/langt-haar-fue\/#primaryimage"},"image":{"@id":"https:\/\/www.zontoshairclinic.com\/da\/serviceydelser\/langt-haar-fue\/#primaryimage"},"thumbnailUrl":"https:\/\/www.zontoshairclinic.com\/wp-content\/uploads\/2022\/04\/long-hair-fue-main.webp","datePublished":"2022-03-23T11:49:32+00:00","dateModified":"2022-04-26T12:39:30+00:00","breadcrumb":{"@id":"https:\/\/www.zontoshairclinic.com\/da\/serviceydelser\/langt-haar-fue\/#breadcrumb"},"inLanguage":"da-DK","potentialAction":[{"@type":"ReadAction","target":["https:\/\/www.zontoshairclinic.com\/da\/serviceydelser\/langt-haar-fue\/"]}]},{"@type":"ImageObject","inLanguage":"da-DK","@id":"https:\/\/www.zontoshairclinic.com\/da\/serviceydelser\/langt-haar-fue\/#primaryimage","url":"https:\/\/www.zontoshairclinic.com\/wp-content\/uploads\/2022\/04\/long-hair-fue-main.webp","contentUrl":"https:\/\/www.zontoshairclinic.com\/wp-content\/uploads\/2022\/04\/long-hair-fue-main.webp","width":1920,"height":708,"caption":"Long \u0397air FUE"},{"@type":"BreadcrumbList","@id":"https:\/\/www.zontoshairclinic.com\/da\/serviceydelser\/langt-haar-fue\/#breadcrumb","itemListElement":[{"@type":"ListItem","position":1,"name":"Home","item":"https:\/\/www.zontoshairclinic.com\/da\/"},{"@type":"ListItem","position":2,"name":"Serviceydelser","item":"https:\/\/www.zontoshairclinic.com\/da\/serviceydelser\/"},{"@type":"ListItem","position":3,"name":"Langt h\u00e5r FUE"}]},{"@type":"WebSite","@id":"https:\/\/www.zontoshairclinic.com\/da\/#website","url":"https:\/\/www.zontoshairclinic.com\/da\/","name":"zontoshairclinic.com","description":"Zontos Hair Clinic","potentialAction":[{"@type":"SearchAction","target":{"@type":"EntryPoint","urlTemplate":"https:\/\/www.zontoshairclinic.com\/da\/?s={search_term_string}"},"query-input":{"@type":"PropertyValueSpecification","valueRequired":true,"valueName":"search_term_string"}}],"inLanguage":"da-DK"}]}},"_links":{"self":[{"href":"https:\/\/www.zontoshairclinic.com\/da\/wp-json\/wp\/v2\/pages\/2425","targetHints":{"allow":["GET"]}}],"collection":[{"href":"https:\/\/www.zontoshairclinic.com\/da\/wp-json\/wp\/v2\/pages"}],"about":[{"href":"https:\/\/www.zontoshairclinic.com\/da\/wp-json\/wp\/v2\/types\/page"}],"author":[{"embeddable":true,"href":"https:\/\/www.zontoshairclinic.com\/da\/wp-json\/wp\/v2\/users\/2"}],"replies":[{"embeddable":true,"href":"https:\/\/www.zontoshairclinic.com\/da\/wp-json\/wp\/v2\/comments?post=2425"}],"version-history":[{"count":2,"href":"https:\/\/www.zontoshairclinic.com\/da\/wp-json\/wp\/v2\/pages\/2425\/revisions"}],"predecessor-version":[{"id":2429,"href":"https:\/\/www.zontoshairclinic.com\/da\/wp-json\/wp\/v2\/pages\/2425\/revisions\/2429"}],"up":[{"embeddable":true,"href":"https:\/\/www.zontoshairclinic.com\/da\/wp-json\/wp\/v2\/pages\/2153"}],"wp:featuredmedia":[{"embeddable":true,"href":"https:\/\/www.zontoshairclinic.com\/da\/wp-json\/wp\/v2\/media\/1965"}],"wp:attachment":[{"href":"https:\/\/www.zontoshairclinic.com\/da\/wp-json\/wp\/v2\/media?parent=2425"}],"curies":[{"name":"wp","href":"https:\/\/api.w.org\/{rel}","templated":true}]}}