{"id":2435,"date":"2022-03-23T13:56:29","date_gmt":"2022-03-23T11:56:29","guid":{"rendered":"https:\/\/www.zontoshairclinic.com\/serviceydelser\/body-hair-fue\/"},"modified":"2022-04-26T15:46:16","modified_gmt":"2022-04-26T12:46:16","slug":"body-hair-fue","status":"publish","type":"page","link":"https:\/\/www.zontoshairclinic.com\/da\/serviceydelser\/body-hair-fue\/","title":{"rendered":"Body Hair FUE"},"content":{"rendered":"<section class=\"l-section wpb_row height_small\"><div class=\"l-section-h i-cf\"><div class=\"g-cols vc_row via_grid cols_1 laptops-cols_inherit tablets-cols_inherit mobiles-cols_1 valign_top type_default stacking_default\"><div class=\"wpb_column vc_column_container\"><div class=\"vc_column-inner\"><h1 class=\"w-text us_custom_31cea8a2 page-title-line\"><span class=\"w-text-h\"><span class=\"w-text-value\">Body Hair FUE Kropsh\u00e5r FUE h\u00e5rtransplantation<\/span><\/span><\/h1><\/div><\/div><\/div><\/div><\/section><section class=\"l-section wpb_row height_auto\"><div class=\"l-section-h i-cf\"><div class=\"g-cols vc_row via_grid cols_1 laptops-cols_inherit tablets-cols_inherit mobiles-cols_1 valign_top type_default stacking_default\"><div class=\"wpb_column vc_column_container\"><div class=\"vc_column-inner\"><div class=\"wpb_text_column\"><div class=\"wpb_wrapper\"><p>Den st\u00f8rste forskel mellem kropsh\u00e5r FUE (BHFUE) og den normale FUE-h\u00e5rtransplantationsteknik er, at i det f\u00f8rste tilf\u00e6lde kommer de follikul\u00e6re enheder, der bruges som grafts under proceduren, fra andre dele af kroppen i stedet for hovedet.<\/p>\n<p>De follikul\u00e6re enheder eller grafts er udtaget direkte fra sk\u00e6g, bryst, ryg, eller arme. Grafts udtages fra donoromr\u00e5det under lokalbed\u00f8velse. Udtagelsen af h\u00e5rs\u00e6kkene fra sk\u00e6g foretr\u00e6kkes frem for de andre f\u00f8rn\u00e6nte omr\u00e5der, fordi:  <\/p>\n<ul>\n<li>St\u00f8rrelsen af h\u00e5ret, der samles fra dette omr\u00e5de, er meget st\u00f8rre sammenlignet med h\u00e5ret fra resten af kroppen.<\/li>\n<li>Helingsprocessen er meget hurtigere, med meget mindre ardannelse og minimal hypopigmentering.<\/li>\n<\/ul>\n<p>H\u00e5ret fra sk\u00e6g har en l\u00e6ngere anagen fase og vokser derfor l\u00e6ngere end andre kropsh\u00e5r, der giver langt bedre volumen.<\/p>\n<p>Kropsh\u00e5rs\u00e6kkene, som er udtaget fra forskellige donoromr\u00e5der isoleres og udtages uden anvendelse af skalpel og sting. De sm\u00e5 s\u00e5r i donoromr\u00e5det er fuldst\u00e6ndig helet indenfor seks dage efter proceduren. <\/p>\n<p>Sk\u00e6gh\u00e5r er et udm\u00e6rket alternativ til patienter med begr\u00e6nsede donorarealer i hovedbunden. Det kan ogs\u00e5 bruges til lokal restaurering af skaldede omr\u00e5der samt til behandling af synlige ar for\u00e5rsaget af Strip-metoden eller andre grunde. <\/p>\n<p>Kropsh\u00e5r FUE Transplantation udvider potentielt donoromr\u00e5det til resten af kroppen og giver l\u00e6gen mulighed for at samle h\u00e5r fra andre dele af kroppen end hovedet. Derfor, vil patienter, der lider af alvorligt h\u00e5rtab, opn\u00e5 fremragende resultater.<\/p>\n<\/div><\/div><\/div><\/div><\/div><\/div><\/section>\n","protected":false},"excerpt":{"rendered":"Body Hair FUE Kropsh\u00e5r FUE h\u00e5rtransplantationDen st\u00f8rste forskel mellem kropsh\u00e5r FUE (BHFUE) og den normale FUE-h\u00e5rtransplantationsteknik er, at i det f\u00f8rste tilf\u00e6lde kommer de follikul\u00e6re enheder, der bruges som grafts under proceduren, fra andre dele af kroppen i stedet for hovedet. De follikul\u00e6re enheder eller grafts er udtaget direkte fra sk\u00e6g, bryst, ryg, eller arme....","protected":false},"author":2,"featured_media":1907,"parent":2153,"menu_order":0,"comment_status":"closed","ping_status":"closed","template":"","meta":{"inline_featured_image":false,"footnotes":""},"class_list":["post-2435","page","type-page","status-publish","has-post-thumbnail","hentry"],"yoast_head":"<!-- This site is optimized with the Yoast SEO plugin v24.9 - https:\/\/yoast.com\/wordpress\/plugins\/seo\/ -->\n<title>Body Hair FUE - zontoshairclinic.com<\/title>\n<meta name=\"robots\" content=\"index, follow, max-snippet:-1, max-image-preview:large, max-video-preview:-1\" \/>\n<link rel=\"canonical\" href=\"https:\/\/www.zontoshairclinic.com\/da\/serviceydelser\/body-hair-fue\/\" \/>\n<meta property=\"og:locale\" content=\"da_DK\" \/>\n<meta property=\"og:type\" content=\"article\" \/>\n<meta property=\"og:title\" content=\"Body Hair FUE - zontoshairclinic.com\" \/>\n<meta property=\"og:url\" content=\"https:\/\/www.zontoshairclinic.com\/da\/serviceydelser\/body-hair-fue\/\" \/>\n<meta property=\"og:site_name\" content=\"zontoshairclinic.com\" \/>\n<meta property=\"article:modified_time\" content=\"2022-04-26T12:46:16+00:00\" \/>\n<meta property=\"og:image\" content=\"https:\/\/www.zontoshairclinic.com\/wp-content\/uploads\/2022\/03\/nav-services__bodyFue.webp\" \/>\n\t<meta property=\"og:image:width\" content=\"380\" \/>\n\t<meta property=\"og:image:height\" content=\"220\" \/>\n\t<meta property=\"og:image:type\" content=\"image\/webp\" \/>\n<meta name=\"twitter:card\" content=\"summary_large_image\" \/>\n<meta name=\"twitter:label1\" content=\"Estimeret l\u00e6setid\" \/>\n\t<meta name=\"twitter:data1\" content=\"2 minutter\" \/>\n<script type=\"application\/ld+json\" class=\"yoast-schema-graph\">{\"@context\":\"https:\/\/schema.org\",\"@graph\":[{\"@type\":\"WebPage\",\"@id\":\"https:\/\/www.zontoshairclinic.com\/da\/serviceydelser\/body-hair-fue\/\",\"url\":\"https:\/\/www.zontoshairclinic.com\/da\/serviceydelser\/body-hair-fue\/\",\"name\":\"Body Hair FUE - zontoshairclinic.com\",\"isPartOf\":{\"@id\":\"https:\/\/www.zontoshairclinic.com\/da\/#website\"},\"primaryImageOfPage\":{\"@id\":\"https:\/\/www.zontoshairclinic.com\/da\/serviceydelser\/body-hair-fue\/#primaryimage\"},\"image\":{\"@id\":\"https:\/\/www.zontoshairclinic.com\/da\/serviceydelser\/body-hair-fue\/#primaryimage\"},\"thumbnailUrl\":\"https:\/\/www.zontoshairclinic.com\/wp-content\/uploads\/2022\/03\/nav-services__bodyFue.webp\",\"datePublished\":\"2022-03-23T11:56:29+00:00\",\"dateModified\":\"2022-04-26T12:46:16+00:00\",\"breadcrumb\":{\"@id\":\"https:\/\/www.zontoshairclinic.com\/da\/serviceydelser\/body-hair-fue\/#breadcrumb\"},\"inLanguage\":\"da-DK\",\"potentialAction\":[{\"@type\":\"ReadAction\",\"target\":[\"https:\/\/www.zontoshairclinic.com\/da\/serviceydelser\/body-hair-fue\/\"]}]},{\"@type\":\"ImageObject\",\"inLanguage\":\"da-DK\",\"@id\":\"https:\/\/www.zontoshairclinic.com\/da\/serviceydelser\/body-hair-fue\/#primaryimage\",\"url\":\"https:\/\/www.zontoshairclinic.com\/wp-content\/uploads\/2022\/03\/nav-services__bodyFue.webp\",\"contentUrl\":\"https:\/\/www.zontoshairclinic.com\/wp-content\/uploads\/2022\/03\/nav-services__bodyFue.webp\",\"width\":380,\"height\":220},{\"@type\":\"BreadcrumbList\",\"@id\":\"https:\/\/www.zontoshairclinic.com\/da\/serviceydelser\/body-hair-fue\/#breadcrumb\",\"itemListElement\":[{\"@type\":\"ListItem\",\"position\":1,\"name\":\"Home\",\"item\":\"https:\/\/www.zontoshairclinic.com\/da\/\"},{\"@type\":\"ListItem\",\"position\":2,\"name\":\"Serviceydelser\",\"item\":\"https:\/\/www.zontoshairclinic.com\/da\/serviceydelser\/\"},{\"@type\":\"ListItem\",\"position\":3,\"name\":\"Body Hair FUE\"}]},{\"@type\":\"WebSite\",\"@id\":\"https:\/\/www.zontoshairclinic.com\/da\/#website\",\"url\":\"https:\/\/www.zontoshairclinic.com\/da\/\",\"name\":\"zontoshairclinic.com\",\"description\":\"Zontos Hair Clinic\",\"potentialAction\":[{\"@type\":\"SearchAction\",\"target\":{\"@type\":\"EntryPoint\",\"urlTemplate\":\"https:\/\/www.zontoshairclinic.com\/da\/?s={search_term_string}\"},\"query-input\":{\"@type\":\"PropertyValueSpecification\",\"valueRequired\":true,\"valueName\":\"search_term_string\"}}],\"inLanguage\":\"da-DK\"}]}<\/script>\n<!-- \/ Yoast SEO plugin. -->","yoast_head_json":{"title":"Body Hair FUE - zontoshairclinic.com","robots":{"index":"index","follow":"follow","max-snippet":"max-snippet:-1","max-image-preview":"max-image-preview:large","max-video-preview":"max-video-preview:-1"},"canonical":"https:\/\/www.zontoshairclinic.com\/da\/serviceydelser\/body-hair-fue\/","og_locale":"da_DK","og_type":"article","og_title":"Body Hair FUE - zontoshairclinic.com","og_url":"https:\/\/www.zontoshairclinic.com\/da\/serviceydelser\/body-hair-fue\/","og_site_name":"zontoshairclinic.com","article_modified_time":"2022-04-26T12:46:16+00:00","og_image":[{"width":380,"height":220,"url":"https:\/\/www.zontoshairclinic.com\/wp-content\/uploads\/2022\/03\/nav-services__bodyFue.webp","type":"image\/webp"}],"twitter_card":"summary_large_image","twitter_misc":{"Estimeret l\u00e6setid":"2 minutter"},"schema":{"@context":"https:\/\/schema.org","@graph":[{"@type":"WebPage","@id":"https:\/\/www.zontoshairclinic.com\/da\/serviceydelser\/body-hair-fue\/","url":"https:\/\/www.zontoshairclinic.com\/da\/serviceydelser\/body-hair-fue\/","name":"Body Hair FUE - zontoshairclinic.com","isPartOf":{"@id":"https:\/\/www.zontoshairclinic.com\/da\/#website"},"primaryImageOfPage":{"@id":"https:\/\/www.zontoshairclinic.com\/da\/serviceydelser\/body-hair-fue\/#primaryimage"},"image":{"@id":"https:\/\/www.zontoshairclinic.com\/da\/serviceydelser\/body-hair-fue\/#primaryimage"},"thumbnailUrl":"https:\/\/www.zontoshairclinic.com\/wp-content\/uploads\/2022\/03\/nav-services__bodyFue.webp","datePublished":"2022-03-23T11:56:29+00:00","dateModified":"2022-04-26T12:46:16+00:00","breadcrumb":{"@id":"https:\/\/www.zontoshairclinic.com\/da\/serviceydelser\/body-hair-fue\/#breadcrumb"},"inLanguage":"da-DK","potentialAction":[{"@type":"ReadAction","target":["https:\/\/www.zontoshairclinic.com\/da\/serviceydelser\/body-hair-fue\/"]}]},{"@type":"ImageObject","inLanguage":"da-DK","@id":"https:\/\/www.zontoshairclinic.com\/da\/serviceydelser\/body-hair-fue\/#primaryimage","url":"https:\/\/www.zontoshairclinic.com\/wp-content\/uploads\/2022\/03\/nav-services__bodyFue.webp","contentUrl":"https:\/\/www.zontoshairclinic.com\/wp-content\/uploads\/2022\/03\/nav-services__bodyFue.webp","width":380,"height":220},{"@type":"BreadcrumbList","@id":"https:\/\/www.zontoshairclinic.com\/da\/serviceydelser\/body-hair-fue\/#breadcrumb","itemListElement":[{"@type":"ListItem","position":1,"name":"Home","item":"https:\/\/www.zontoshairclinic.com\/da\/"},{"@type":"ListItem","position":2,"name":"Serviceydelser","item":"https:\/\/www.zontoshairclinic.com\/da\/serviceydelser\/"},{"@type":"ListItem","position":3,"name":"Body Hair FUE"}]},{"@type":"WebSite","@id":"https:\/\/www.zontoshairclinic.com\/da\/#website","url":"https:\/\/www.zontoshairclinic.com\/da\/","name":"zontoshairclinic.com","description":"Zontos Hair Clinic","potentialAction":[{"@type":"SearchAction","target":{"@type":"EntryPoint","urlTemplate":"https:\/\/www.zontoshairclinic.com\/da\/?s={search_term_string}"},"query-input":{"@type":"PropertyValueSpecification","valueRequired":true,"valueName":"search_term_string"}}],"inLanguage":"da-DK"}]}},"_links":{"self":[{"href":"https:\/\/www.zontoshairclinic.com\/da\/wp-json\/wp\/v2\/pages\/2435","targetHints":{"allow":["GET"]}}],"collection":[{"href":"https:\/\/www.zontoshairclinic.com\/da\/wp-json\/wp\/v2\/pages"}],"about":[{"href":"https:\/\/www.zontoshairclinic.com\/da\/wp-json\/wp\/v2\/types\/page"}],"author":[{"embeddable":true,"href":"https:\/\/www.zontoshairclinic.com\/da\/wp-json\/wp\/v2\/users\/2"}],"replies":[{"embeddable":true,"href":"https:\/\/www.zontoshairclinic.com\/da\/wp-json\/wp\/v2\/comments?post=2435"}],"version-history":[{"count":2,"href":"https:\/\/www.zontoshairclinic.com\/da\/wp-json\/wp\/v2\/pages\/2435\/revisions"}],"predecessor-version":[{"id":2437,"href":"https:\/\/www.zontoshairclinic.com\/da\/wp-json\/wp\/v2\/pages\/2435\/revisions\/2437"}],"up":[{"embeddable":true,"href":"https:\/\/www.zontoshairclinic.com\/da\/wp-json\/wp\/v2\/pages\/2153"}],"wp:featuredmedia":[{"embeddable":true,"href":"https:\/\/www.zontoshairclinic.com\/da\/wp-json\/wp\/v2\/media\/1907"}],"wp:attachment":[{"href":"https:\/\/www.zontoshairclinic.com\/da\/wp-json\/wp\/v2\/media?parent=2435"}],"curies":[{"name":"wp","href":"https:\/\/api.w.org\/{rel}","templated":true}]}}