{"id":2443,"date":"2022-03-23T13:59:44","date_gmt":"2022-03-23T11:59:44","guid":{"rendered":"https:\/\/www.zontoshairclinic.com\/serviceydelser\/follysis-diagnose\/"},"modified":"2022-04-26T15:54:22","modified_gmt":"2022-04-26T12:54:22","slug":"follysis-diagnose","status":"publish","type":"page","link":"https:\/\/www.zontoshairclinic.com\/da\/serviceydelser\/follysis-diagnose\/","title":{"rendered":"FOLLYSIS \u00a9 Diagnose"},"content":{"rendered":"<section class=\"l-section wpb_row top-header-img height_auto\"><div class=\"l-section-h i-cf\"><div class=\"g-cols vc_row via_grid cols_1 laptops-cols_inherit tablets-cols_inherit mobiles-cols_1 valign_top type_default stacking_default\"><div class=\"wpb_column vc_column_container\"><div class=\"vc_column-inner\"><div class=\"w-image us_custom_3dce2f07 align_center\"><div class=\"w-image-h\"><img loading=\"lazy\" decoding=\"async\" width=\"1920\" height=\"784\" src=\"https:\/\/www.zontoshairclinic.com\/wp-content\/uploads\/2022\/04\/fotollysis-main-image.jpg\" class=\"attachment-full size-full\" alt=\"\u0394\u03b9\u03ac\u03b3\u03bd\u03c9\u03c3\u03b7 FOLLYSIS\u00a9\" loading=\"lazy\" srcset=\"https:\/\/www.zontoshairclinic.com\/wp-content\/uploads\/2022\/04\/fotollysis-main-image.jpg 1920w, https:\/\/www.zontoshairclinic.com\/wp-content\/uploads\/2022\/04\/fotollysis-main-image-300x123.jpg 300w, https:\/\/www.zontoshairclinic.com\/wp-content\/uploads\/2022\/04\/fotollysis-main-image-1024x418.jpg 1024w\" sizes=\"auto, (max-width: 1920px) 100vw, 1920px\" \/><\/div><\/div><\/div><\/div><\/div><\/div><\/section><section class=\"l-section wpb_row height_small\"><div class=\"l-section-h i-cf\"><div class=\"g-cols vc_row via_grid cols_1 laptops-cols_inherit tablets-cols_inherit mobiles-cols_1 valign_top type_default stacking_default\"><div class=\"wpb_column vc_column_container\"><div class=\"vc_column-inner\"><h1 class=\"w-text us_custom_a100d349 page-title-line\"><span class=\"w-text-h\"><span class=\"w-text-value\">FOLLYSIS \u00a9 Diagnose.<\/span><\/span><\/h1><div class=\"wpb_text_column\"><div class=\"wpb_wrapper\"><h2><strong>Avanceret diagnose ved hj\u00e6lp af FOLLYSIS \u00a9<\/strong><\/h2>\n<p>FOLLYSIS \u00a9 er et specifikt designet system, der inkluderer en avanceret database og avanceret billedanalyse, dedikeret udelukkende til at yde det bedste indenfor h\u00e5r restaurering, herunder behandling, planl\u00e6gning og patientopf\u00f8lgning.   <\/p>\n<p>FOLLYSIS \u00a9 blev dannet af Dr. Zontos og hans hold p\u00e5 det medicinske fakultet p\u00e5 Patras universitet. Det er et patenteret system, og det bruges af Dr. Zontos i hans daglige praksis. FOLLYSIS \u00a9 er blevet pr\u00e6senteret p\u00e5 to verdenskonferencer:    <\/p>\n<ul>\n<li>22. ISHRS Kuala Lumpur, i Malaysia, hvor det modtog en pris for Original Forskningsarbejde<\/li>\n<li>27. ISHRS Bangkok 2019<\/li>\n<\/ul>\n<p>Systemet bliver l\u00f8bende opdateret. Dr. James Harris, velkendt i FUE, er for nylig blevet medlem af vores forskerhold for at forbedre det yderligere.<\/p>\n<\/div><\/div><div class=\"w-image us_custom_2743a2d3 align_center meta_simple\"><div class=\"w-image-h\"><img loading=\"lazy\" decoding=\"async\" width=\"600\" height=\"352\" src=\"https:\/\/www.zontoshairclinic.com\/wp-content\/uploads\/2022\/03\/diag__follysis.webp\" class=\"attachment-full size-full\" alt=\"Designs The Treatment Planning\" loading=\"lazy\" srcset=\"https:\/\/www.zontoshairclinic.com\/wp-content\/uploads\/2022\/03\/diag__follysis.webp 600w, https:\/\/www.zontoshairclinic.com\/wp-content\/uploads\/2022\/03\/diag__follysis-300x176.webp 300w\" sizes=\"auto, (max-width: 600px) 100vw, 600px\" \/><\/div><div class=\"w-image-meta\"><div class=\"w-image-title\">Designs The Treatment Planning<\/div><\/div><\/div><div class=\"wpb_text_column\"><div class=\"wpb_wrapper\"><h2>Fordelene ved FOLLYSIS \u00a9<\/h2>\n<ul>\n<li>Hj\u00e6lper l\u00e6gen med at stille rettidig, pr\u00e6cis og detaljeret h\u00e5rtabdiagnose<\/li>\n<li>Registrerer og arkiverer dataerne for hver patient<\/li>\n<li>Hj\u00e6lper l\u00e6gen med at planl\u00e6gge en speciel behandling til hver patient<\/li>\n<li>Beregner h\u00e5rtykkelse og \u00e6ndringer i h\u00e5rvolumen<\/li>\n<li>Overv\u00e5ger patientens forl\u00f8b efter operationen<\/li>\n<li>Kvantificerer resultaterne for hver patient<\/li>\n<\/ul>\n<h2>FOLLYSIS og behandlingsplanl\u00e6gning.<\/h2>\n<p>Follysis bruger avanceret billedanalyse og behandlingsteknikker til automatisk at m\u00e5le de vigtige egenskaber for b\u00e5de donor- og modtageromr\u00e5det, herunder overfladest\u00f8rrelse og krumning i hvert omr\u00e5de, genkender h\u00e5r og follikul\u00e6re enheder p\u00e5 mikrobilleder og beregner h\u00e5r \/ graftdensitet. <\/p>\n<p>Derfor er Follysis et brugervenligt system, der hj\u00e6lper l\u00e6gen med at beslutte:<\/p>\n<ul>\n<li>Det n\u00f8jagtige antal h\u00e5r, der er n\u00f8dvendigt for hvert modtageromr\u00e5de<\/li>\n<li>Det n\u00f8jagtige antal grafts, der skal h\u00f8stes<\/li>\n<li>Den optimale fordeling af grafts p\u00e5 modtageromr\u00e5derne<\/li>\n<li>Den n\u00f8jagtige overfladest\u00f8rrelse p\u00e5 det donorareal, der skal bruges<\/li>\n<\/ul>\n<\/div><\/div><\/div><\/div><\/div><\/div><\/section>\n","protected":false},"excerpt":{"rendered":"FOLLYSIS \u00a9 Diagnose.Avanceret diagnose ved hj\u00e6lp af FOLLYSIS \u00a9 FOLLYSIS \u00a9 er et specifikt designet system, der inkluderer en avanceret database og avanceret billedanalyse, dedikeret udelukkende til at yde det bedste indenfor h\u00e5r restaurering, herunder behandling, planl\u00e6gning og patientopf\u00f8lgning. FOLLYSIS \u00a9 blev dannet af Dr. Zontos og hans hold p\u00e5 det medicinske fakultet p\u00e5 Patras...","protected":false},"author":2,"featured_media":1963,"parent":2153,"menu_order":0,"comment_status":"closed","ping_status":"closed","template":"","meta":{"inline_featured_image":false,"footnotes":""},"class_list":["post-2443","page","type-page","status-publish","has-post-thumbnail","hentry"],"yoast_head":"<!-- This site is optimized with the Yoast SEO plugin v24.9 - https:\/\/yoast.com\/wordpress\/plugins\/seo\/ -->\n<title>FOLLYSIS \u00a9 Diagnose - zontoshairclinic.com<\/title>\n<meta name=\"robots\" content=\"index, follow, max-snippet:-1, max-image-preview:large, max-video-preview:-1\" \/>\n<link rel=\"canonical\" href=\"https:\/\/www.zontoshairclinic.com\/da\/serviceydelser\/follysis-diagnose\/\" \/>\n<meta property=\"og:locale\" content=\"da_DK\" \/>\n<meta property=\"og:type\" content=\"article\" \/>\n<meta property=\"og:title\" content=\"FOLLYSIS \u00a9 Diagnose - zontoshairclinic.com\" \/>\n<meta property=\"og:url\" content=\"https:\/\/www.zontoshairclinic.com\/da\/serviceydelser\/follysis-diagnose\/\" \/>\n<meta property=\"og:site_name\" content=\"zontoshairclinic.com\" \/>\n<meta property=\"article:modified_time\" content=\"2022-04-26T12:54:22+00:00\" \/>\n<meta property=\"og:image\" content=\"https:\/\/www.zontoshairclinic.com\/wp-content\/uploads\/2022\/04\/fotollysis-main-image.jpg\" \/>\n\t<meta property=\"og:image:width\" content=\"1920\" \/>\n\t<meta property=\"og:image:height\" content=\"784\" \/>\n\t<meta property=\"og:image:type\" content=\"image\/jpeg\" \/>\n<meta name=\"twitter:card\" content=\"summary_large_image\" \/>\n<meta name=\"twitter:label1\" content=\"Estimeret l\u00e6setid\" \/>\n\t<meta name=\"twitter:data1\" content=\"2 minutter\" \/>\n<script type=\"application\/ld+json\" class=\"yoast-schema-graph\">{\"@context\":\"https:\/\/schema.org\",\"@graph\":[{\"@type\":\"WebPage\",\"@id\":\"https:\/\/www.zontoshairclinic.com\/da\/serviceydelser\/follysis-diagnose\/\",\"url\":\"https:\/\/www.zontoshairclinic.com\/da\/serviceydelser\/follysis-diagnose\/\",\"name\":\"FOLLYSIS \u00a9 Diagnose - zontoshairclinic.com\",\"isPartOf\":{\"@id\":\"https:\/\/www.zontoshairclinic.com\/da\/#website\"},\"primaryImageOfPage\":{\"@id\":\"https:\/\/www.zontoshairclinic.com\/da\/serviceydelser\/follysis-diagnose\/#primaryimage\"},\"image\":{\"@id\":\"https:\/\/www.zontoshairclinic.com\/da\/serviceydelser\/follysis-diagnose\/#primaryimage\"},\"thumbnailUrl\":\"https:\/\/www.zontoshairclinic.com\/wp-content\/uploads\/2022\/04\/fotollysis-main-image.jpg\",\"datePublished\":\"2022-03-23T11:59:44+00:00\",\"dateModified\":\"2022-04-26T12:54:22+00:00\",\"breadcrumb\":{\"@id\":\"https:\/\/www.zontoshairclinic.com\/da\/serviceydelser\/follysis-diagnose\/#breadcrumb\"},\"inLanguage\":\"da-DK\",\"potentialAction\":[{\"@type\":\"ReadAction\",\"target\":[\"https:\/\/www.zontoshairclinic.com\/da\/serviceydelser\/follysis-diagnose\/\"]}]},{\"@type\":\"ImageObject\",\"inLanguage\":\"da-DK\",\"@id\":\"https:\/\/www.zontoshairclinic.com\/da\/serviceydelser\/follysis-diagnose\/#primaryimage\",\"url\":\"https:\/\/www.zontoshairclinic.com\/wp-content\/uploads\/2022\/04\/fotollysis-main-image.jpg\",\"contentUrl\":\"https:\/\/www.zontoshairclinic.com\/wp-content\/uploads\/2022\/04\/fotollysis-main-image.jpg\",\"width\":1920,\"height\":784,\"caption\":\"\u0394\u03b9\u03ac\u03b3\u03bd\u03c9\u03c3\u03b7 FOLLYSIS\u00a9\"},{\"@type\":\"BreadcrumbList\",\"@id\":\"https:\/\/www.zontoshairclinic.com\/da\/serviceydelser\/follysis-diagnose\/#breadcrumb\",\"itemListElement\":[{\"@type\":\"ListItem\",\"position\":1,\"name\":\"Home\",\"item\":\"https:\/\/www.zontoshairclinic.com\/da\/\"},{\"@type\":\"ListItem\",\"position\":2,\"name\":\"Serviceydelser\",\"item\":\"https:\/\/www.zontoshairclinic.com\/da\/serviceydelser\/\"},{\"@type\":\"ListItem\",\"position\":3,\"name\":\"FOLLYSIS \u00a9 Diagnose\"}]},{\"@type\":\"WebSite\",\"@id\":\"https:\/\/www.zontoshairclinic.com\/da\/#website\",\"url\":\"https:\/\/www.zontoshairclinic.com\/da\/\",\"name\":\"zontoshairclinic.com\",\"description\":\"Zontos Hair Clinic\",\"potentialAction\":[{\"@type\":\"SearchAction\",\"target\":{\"@type\":\"EntryPoint\",\"urlTemplate\":\"https:\/\/www.zontoshairclinic.com\/da\/?s={search_term_string}\"},\"query-input\":{\"@type\":\"PropertyValueSpecification\",\"valueRequired\":true,\"valueName\":\"search_term_string\"}}],\"inLanguage\":\"da-DK\"}]}<\/script>\n<!-- \/ Yoast SEO plugin. -->","yoast_head_json":{"title":"FOLLYSIS \u00a9 Diagnose - zontoshairclinic.com","robots":{"index":"index","follow":"follow","max-snippet":"max-snippet:-1","max-image-preview":"max-image-preview:large","max-video-preview":"max-video-preview:-1"},"canonical":"https:\/\/www.zontoshairclinic.com\/da\/serviceydelser\/follysis-diagnose\/","og_locale":"da_DK","og_type":"article","og_title":"FOLLYSIS \u00a9 Diagnose - zontoshairclinic.com","og_url":"https:\/\/www.zontoshairclinic.com\/da\/serviceydelser\/follysis-diagnose\/","og_site_name":"zontoshairclinic.com","article_modified_time":"2022-04-26T12:54:22+00:00","og_image":[{"width":1920,"height":784,"url":"https:\/\/www.zontoshairclinic.com\/wp-content\/uploads\/2022\/04\/fotollysis-main-image.jpg","type":"image\/jpeg"}],"twitter_card":"summary_large_image","twitter_misc":{"Estimeret l\u00e6setid":"2 minutter"},"schema":{"@context":"https:\/\/schema.org","@graph":[{"@type":"WebPage","@id":"https:\/\/www.zontoshairclinic.com\/da\/serviceydelser\/follysis-diagnose\/","url":"https:\/\/www.zontoshairclinic.com\/da\/serviceydelser\/follysis-diagnose\/","name":"FOLLYSIS \u00a9 Diagnose - zontoshairclinic.com","isPartOf":{"@id":"https:\/\/www.zontoshairclinic.com\/da\/#website"},"primaryImageOfPage":{"@id":"https:\/\/www.zontoshairclinic.com\/da\/serviceydelser\/follysis-diagnose\/#primaryimage"},"image":{"@id":"https:\/\/www.zontoshairclinic.com\/da\/serviceydelser\/follysis-diagnose\/#primaryimage"},"thumbnailUrl":"https:\/\/www.zontoshairclinic.com\/wp-content\/uploads\/2022\/04\/fotollysis-main-image.jpg","datePublished":"2022-03-23T11:59:44+00:00","dateModified":"2022-04-26T12:54:22+00:00","breadcrumb":{"@id":"https:\/\/www.zontoshairclinic.com\/da\/serviceydelser\/follysis-diagnose\/#breadcrumb"},"inLanguage":"da-DK","potentialAction":[{"@type":"ReadAction","target":["https:\/\/www.zontoshairclinic.com\/da\/serviceydelser\/follysis-diagnose\/"]}]},{"@type":"ImageObject","inLanguage":"da-DK","@id":"https:\/\/www.zontoshairclinic.com\/da\/serviceydelser\/follysis-diagnose\/#primaryimage","url":"https:\/\/www.zontoshairclinic.com\/wp-content\/uploads\/2022\/04\/fotollysis-main-image.jpg","contentUrl":"https:\/\/www.zontoshairclinic.com\/wp-content\/uploads\/2022\/04\/fotollysis-main-image.jpg","width":1920,"height":784,"caption":"\u0394\u03b9\u03ac\u03b3\u03bd\u03c9\u03c3\u03b7 FOLLYSIS\u00a9"},{"@type":"BreadcrumbList","@id":"https:\/\/www.zontoshairclinic.com\/da\/serviceydelser\/follysis-diagnose\/#breadcrumb","itemListElement":[{"@type":"ListItem","position":1,"name":"Home","item":"https:\/\/www.zontoshairclinic.com\/da\/"},{"@type":"ListItem","position":2,"name":"Serviceydelser","item":"https:\/\/www.zontoshairclinic.com\/da\/serviceydelser\/"},{"@type":"ListItem","position":3,"name":"FOLLYSIS \u00a9 Diagnose"}]},{"@type":"WebSite","@id":"https:\/\/www.zontoshairclinic.com\/da\/#website","url":"https:\/\/www.zontoshairclinic.com\/da\/","name":"zontoshairclinic.com","description":"Zontos Hair Clinic","potentialAction":[{"@type":"SearchAction","target":{"@type":"EntryPoint","urlTemplate":"https:\/\/www.zontoshairclinic.com\/da\/?s={search_term_string}"},"query-input":{"@type":"PropertyValueSpecification","valueRequired":true,"valueName":"search_term_string"}}],"inLanguage":"da-DK"}]}},"_links":{"self":[{"href":"https:\/\/www.zontoshairclinic.com\/da\/wp-json\/wp\/v2\/pages\/2443","targetHints":{"allow":["GET"]}}],"collection":[{"href":"https:\/\/www.zontoshairclinic.com\/da\/wp-json\/wp\/v2\/pages"}],"about":[{"href":"https:\/\/www.zontoshairclinic.com\/da\/wp-json\/wp\/v2\/types\/page"}],"author":[{"embeddable":true,"href":"https:\/\/www.zontoshairclinic.com\/da\/wp-json\/wp\/v2\/users\/2"}],"replies":[{"embeddable":true,"href":"https:\/\/www.zontoshairclinic.com\/da\/wp-json\/wp\/v2\/comments?post=2443"}],"version-history":[{"count":2,"href":"https:\/\/www.zontoshairclinic.com\/da\/wp-json\/wp\/v2\/pages\/2443\/revisions"}],"predecessor-version":[{"id":2445,"href":"https:\/\/www.zontoshairclinic.com\/da\/wp-json\/wp\/v2\/pages\/2443\/revisions\/2445"}],"up":[{"embeddable":true,"href":"https:\/\/www.zontoshairclinic.com\/da\/wp-json\/wp\/v2\/pages\/2153"}],"wp:featuredmedia":[{"embeddable":true,"href":"https:\/\/www.zontoshairclinic.com\/da\/wp-json\/wp\/v2\/media\/1963"}],"wp:attachment":[{"href":"https:\/\/www.zontoshairclinic.com\/da\/wp-json\/wp\/v2\/media?parent=2443"}],"curies":[{"name":"wp","href":"https:\/\/api.w.org\/{rel}","templated":true}]}}