{"id":2451,"date":"2022-03-23T14:14:27","date_gmt":"2022-03-23T12:14:27","guid":{"rendered":"https:\/\/www.zontoshairclinic.com\/serviceydelser\/haartab\/"},"modified":"2022-04-26T16:07:09","modified_gmt":"2022-04-26T13:07:09","slug":"haartab","status":"publish","type":"page","link":"https:\/\/www.zontoshairclinic.com\/da\/serviceydelser\/haartab\/","title":{"rendered":"H\u00e5rtab"},"content":{"rendered":"<section class=\"l-section wpb_row top-header-img height_auto\"><div class=\"l-section-h i-cf\"><div class=\"g-cols vc_row via_grid cols_1 laptops-cols_inherit tablets-cols_inherit mobiles-cols_1 valign_top type_default stacking_default\"><div class=\"wpb_column vc_column_container\"><div class=\"vc_column-inner\"><div class=\"w-image us_custom_3dce2f07 align_center\"><div class=\"w-image-h\"><img loading=\"lazy\" decoding=\"async\" width=\"1919\" height=\"765\" src=\"https:\/\/www.zontoshairclinic.com\/wp-content\/uploads\/2022\/04\/hair-loss__crheader.webp\" class=\"attachment-full size-full\" alt=\"\" loading=\"lazy\" srcset=\"https:\/\/www.zontoshairclinic.com\/wp-content\/uploads\/2022\/04\/hair-loss__crheader.webp 1919w, https:\/\/www.zontoshairclinic.com\/wp-content\/uploads\/2022\/04\/hair-loss__crheader-300x120.webp 300w, https:\/\/www.zontoshairclinic.com\/wp-content\/uploads\/2022\/04\/hair-loss__crheader-1024x408.webp 1024w\" sizes=\"auto, (max-width: 1919px) 100vw, 1919px\" \/><\/div><\/div><\/div><\/div><\/div><\/div><\/section><section class=\"l-section wpb_row height_small\"><div class=\"l-section-h i-cf\"><div class=\"g-cols vc_row via_grid cols_1 laptops-cols_inherit tablets-cols_inherit mobiles-cols_1 valign_top type_default stacking_default\"><div class=\"wpb_column vc_column_container\"><div class=\"vc_column-inner\"><h1 class=\"w-text us_custom_31cea8a2 page-title-line\"><span class=\"w-text-h\"><span class=\"w-text-value\">H\u00e5rtab<\/span><\/span><\/h1><\/div><\/div><\/div><\/div><\/section><section class=\"l-section wpb_row us_custom_bcf7e3f8 height_auto\"><div class=\"l-section-h i-cf\"><div class=\"g-cols vc_row via_grid cols_1 laptops-cols_inherit tablets-cols_inherit mobiles-cols_1 valign_top type_default stacking_default\"><div class=\"wpb_column vc_column_container\"><div class=\"vc_column-inner\"><div class=\"wpb_text_column\"><div class=\"wpb_wrapper\"><p>H\u00e5rtab er en tilstand, ogs\u00e5 kendt som alopecia. Det kan p\u00e5virke h\u00e5r ikke kun p\u00e5 hovedet, men ogs\u00e5 p\u00e5 resten af kroppen, og det kan v\u00e6re midlertidigt eller permanent. Det er hovedsageligt arveligt, men det kan ogs\u00e5 v\u00e6re et resultat af hormonelle \u00e6ndringer, medicinske tilstande eller et typisk tegn p\u00e5 aldring. Alle kan opleve h\u00e5rtab, men det er langt mere almindeligt hos m\u00e6nd. Arveligt h\u00e5rtab p\u00e5 grund af alderen er den mest almindelige \u00e5rsag. Startalderen og h\u00e5rtabsprocenten varierer fra patient til patient. Nogle patienter mister alt deres h\u00e5r fra puberteten, mens det i andre tilf\u00e6lde bliver gradvist tyndere i \u00e5renes l\u00f8b. Familiens sygehistorie i forhold til h\u00e5rtab bestemmer ikke n\u00f8dvendigvis m\u00f8nsteret for h\u00e5rtab hos hver enkelt person.<\/p>\n<\/div><\/div><\/div><\/div><\/div><\/div><\/section><section class=\"l-section wpb_row height_auto\"><div class=\"l-section-h i-cf\"><div class=\"g-cols vc_row via_grid cols_2-1 laptops-cols_inherit tablets-cols_inherit mobiles-cols_1 valign_top type_default stacking_default\"><div class=\"wpb_column vc_column_container\"><div class=\"vc_column-inner\"><div class=\"wpb_text_column\"><div class=\"wpb_wrapper\"><h2 class=\"title--small\">\u00c5rsager til h\u00e5rtab og hyppighed.<\/h2>\n<p>Folk mister generelt 50 til 100 h\u00e5rs\u00e6kke om dagen. Normalt for\u00e5rsager dette ikke nogen bekymring, da det tabte h\u00e5r regenereres af de h\u00e5rs\u00e6kke, der forbliver sunde. H\u00e5rtab kr\u00e6ver behandling, n\u00e5r antallet af tabte h\u00e5r er st\u00f8rre end antallet af h\u00e5r, der regenereres hver dag. Androgen alopeci er en genetisk defineret tilstand. Androgener anses for at v\u00e6re n\u00f8dvendige for udviklingen af androgen alopeci, da de aldrig er blevet fundet hos kastrerede drenge f\u00f8r puberteten. Udviklingen af androgen alopeci h\u00e6mmes, hvis m\u00e6nd kastreres efter puberteten. Det er blevet h\u00e6vdet, at dette er en dominerende arvelig lidelse med forskellige former og grader. Dog kan h\u00e5rtab ogs\u00e5 betragtes som en multigenisk genetisk tilstand. Androgen alopeci er en udbredt lidelse, der rammer ca. 50% af m\u00e6ndene og m\u00e5ske lige s\u00e5 mange kvinder efter 40 \u00e5rs alderen. Ca. 13% af pr\u00e6menopausale kvinder har indikationer for androgen alopeci. Tilf\u00e6ldene af androgen alopeci \u00f8ges markant efter overgangsalderen og kan p\u00e5virke op til 75% af kvinder over 65 \u00e5r. Hyppigheden og omfanget af h\u00e5rtab er forskellig for hver patient, og forskning har vist, at der ikke er nogen forbindelse til en bestemt kost, frisure, infektion eller en hormonel lidelse.<\/p>\n<\/div><\/div><\/div><\/div><div class=\"wpb_column vc_column_container\"><div class=\"vc_column-inner\"><div class=\"w-image us_custom_2743a2d3 align_center\"><div class=\"w-image-h\"><img loading=\"lazy\" decoding=\"async\" width=\"1136\" height=\"758\" src=\"https:\/\/www.zontoshairclinic.com\/wp-content\/uploads\/2022\/03\/hair-loss__causes.webp\" class=\"attachment-full size-full\" alt=\"\" loading=\"lazy\" srcset=\"https:\/\/www.zontoshairclinic.com\/wp-content\/uploads\/2022\/03\/hair-loss__causes.webp 1136w, https:\/\/www.zontoshairclinic.com\/wp-content\/uploads\/2022\/03\/hair-loss__causes-300x200.webp 300w, https:\/\/www.zontoshairclinic.com\/wp-content\/uploads\/2022\/03\/hair-loss__causes-1024x683.webp 1024w\" sizes=\"auto, (max-width: 1136px) 100vw, 1136px\" \/><\/div><\/div><\/div><\/div><\/div><\/div><\/section><section class=\"l-section wpb_row height_auto\"><div class=\"l-section-h i-cf\"><div class=\"g-cols vc_row via_grid cols_1 laptops-cols_inherit tablets-cols_inherit mobiles-cols_1 valign_top type_default stacking_default\"><div class=\"wpb_column vc_column_container\"><div class=\"vc_column-inner\"><div class=\"wpb_text_column\"><div class=\"wpb_wrapper\"><h2>Androgenetisk alopeci.<\/h2>\n<p>Dette er en genetisk bestemt progressiv lidelse, der f\u00f8rer til en gradvis omdannelse af terminalh\u00e5r til mellemh\u00e5r og til sidst til dunh\u00e5r. Patienter med androgen alopeci har et reduceret forhold mellem terminalh\u00e5r og dunh\u00e5r p\u00e5 ca. 1: 4. Patienter med denne lidelse udvikler normalt det typiske h\u00e5rtabsm\u00f8nster.  <\/p>\n<p>I androgen alopeci har unders\u00f8gelser vist, at h\u00e5rfolliklen automatisk fornyes gennem keratinocytter &#8211; stamceller i h\u00e5rs\u00e6kkens udbulede omr\u00e5de. Dette er en genetisk bestemt tilstand i overensstemmelse med unders\u00f8gelser, der viser, at den st\u00e6rkeste forbindelse til androgen alopeci er til stede i 3q26 p\u00e5 X-kromosomet.<\/p>\n<\/div><\/div><div class=\"g-cols wpb_row us_custom_3e2203ad via_grid cols_2 laptops-cols_inherit tablets-cols_inherit mobiles-cols_1 valign_top type_default stacking_default\" style=\"--columns-gap:3rem;\"><div class=\"wpb_column vc_column_container\"><div class=\"vc_column-inner\"><div class=\"w-image us_custom_2743a2d3 align_center\"><div class=\"w-image-h\"><img loading=\"lazy\" decoding=\"async\" width=\"781\" height=\"521\" src=\"https:\/\/www.zontoshairclinic.com\/wp-content\/uploads\/2022\/03\/hair-loss__alopecia.webp\" class=\"attachment-full size-full\" alt=\"\" loading=\"lazy\" srcset=\"https:\/\/www.zontoshairclinic.com\/wp-content\/uploads\/2022\/03\/hair-loss__alopecia.webp 781w, https:\/\/www.zontoshairclinic.com\/wp-content\/uploads\/2022\/03\/hair-loss__alopecia-300x200.webp 300w\" sizes=\"auto, (max-width: 781px) 100vw, 781px\" \/><\/div><\/div><\/div><\/div><div class=\"wpb_column vc_column_container\"><div class=\"vc_column-inner\"><div class=\"w-image us_custom_2743a2d3 align_center\"><div class=\"w-image-h\"><img loading=\"lazy\" decoding=\"async\" width=\"744\" height=\"497\" src=\"https:\/\/www.zontoshairclinic.com\/wp-content\/uploads\/2022\/03\/hair-loss__alopecia2.webp\" class=\"attachment-full size-full\" alt=\"\" loading=\"lazy\" srcset=\"https:\/\/www.zontoshairclinic.com\/wp-content\/uploads\/2022\/03\/hair-loss__alopecia2.webp 744w, https:\/\/www.zontoshairclinic.com\/wp-content\/uploads\/2022\/03\/hair-loss__alopecia2-300x200.webp 300w\" sizes=\"auto, (max-width: 744px) 100vw, 744px\" \/><\/div><\/div><\/div><\/div><\/div><\/div><\/div><\/div><\/div><\/section><section class=\"l-section wpb_row us_custom_856d843b height_auto\"><div class=\"l-section-h i-cf\"><div class=\"g-cols vc_row via_grid cols_1 laptops-cols_inherit tablets-cols_inherit mobiles-cols_1 valign_top type_default stacking_default\"><div class=\"wpb_column vc_column_container us_custom_af3f5308 has_text_color has_bg_color\"><div class=\"vc_column-inner\"><div class=\"wpb_text_column\"><div class=\"wpb_wrapper\"><blockquote>\n<p>I dag giver videnskaben os mulighed for at tilbyde patienterne et helt naturligt udseende. Vi har forbedret vores forst\u00e5else af h\u00e5rtabsmekanismer, og vi perfektionerer konstant behandlinger. Det er meget vigtigt for mig at give mine patienter deres ungdommelige udseende tilbage!  <\/p>\n<\/blockquote>\n<p style=\"text-align: right;\"><strong>Dr. Zontos <\/strong><\/p>\n<\/div><\/div><\/div><\/div><\/div><\/div><\/section><section class=\"l-section wpb_row us_custom_bcf7e3f8 height_auto\"><div class=\"l-section-h i-cf\"><div class=\"g-cols vc_row via_grid cols_1 laptops-cols_inherit tablets-cols_inherit mobiles-cols_1 valign_top type_default stacking_default\"><div class=\"wpb_column vc_column_container\"><div class=\"vc_column-inner\"><div class=\"wpb_text_column\"><div class=\"wpb_wrapper\"><h2>Problemet med h\u00e5rtab<\/h2>\n<p>H\u00e5rets stil og l\u00e6ngde p\u00e5virker ofte patienternes psykologi, og hvordan de ser sig selv. H\u00e5rtab skaber ofte negative f\u00f8lelser og lav selvtillid. Heldigvis findes der nu h\u00e5rtabsbehandlinger, der ikke bare gendanner h\u00e5ret, men ogs\u00e5 patientens positive f\u00f8lelser og selvtillid.<\/p>\n<\/div><\/div><\/div><\/div><\/div><\/div><\/section><section class=\"l-section wpb_row height_auto\"><div class=\"l-section-h i-cf\"><div class=\"g-cols vc_row via_grid cols_2-1 laptops-cols_inherit tablets-cols_inherit mobiles-cols_1 valign_top type_default stacking_default\"><div class=\"wpb_column vc_column_container\"><div class=\"vc_column-inner\"><div class=\"wpb_text_column\"><div class=\"wpb_wrapper\"><h2>Den realistiske l\u00f8sning<\/h2>\n<p>Dr Zontos kan n\u00f8jagtigt vurdere problemet ved hj\u00e6lp af FOLLYSIS, et banebrydende system til diagnose og overv\u00e5gning af h\u00e5rtab. Dette innovative system tager h\u00f8jde for h\u00e5rets t\u00e6thed og tykkelse og ogs\u00e5 hyppighed af h\u00e5rtab, som pr\u00e6cis vurderer problemet og h\u00f8stkapaciteten i donorh\u00e5romr\u00e5det. Ved hj\u00e6lp af FOLLYSIS foresl\u00e5r Dr. Zontos p\u00e5lideligt realistiske l\u00f8sninger, der im\u00f8dekommer den enkelte patients reelle behov.  <\/p>\n<p>Samtidig vurderes patientens sygehistorie og enhver potentiel sygdom, der kan p\u00e5virke operationens sikkerhed og succes. Det skal bem\u00e6rkes, at patienter, der f\u00e5r antikoagulerende behandling, ikke har lov til at f\u00e5 en h\u00e5rtransplantation. Det er vigtigt, at patienter, der lider af en sygdom, f\u00e5r en vurdering fra en specialistl\u00e6ge inden enhver h\u00e5rprocedure.<\/p>\n<\/div><\/div><\/div><\/div><div class=\"wpb_column vc_column_container\"><div class=\"vc_column-inner\"><div class=\"w-image us_custom_2743a2d3 align_center\"><div class=\"w-image-h\"><img loading=\"lazy\" decoding=\"async\" width=\"864\" height=\"577\" src=\"https:\/\/www.zontoshairclinic.com\/wp-content\/uploads\/2022\/03\/hair-loss__solutions.webp\" class=\"attachment-full size-full\" alt=\"\" loading=\"lazy\" srcset=\"https:\/\/www.zontoshairclinic.com\/wp-content\/uploads\/2022\/03\/hair-loss__solutions.webp 864w, https:\/\/www.zontoshairclinic.com\/wp-content\/uploads\/2022\/03\/hair-loss__solutions-300x200.webp 300w\" sizes=\"auto, (max-width: 864px) 100vw, 864px\" \/><\/div><\/div><\/div><\/div><\/div><\/div><\/section><section class=\"l-section wpb_row height_auto\"><div class=\"l-section-h i-cf\"><div class=\"g-cols vc_row via_grid cols_1 laptops-cols_inherit tablets-cols_inherit mobiles-cols_1 valign_top type_default stacking_default\"><div class=\"wpb_column vc_column_container\"><div class=\"vc_column-inner\"><div class=\"wpb_text_column\"><div class=\"wpb_wrapper\"><h2>Hvorn\u00e5r skal man g\u00e5 til l\u00e6gen?<\/h2>\n<p>Det er bydende n\u00f8dvendigt, at du s\u00f8ger r\u00e5d hos din husl\u00e6ge, hvis vedvarende h\u00e5rtab for\u00e5rsager stress og negative f\u00f8lelser, og du \u00f8nsker at finde en passende behandling. Tal med din l\u00e6ge, hvis du bem\u00e6rker pludseligt eller us\u00e6dvanligt h\u00e5rtab, n\u00e5r du reder eller vasker h\u00e5ret. Pludselig h\u00e5rtab kan v\u00e6re tegn p\u00e5 en underliggende medicinsk tilstand, der kr\u00e6ver behandling, inden man finder andre kosmetiske h\u00e5rl\u00f8sninger.  <\/p>\n<p>Inden du v\u00e6lger en behandling, tal med Dr. Zontos om \u00e5rsagen til h\u00e5rtabet, og de rette valg til dig.<\/p>\n<\/div><\/div><\/div><\/div><\/div><\/div><\/section>\n","protected":false},"excerpt":{"rendered":"H\u00e5rtabH\u00e5rtab er en tilstand, ogs\u00e5 kendt som alopecia. Det kan p\u00e5virke h\u00e5r ikke kun p\u00e5 hovedet, men ogs\u00e5 p\u00e5 resten af kroppen, og det kan v\u00e6re midlertidigt eller permanent. Det er hovedsageligt arveligt, men det kan ogs\u00e5 v\u00e6re et resultat af hormonelle \u00e6ndringer, medicinske tilstande eller et typisk tegn p\u00e5 aldring. Alle kan opleve h\u00e5rtab,...","protected":false},"author":2,"featured_media":1961,"parent":2153,"menu_order":0,"comment_status":"closed","ping_status":"closed","template":"","meta":{"inline_featured_image":false,"footnotes":""},"class_list":["post-2451","page","type-page","status-publish","has-post-thumbnail","hentry"],"yoast_head":"<!-- This site is optimized with the Yoast SEO plugin v24.9 - https:\/\/yoast.com\/wordpress\/plugins\/seo\/ -->\n<title>H\u00e5rtab - zontoshairclinic.com<\/title>\n<meta name=\"robots\" content=\"index, follow, max-snippet:-1, max-image-preview:large, max-video-preview:-1\" \/>\n<link rel=\"canonical\" href=\"https:\/\/www.zontoshairclinic.com\/da\/serviceydelser\/haartab\/\" \/>\n<meta property=\"og:locale\" content=\"da_DK\" \/>\n<meta property=\"og:type\" content=\"article\" \/>\n<meta property=\"og:title\" content=\"H\u00e5rtab - zontoshairclinic.com\" \/>\n<meta property=\"og:url\" content=\"https:\/\/www.zontoshairclinic.com\/da\/serviceydelser\/haartab\/\" \/>\n<meta property=\"og:site_name\" content=\"zontoshairclinic.com\" \/>\n<meta property=\"article:modified_time\" content=\"2022-04-26T13:07:09+00:00\" \/>\n<meta property=\"og:image\" content=\"https:\/\/www.zontoshairclinic.com\/wp-content\/uploads\/2022\/04\/hair-loss__crheader.webp\" \/>\n\t<meta property=\"og:image:width\" content=\"1919\" \/>\n\t<meta property=\"og:image:height\" content=\"765\" \/>\n\t<meta property=\"og:image:type\" content=\"image\/webp\" \/>\n<meta name=\"twitter:card\" content=\"summary_large_image\" \/>\n<meta name=\"twitter:label1\" content=\"Estimeret l\u00e6setid\" \/>\n\t<meta name=\"twitter:data1\" content=\"6 minutter\" \/>\n<script type=\"application\/ld+json\" class=\"yoast-schema-graph\">{\"@context\":\"https:\/\/schema.org\",\"@graph\":[{\"@type\":\"WebPage\",\"@id\":\"https:\/\/www.zontoshairclinic.com\/da\/serviceydelser\/haartab\/\",\"url\":\"https:\/\/www.zontoshairclinic.com\/da\/serviceydelser\/haartab\/\",\"name\":\"H\u00e5rtab - zontoshairclinic.com\",\"isPartOf\":{\"@id\":\"https:\/\/www.zontoshairclinic.com\/da\/#website\"},\"primaryImageOfPage\":{\"@id\":\"https:\/\/www.zontoshairclinic.com\/da\/serviceydelser\/haartab\/#primaryimage\"},\"image\":{\"@id\":\"https:\/\/www.zontoshairclinic.com\/da\/serviceydelser\/haartab\/#primaryimage\"},\"thumbnailUrl\":\"https:\/\/www.zontoshairclinic.com\/wp-content\/uploads\/2022\/04\/hair-loss__crheader.webp\",\"datePublished\":\"2022-03-23T12:14:27+00:00\",\"dateModified\":\"2022-04-26T13:07:09+00:00\",\"breadcrumb\":{\"@id\":\"https:\/\/www.zontoshairclinic.com\/da\/serviceydelser\/haartab\/#breadcrumb\"},\"inLanguage\":\"da-DK\",\"potentialAction\":[{\"@type\":\"ReadAction\",\"target\":[\"https:\/\/www.zontoshairclinic.com\/da\/serviceydelser\/haartab\/\"]}]},{\"@type\":\"ImageObject\",\"inLanguage\":\"da-DK\",\"@id\":\"https:\/\/www.zontoshairclinic.com\/da\/serviceydelser\/haartab\/#primaryimage\",\"url\":\"https:\/\/www.zontoshairclinic.com\/wp-content\/uploads\/2022\/04\/hair-loss__crheader.webp\",\"contentUrl\":\"https:\/\/www.zontoshairclinic.com\/wp-content\/uploads\/2022\/04\/hair-loss__crheader.webp\",\"width\":1919,\"height\":765},{\"@type\":\"BreadcrumbList\",\"@id\":\"https:\/\/www.zontoshairclinic.com\/da\/serviceydelser\/haartab\/#breadcrumb\",\"itemListElement\":[{\"@type\":\"ListItem\",\"position\":1,\"name\":\"Home\",\"item\":\"https:\/\/www.zontoshairclinic.com\/da\/\"},{\"@type\":\"ListItem\",\"position\":2,\"name\":\"Serviceydelser\",\"item\":\"https:\/\/www.zontoshairclinic.com\/da\/serviceydelser\/\"},{\"@type\":\"ListItem\",\"position\":3,\"name\":\"H\u00e5rtab\"}]},{\"@type\":\"WebSite\",\"@id\":\"https:\/\/www.zontoshairclinic.com\/da\/#website\",\"url\":\"https:\/\/www.zontoshairclinic.com\/da\/\",\"name\":\"zontoshairclinic.com\",\"description\":\"Zontos Hair Clinic\",\"potentialAction\":[{\"@type\":\"SearchAction\",\"target\":{\"@type\":\"EntryPoint\",\"urlTemplate\":\"https:\/\/www.zontoshairclinic.com\/da\/?s={search_term_string}\"},\"query-input\":{\"@type\":\"PropertyValueSpecification\",\"valueRequired\":true,\"valueName\":\"search_term_string\"}}],\"inLanguage\":\"da-DK\"}]}<\/script>\n<!-- \/ Yoast SEO plugin. -->","yoast_head_json":{"title":"H\u00e5rtab - zontoshairclinic.com","robots":{"index":"index","follow":"follow","max-snippet":"max-snippet:-1","max-image-preview":"max-image-preview:large","max-video-preview":"max-video-preview:-1"},"canonical":"https:\/\/www.zontoshairclinic.com\/da\/serviceydelser\/haartab\/","og_locale":"da_DK","og_type":"article","og_title":"H\u00e5rtab - zontoshairclinic.com","og_url":"https:\/\/www.zontoshairclinic.com\/da\/serviceydelser\/haartab\/","og_site_name":"zontoshairclinic.com","article_modified_time":"2022-04-26T13:07:09+00:00","og_image":[{"width":1919,"height":765,"url":"https:\/\/www.zontoshairclinic.com\/wp-content\/uploads\/2022\/04\/hair-loss__crheader.webp","type":"image\/webp"}],"twitter_card":"summary_large_image","twitter_misc":{"Estimeret l\u00e6setid":"6 minutter"},"schema":{"@context":"https:\/\/schema.org","@graph":[{"@type":"WebPage","@id":"https:\/\/www.zontoshairclinic.com\/da\/serviceydelser\/haartab\/","url":"https:\/\/www.zontoshairclinic.com\/da\/serviceydelser\/haartab\/","name":"H\u00e5rtab - zontoshairclinic.com","isPartOf":{"@id":"https:\/\/www.zontoshairclinic.com\/da\/#website"},"primaryImageOfPage":{"@id":"https:\/\/www.zontoshairclinic.com\/da\/serviceydelser\/haartab\/#primaryimage"},"image":{"@id":"https:\/\/www.zontoshairclinic.com\/da\/serviceydelser\/haartab\/#primaryimage"},"thumbnailUrl":"https:\/\/www.zontoshairclinic.com\/wp-content\/uploads\/2022\/04\/hair-loss__crheader.webp","datePublished":"2022-03-23T12:14:27+00:00","dateModified":"2022-04-26T13:07:09+00:00","breadcrumb":{"@id":"https:\/\/www.zontoshairclinic.com\/da\/serviceydelser\/haartab\/#breadcrumb"},"inLanguage":"da-DK","potentialAction":[{"@type":"ReadAction","target":["https:\/\/www.zontoshairclinic.com\/da\/serviceydelser\/haartab\/"]}]},{"@type":"ImageObject","inLanguage":"da-DK","@id":"https:\/\/www.zontoshairclinic.com\/da\/serviceydelser\/haartab\/#primaryimage","url":"https:\/\/www.zontoshairclinic.com\/wp-content\/uploads\/2022\/04\/hair-loss__crheader.webp","contentUrl":"https:\/\/www.zontoshairclinic.com\/wp-content\/uploads\/2022\/04\/hair-loss__crheader.webp","width":1919,"height":765},{"@type":"BreadcrumbList","@id":"https:\/\/www.zontoshairclinic.com\/da\/serviceydelser\/haartab\/#breadcrumb","itemListElement":[{"@type":"ListItem","position":1,"name":"Home","item":"https:\/\/www.zontoshairclinic.com\/da\/"},{"@type":"ListItem","position":2,"name":"Serviceydelser","item":"https:\/\/www.zontoshairclinic.com\/da\/serviceydelser\/"},{"@type":"ListItem","position":3,"name":"H\u00e5rtab"}]},{"@type":"WebSite","@id":"https:\/\/www.zontoshairclinic.com\/da\/#website","url":"https:\/\/www.zontoshairclinic.com\/da\/","name":"zontoshairclinic.com","description":"Zontos Hair Clinic","potentialAction":[{"@type":"SearchAction","target":{"@type":"EntryPoint","urlTemplate":"https:\/\/www.zontoshairclinic.com\/da\/?s={search_term_string}"},"query-input":{"@type":"PropertyValueSpecification","valueRequired":true,"valueName":"search_term_string"}}],"inLanguage":"da-DK"}]}},"_links":{"self":[{"href":"https:\/\/www.zontoshairclinic.com\/da\/wp-json\/wp\/v2\/pages\/2451","targetHints":{"allow":["GET"]}}],"collection":[{"href":"https:\/\/www.zontoshairclinic.com\/da\/wp-json\/wp\/v2\/pages"}],"about":[{"href":"https:\/\/www.zontoshairclinic.com\/da\/wp-json\/wp\/v2\/types\/page"}],"author":[{"embeddable":true,"href":"https:\/\/www.zontoshairclinic.com\/da\/wp-json\/wp\/v2\/users\/2"}],"replies":[{"embeddable":true,"href":"https:\/\/www.zontoshairclinic.com\/da\/wp-json\/wp\/v2\/comments?post=2451"}],"version-history":[{"count":2,"href":"https:\/\/www.zontoshairclinic.com\/da\/wp-json\/wp\/v2\/pages\/2451\/revisions"}],"predecessor-version":[{"id":2453,"href":"https:\/\/www.zontoshairclinic.com\/da\/wp-json\/wp\/v2\/pages\/2451\/revisions\/2453"}],"up":[{"embeddable":true,"href":"https:\/\/www.zontoshairclinic.com\/da\/wp-json\/wp\/v2\/pages\/2153"}],"wp:featuredmedia":[{"embeddable":true,"href":"https:\/\/www.zontoshairclinic.com\/da\/wp-json\/wp\/v2\/media\/1961"}],"wp:attachment":[{"href":"https:\/\/www.zontoshairclinic.com\/da\/wp-json\/wp\/v2\/media?parent=2451"}],"curies":[{"name":"wp","href":"https:\/\/api.w.org\/{rel}","templated":true}]}}