{"id":2459,"date":"2022-03-23T14:37:56","date_gmt":"2022-03-23T12:37:56","guid":{"rendered":"https:\/\/www.zontoshairclinic.com\/serviceydelser\/medicinsk-behandling\/"},"modified":"2022-04-26T16:27:05","modified_gmt":"2022-04-26T13:27:05","slug":"medicinsk-behandling","status":"publish","type":"page","link":"https:\/\/www.zontoshairclinic.com\/da\/serviceydelser\/medicinsk-behandling\/","title":{"rendered":"Medicinsk behandling"},"content":{"rendered":"<section class=\"l-section wpb_row top-header-img height_auto\"><div class=\"l-section-h i-cf\"><div class=\"g-cols vc_row via_grid cols_1 laptops-cols_inherit tablets-cols_inherit mobiles-cols_1 valign_top type_default stacking_default\"><div class=\"wpb_column vc_column_container\"><div class=\"vc_column-inner\"><div class=\"w-image us_custom_3dce2f07 align_center\"><div class=\"w-image-h\"><img loading=\"lazy\" decoding=\"async\" width=\"1920\" height=\"717\" src=\"https:\/\/www.zontoshairclinic.com\/wp-content\/uploads\/2022\/04\/medical__crheader.webp\" class=\"attachment-full size-full\" alt=\"\" loading=\"lazy\" srcset=\"https:\/\/www.zontoshairclinic.com\/wp-content\/uploads\/2022\/04\/medical__crheader.webp 1920w, https:\/\/www.zontoshairclinic.com\/wp-content\/uploads\/2022\/04\/medical__crheader-300x112.webp 300w, https:\/\/www.zontoshairclinic.com\/wp-content\/uploads\/2022\/04\/medical__crheader-1024x382.webp 1024w\" sizes=\"auto, (max-width: 1920px) 100vw, 1920px\" \/><\/div><\/div><\/div><\/div><\/div><\/div><\/section><section class=\"l-section wpb_row height_small\"><div class=\"l-section-h i-cf\"><div class=\"g-cols vc_row via_grid cols_1 laptops-cols_inherit tablets-cols_inherit mobiles-cols_1 valign_top type_default stacking_default\"><div class=\"wpb_column vc_column_container\"><div class=\"vc_column-inner\"><h1 class=\"w-text us_custom_31cea8a2 page-title-line\"><span class=\"w-text-h\"><span class=\"w-text-value\">Medicinsk behandling af h\u00e5rtab.<\/span><\/span><\/h1><\/div><\/div><\/div><\/div><\/section><section class=\"l-section wpb_row height_auto\"><div class=\"l-section-h i-cf\"><div class=\"g-cols vc_row via_grid cols_2 laptops-cols_inherit tablets-cols_inherit mobiles-cols_1 valign_top type_default stacking_default\"><div class=\"wpb_column vc_column_container\"><div class=\"vc_column-inner\"><div class=\"wpb_text_column\"><div class=\"wpb_wrapper\"><p>H\u00e5rtransplantationskirurgi er den eneste permanente og livs\u00e6ndrende l\u00f8sning p\u00e5 h\u00e5rtab; tidlig diagnose og korrekt medicin kan dog tilbyde patienterne betydelig forbedring. Medicinsk behandling kan ogs\u00e5 hj\u00e6lpe patienter i kombination med h\u00e5rtransplantation, og forbedre resultaterne yderligere. De nye h\u00e5r kan blive endnu fyldigere og sundere.  <\/p>\n<p>Dr. Zontos kan som en h\u00f8jt specialiseret kirurg n\u00f8jagtigt finde \u00e5rsagen til h\u00e5rtab og anbefale passende behandling eller en kombination af behandlinger for at im\u00f8dekomme hver patients behov og sikre det bedst mulige resultat.<\/p>\n<\/div><\/div><\/div><\/div><div class=\"wpb_column vc_column_container\"><div class=\"vc_column-inner\"><div class=\"w-image us_custom_fca8cc99 align_center\"><div class=\"w-image-h\"><img loading=\"lazy\" decoding=\"async\" width=\"746\" height=\"498\" src=\"https:\/\/www.zontoshairclinic.com\/wp-content\/uploads\/2022\/03\/medical__intro.webp\" class=\"attachment-full size-full\" alt=\"\" loading=\"lazy\" srcset=\"https:\/\/www.zontoshairclinic.com\/wp-content\/uploads\/2022\/03\/medical__intro.webp 746w, https:\/\/www.zontoshairclinic.com\/wp-content\/uploads\/2022\/03\/medical__intro-300x200.webp 300w\" sizes=\"auto, (max-width: 746px) 100vw, 746px\" \/><\/div><\/div><\/div><\/div><\/div><\/div><\/section><section class=\"l-section wpb_row us_custom_3e2203ad height_auto\"><div class=\"l-section-h i-cf\"><div class=\"g-cols vc_row via_grid cols_1 laptops-cols_inherit tablets-cols_inherit mobiles-cols_1 valign_top type_default stacking_default\"><div class=\"wpb_column vc_column_container\"><div class=\"vc_column-inner\"><div class=\"wpb_text_column\"><div class=\"wpb_wrapper\"><h2><strong>Medicin<\/strong> til behandling af <strong>h\u00e5rtab<\/strong>.<\/h2>\n<p>I dag er der kun to medicinske behandlinger mod h\u00e5rtab godkendt af American Food and Drug Administration (FDA) og den gr\u00e6ske nationale organisation for medicin (EOF) til behandling af androgen alopeci eller skaldethed. Disse er: <\/p>\n<ul>\n<li>Minoxidil<\/li>\n<li>Finasteride<\/li>\n<\/ul>\n<p>De mest effektive behandlinger inkluderer:<\/p>\n<ul>\n<li>Behandling af h\u00e5rtab med Dutasterid<\/li>\n<li>Behandling af h\u00e5rtab ved hj\u00e6lp af lavt niveau laser str\u00e5ling<\/li>\n<\/ul>\n<h2>Behandling af h\u00e5rtab med Minoxidil<\/h2>\n<p>Minoxidil er blevet brugt til behandling af h\u00e5rtab i \u00e5rtier, og det har vist sig effektivt. Det bidrager v\u00e6sentligt til forebyggelse af h\u00e5rtab, prim\u00e6rt n\u00e5r det p\u00e5f\u00f8res i de tidlige stadier. Minoxidil forbedrer ogs\u00e5 resultaterne af FUE betydeligt, hovedsagelig n\u00e5r det bruges b\u00e5de f\u00f8r og efter operationen <\/p>\n<p>Minoxidil ser ud til at forl\u00e6nge h\u00e5rets regenerative fase og \u00f8ge blodtilf\u00f8rslen til hovedbunden. H\u00e5rgenv\u00e6kst er mere synlig \u00f8verst p\u00e5 hovedet sammenlignet med frontalomr\u00e5derne. Kontinuerlig lokal behandling anbefales over en periode, som specificeres af den l\u00e6ge, der administrerer behandlingen Patienter skal v\u00e6re opm\u00e6rksomme p\u00e5, at for tidlig afslutning af behandlingen resulterer i det samme skaldethedsm\u00f8nster, som var synligt inden p\u00e5f\u00f8ring af medicinen  <\/p>\n<h2>Behandling af h\u00e5rtab med Finasteride.<\/h2>\n<p>Finasteride gives som oral behandling og anbefales til den mandlige androgen alopeci. Det er kendt for at h\u00e6mme omdannelsen af testosteron til dihydrotestosteron (DHT) og bremser derfor sygdommens progression hos m\u00e6nd, der f\u00e5r behandling.  <\/p>\n<p>Selvom det har bedre resultater p\u00e5 toppen af hovedet, \u00f8ger Finasteride ogs\u00e5 genv\u00e6kst p\u00e5 frontalomr\u00e5det. Finasterid b\u00f8r tages over l\u00e6ngere tid, da for tidlig afslutning af behandlingen resulterer i gradvis tilbagevendende h\u00e5rtab. <\/p>\n<h2>Behandling af h\u00e5rtab med Dutasterid.<\/h2>\n<p>Dutasterid er en anden medicin til ikke-kirurgisk behandling af androgen alopeci. Denne medicin h\u00e6mmer type I og II isoenzymer af 5-alfa reduktase. Det menes at v\u00e6re tre gange mere effektivt end Finasterid til h\u00e6mning af type II-enzym og 100 gange mere effektivt til at h\u00e6mme type I-enzym.<\/p>\n<\/div><\/div><\/div><\/div><\/div><\/div><\/section><section class=\"l-section wpb_row us_custom_3e2203ad height_auto\"><div class=\"l-section-h i-cf\"><div class=\"g-cols vc_row via_grid cols_3 laptops-cols_inherit tablets-cols_inherit mobiles-cols_1 valign_top type_default stacking_default\"><div class=\"wpb_column vc_column_container\"><div class=\"vc_column-inner\"><div class=\"w-image us_custom_fca8cc99 align_center\"><div class=\"w-image-h\"><img loading=\"lazy\" decoding=\"async\" width=\"762\" height=\"509\" src=\"https:\/\/www.zontoshairclinic.com\/wp-content\/uploads\/2022\/03\/medical__mirror.webp\" class=\"attachment-full size-full\" alt=\"\" loading=\"lazy\" srcset=\"https:\/\/www.zontoshairclinic.com\/wp-content\/uploads\/2022\/03\/medical__mirror.webp 762w, https:\/\/www.zontoshairclinic.com\/wp-content\/uploads\/2022\/03\/medical__mirror-300x200.webp 300w\" sizes=\"auto, (max-width: 762px) 100vw, 762px\" \/><\/div><\/div><\/div><\/div><div class=\"wpb_column vc_column_container\"><div class=\"vc_column-inner\"><div class=\"w-image us_custom_fca8cc99 align_center\"><div class=\"w-image-h\"><img loading=\"lazy\" decoding=\"async\" width=\"785\" height=\"524\" src=\"https:\/\/www.zontoshairclinic.com\/wp-content\/uploads\/2022\/03\/medical__problem.webp\" class=\"attachment-full size-full\" alt=\"\" loading=\"lazy\" srcset=\"https:\/\/www.zontoshairclinic.com\/wp-content\/uploads\/2022\/03\/medical__problem.webp 785w, https:\/\/www.zontoshairclinic.com\/wp-content\/uploads\/2022\/03\/medical__problem-300x200.webp 300w\" sizes=\"auto, (max-width: 785px) 100vw, 785px\" \/><\/div><\/div><\/div><\/div><div class=\"wpb_column vc_column_container\"><div class=\"vc_column-inner\"><div class=\"w-image us_custom_fca8cc99 align_center\"><div class=\"w-image-h\"><img loading=\"lazy\" decoding=\"async\" width=\"759\" height=\"506\" src=\"https:\/\/www.zontoshairclinic.com\/wp-content\/uploads\/2022\/03\/medical__placement.webp\" class=\"attachment-full size-full\" alt=\"\" loading=\"lazy\" srcset=\"https:\/\/www.zontoshairclinic.com\/wp-content\/uploads\/2022\/03\/medical__placement.webp 759w, https:\/\/www.zontoshairclinic.com\/wp-content\/uploads\/2022\/03\/medical__placement-300x200.webp 300w\" sizes=\"auto, (max-width: 759px) 100vw, 759px\" \/><\/div><\/div><\/div><\/div><\/div><\/div><\/section><section class=\"l-section wpb_row us_custom_3e2203ad height_auto\"><div class=\"l-section-h i-cf\"><div class=\"g-cols vc_row via_grid cols_1 laptops-cols_inherit tablets-cols_inherit mobiles-cols_1 valign_top type_default stacking_default\"><div class=\"wpb_column vc_column_container\"><div class=\"vc_column-inner\"><div class=\"wpb_text_column\"><div class=\"wpb_wrapper\"><h2>Behandling af h\u00e5rtab ved hj\u00e6lp af lavt niveau laser str\u00e5ling.<\/h2>\n<p>Fordelene ved h\u00e5rtab medicin forst\u00e6rkes, n\u00e5r den kombineres med lavt niveau laserstr\u00e5lebehandling.<\/p>\n<p>Lavt niveau laserstr\u00e5lebehandling anvendes i hovedbunden ved hj\u00e6lp af et instrument, som ligner en h\u00e5rb\u00f8rste. Det er en effektiv ikke-ordineret teknik til forbedring af h\u00e5rv\u00e6kst. <\/p>\n<p>Laserstr\u00e5le fremmer blodcirkulationen, stimulerer follikul\u00e6re celler og f\u00f8rer til for\u00f8gelse af l\u00e6ngde og tykkelse af hvert h\u00e5r.<\/p>\n<\/div><\/div><\/div><\/div><\/div><\/div><\/section><section class=\"l-section wpb_row us_custom_0f8f44b7 height_auto\"><div class=\"l-section-h i-cf\"><div class=\"g-cols vc_row via_grid cols_1 laptops-cols_inherit tablets-cols_inherit mobiles-cols_1 valign_top type_default stacking_default\"><div class=\"wpb_column vc_column_container us_custom_af3f5308 has_text_color has_bg_color\"><div class=\"vc_column-inner\"><div class=\"wpb_text_column\"><div class=\"wpb_wrapper\"><blockquote>\n<p>Dr. Zontos, der bruger avanceret teknologi, vil n\u00f8jagtigt vurdere dine symptomer og foresl\u00e5 den korrekte behandling til dine behov. <\/p>\n<\/blockquote>\n<\/div><\/div><\/div><\/div><\/div><\/div><\/section>\n","protected":false},"excerpt":{"rendered":"Medicinsk behandling af h\u00e5rtab.H\u00e5rtransplantationskirurgi er den eneste permanente og livs\u00e6ndrende l\u00f8sning p\u00e5 h\u00e5rtab; tidlig diagnose og korrekt medicin kan dog tilbyde patienterne betydelig forbedring. Medicinsk behandling kan ogs\u00e5 hj\u00e6lpe patienter i kombination med h\u00e5rtransplantation, og forbedre resultaterne yderligere. De nye h\u00e5r kan blive endnu fyldigere og sundere. Dr. Zontos kan som en h\u00f8jt specialiseret kirurg...","protected":false},"author":2,"featured_media":1913,"parent":2153,"menu_order":0,"comment_status":"closed","ping_status":"closed","template":"","meta":{"inline_featured_image":false,"footnotes":""},"class_list":["post-2459","page","type-page","status-publish","has-post-thumbnail","hentry"],"yoast_head":"<!-- This site is optimized with the Yoast SEO plugin v24.9 - https:\/\/yoast.com\/wordpress\/plugins\/seo\/ -->\n<title>Medicinsk behandling - zontoshairclinic.com<\/title>\n<meta name=\"robots\" content=\"index, follow, max-snippet:-1, max-image-preview:large, max-video-preview:-1\" \/>\n<link rel=\"canonical\" href=\"https:\/\/www.zontoshairclinic.com\/da\/serviceydelser\/medicinsk-behandling\/\" \/>\n<meta property=\"og:locale\" content=\"da_DK\" \/>\n<meta property=\"og:type\" content=\"article\" \/>\n<meta property=\"og:title\" content=\"Medicinsk behandling - zontoshairclinic.com\" \/>\n<meta property=\"og:url\" content=\"https:\/\/www.zontoshairclinic.com\/da\/serviceydelser\/medicinsk-behandling\/\" \/>\n<meta property=\"og:site_name\" content=\"zontoshairclinic.com\" \/>\n<meta property=\"article:modified_time\" content=\"2022-04-26T13:27:05+00:00\" \/>\n<meta property=\"og:image\" content=\"https:\/\/www.zontoshairclinic.com\/wp-content\/uploads\/2022\/03\/nav-services__medical.webp\" \/>\n\t<meta property=\"og:image:width\" content=\"1920\" \/>\n\t<meta property=\"og:image:height\" content=\"1280\" \/>\n\t<meta property=\"og:image:type\" content=\"image\/webp\" \/>\n<meta name=\"twitter:card\" content=\"summary_large_image\" \/>\n<meta name=\"twitter:label1\" content=\"Estimeret l\u00e6setid\" \/>\n\t<meta name=\"twitter:data1\" content=\"4 minutter\" \/>\n<script type=\"application\/ld+json\" class=\"yoast-schema-graph\">{\"@context\":\"https:\/\/schema.org\",\"@graph\":[{\"@type\":\"WebPage\",\"@id\":\"https:\/\/www.zontoshairclinic.com\/da\/serviceydelser\/medicinsk-behandling\/\",\"url\":\"https:\/\/www.zontoshairclinic.com\/da\/serviceydelser\/medicinsk-behandling\/\",\"name\":\"Medicinsk behandling - zontoshairclinic.com\",\"isPartOf\":{\"@id\":\"https:\/\/www.zontoshairclinic.com\/da\/#website\"},\"primaryImageOfPage\":{\"@id\":\"https:\/\/www.zontoshairclinic.com\/da\/serviceydelser\/medicinsk-behandling\/#primaryimage\"},\"image\":{\"@id\":\"https:\/\/www.zontoshairclinic.com\/da\/serviceydelser\/medicinsk-behandling\/#primaryimage\"},\"thumbnailUrl\":\"https:\/\/www.zontoshairclinic.com\/wp-content\/uploads\/2022\/03\/nav-services__medical.webp\",\"datePublished\":\"2022-03-23T12:37:56+00:00\",\"dateModified\":\"2022-04-26T13:27:05+00:00\",\"breadcrumb\":{\"@id\":\"https:\/\/www.zontoshairclinic.com\/da\/serviceydelser\/medicinsk-behandling\/#breadcrumb\"},\"inLanguage\":\"da-DK\",\"potentialAction\":[{\"@type\":\"ReadAction\",\"target\":[\"https:\/\/www.zontoshairclinic.com\/da\/serviceydelser\/medicinsk-behandling\/\"]}]},{\"@type\":\"ImageObject\",\"inLanguage\":\"da-DK\",\"@id\":\"https:\/\/www.zontoshairclinic.com\/da\/serviceydelser\/medicinsk-behandling\/#primaryimage\",\"url\":\"https:\/\/www.zontoshairclinic.com\/wp-content\/uploads\/2022\/03\/nav-services__medical.webp\",\"contentUrl\":\"https:\/\/www.zontoshairclinic.com\/wp-content\/uploads\/2022\/03\/nav-services__medical.webp\",\"width\":1920,\"height\":1280},{\"@type\":\"BreadcrumbList\",\"@id\":\"https:\/\/www.zontoshairclinic.com\/da\/serviceydelser\/medicinsk-behandling\/#breadcrumb\",\"itemListElement\":[{\"@type\":\"ListItem\",\"position\":1,\"name\":\"Home\",\"item\":\"https:\/\/www.zontoshairclinic.com\/da\/\"},{\"@type\":\"ListItem\",\"position\":2,\"name\":\"Serviceydelser\",\"item\":\"https:\/\/www.zontoshairclinic.com\/da\/serviceydelser\/\"},{\"@type\":\"ListItem\",\"position\":3,\"name\":\"Medicinsk behandling\"}]},{\"@type\":\"WebSite\",\"@id\":\"https:\/\/www.zontoshairclinic.com\/da\/#website\",\"url\":\"https:\/\/www.zontoshairclinic.com\/da\/\",\"name\":\"zontoshairclinic.com\",\"description\":\"Zontos Hair Clinic\",\"potentialAction\":[{\"@type\":\"SearchAction\",\"target\":{\"@type\":\"EntryPoint\",\"urlTemplate\":\"https:\/\/www.zontoshairclinic.com\/da\/?s={search_term_string}\"},\"query-input\":{\"@type\":\"PropertyValueSpecification\",\"valueRequired\":true,\"valueName\":\"search_term_string\"}}],\"inLanguage\":\"da-DK\"}]}<\/script>\n<!-- \/ Yoast SEO plugin. -->","yoast_head_json":{"title":"Medicinsk behandling - zontoshairclinic.com","robots":{"index":"index","follow":"follow","max-snippet":"max-snippet:-1","max-image-preview":"max-image-preview:large","max-video-preview":"max-video-preview:-1"},"canonical":"https:\/\/www.zontoshairclinic.com\/da\/serviceydelser\/medicinsk-behandling\/","og_locale":"da_DK","og_type":"article","og_title":"Medicinsk behandling - zontoshairclinic.com","og_url":"https:\/\/www.zontoshairclinic.com\/da\/serviceydelser\/medicinsk-behandling\/","og_site_name":"zontoshairclinic.com","article_modified_time":"2022-04-26T13:27:05+00:00","og_image":[{"width":1920,"height":1280,"url":"https:\/\/www.zontoshairclinic.com\/wp-content\/uploads\/2022\/03\/nav-services__medical.webp","type":"image\/webp"}],"twitter_card":"summary_large_image","twitter_misc":{"Estimeret l\u00e6setid":"4 minutter"},"schema":{"@context":"https:\/\/schema.org","@graph":[{"@type":"WebPage","@id":"https:\/\/www.zontoshairclinic.com\/da\/serviceydelser\/medicinsk-behandling\/","url":"https:\/\/www.zontoshairclinic.com\/da\/serviceydelser\/medicinsk-behandling\/","name":"Medicinsk behandling - zontoshairclinic.com","isPartOf":{"@id":"https:\/\/www.zontoshairclinic.com\/da\/#website"},"primaryImageOfPage":{"@id":"https:\/\/www.zontoshairclinic.com\/da\/serviceydelser\/medicinsk-behandling\/#primaryimage"},"image":{"@id":"https:\/\/www.zontoshairclinic.com\/da\/serviceydelser\/medicinsk-behandling\/#primaryimage"},"thumbnailUrl":"https:\/\/www.zontoshairclinic.com\/wp-content\/uploads\/2022\/03\/nav-services__medical.webp","datePublished":"2022-03-23T12:37:56+00:00","dateModified":"2022-04-26T13:27:05+00:00","breadcrumb":{"@id":"https:\/\/www.zontoshairclinic.com\/da\/serviceydelser\/medicinsk-behandling\/#breadcrumb"},"inLanguage":"da-DK","potentialAction":[{"@type":"ReadAction","target":["https:\/\/www.zontoshairclinic.com\/da\/serviceydelser\/medicinsk-behandling\/"]}]},{"@type":"ImageObject","inLanguage":"da-DK","@id":"https:\/\/www.zontoshairclinic.com\/da\/serviceydelser\/medicinsk-behandling\/#primaryimage","url":"https:\/\/www.zontoshairclinic.com\/wp-content\/uploads\/2022\/03\/nav-services__medical.webp","contentUrl":"https:\/\/www.zontoshairclinic.com\/wp-content\/uploads\/2022\/03\/nav-services__medical.webp","width":1920,"height":1280},{"@type":"BreadcrumbList","@id":"https:\/\/www.zontoshairclinic.com\/da\/serviceydelser\/medicinsk-behandling\/#breadcrumb","itemListElement":[{"@type":"ListItem","position":1,"name":"Home","item":"https:\/\/www.zontoshairclinic.com\/da\/"},{"@type":"ListItem","position":2,"name":"Serviceydelser","item":"https:\/\/www.zontoshairclinic.com\/da\/serviceydelser\/"},{"@type":"ListItem","position":3,"name":"Medicinsk behandling"}]},{"@type":"WebSite","@id":"https:\/\/www.zontoshairclinic.com\/da\/#website","url":"https:\/\/www.zontoshairclinic.com\/da\/","name":"zontoshairclinic.com","description":"Zontos Hair Clinic","potentialAction":[{"@type":"SearchAction","target":{"@type":"EntryPoint","urlTemplate":"https:\/\/www.zontoshairclinic.com\/da\/?s={search_term_string}"},"query-input":{"@type":"PropertyValueSpecification","valueRequired":true,"valueName":"search_term_string"}}],"inLanguage":"da-DK"}]}},"_links":{"self":[{"href":"https:\/\/www.zontoshairclinic.com\/da\/wp-json\/wp\/v2\/pages\/2459","targetHints":{"allow":["GET"]}}],"collection":[{"href":"https:\/\/www.zontoshairclinic.com\/da\/wp-json\/wp\/v2\/pages"}],"about":[{"href":"https:\/\/www.zontoshairclinic.com\/da\/wp-json\/wp\/v2\/types\/page"}],"author":[{"embeddable":true,"href":"https:\/\/www.zontoshairclinic.com\/da\/wp-json\/wp\/v2\/users\/2"}],"replies":[{"embeddable":true,"href":"https:\/\/www.zontoshairclinic.com\/da\/wp-json\/wp\/v2\/comments?post=2459"}],"version-history":[{"count":2,"href":"https:\/\/www.zontoshairclinic.com\/da\/wp-json\/wp\/v2\/pages\/2459\/revisions"}],"predecessor-version":[{"id":2461,"href":"https:\/\/www.zontoshairclinic.com\/da\/wp-json\/wp\/v2\/pages\/2459\/revisions\/2461"}],"up":[{"embeddable":true,"href":"https:\/\/www.zontoshairclinic.com\/da\/wp-json\/wp\/v2\/pages\/2153"}],"wp:featuredmedia":[{"embeddable":true,"href":"https:\/\/www.zontoshairclinic.com\/da\/wp-json\/wp\/v2\/media\/1913"}],"wp:attachment":[{"href":"https:\/\/www.zontoshairclinic.com\/da\/wp-json\/wp\/v2\/media?parent=2459"}],"curies":[{"name":"wp","href":"https:\/\/api.w.org\/{rel}","templated":true}]}}