{"id":2467,"date":"2022-03-23T14:51:17","date_gmt":"2022-03-23T12:51:17","guid":{"rendered":"https:\/\/www.zontoshairclinic.com\/serviceydelser\/hovedbundsmikropigmentering\/"},"modified":"2022-04-26T16:36:18","modified_gmt":"2022-04-26T13:36:18","slug":"hovedbundsmikropigmentering","status":"publish","type":"page","link":"https:\/\/www.zontoshairclinic.com\/da\/serviceydelser\/hovedbundsmikropigmentering\/","title":{"rendered":"Hovedbundsmikropigmentering"},"content":{"rendered":"<section class=\"l-section wpb_row top-header-img height_auto\"><div class=\"l-section-h i-cf\"><div class=\"g-cols vc_row via_grid cols_1 laptops-cols_inherit tablets-cols_inherit mobiles-cols_1 valign_top type_default stacking_default\"><div class=\"wpb_column vc_column_container\"><div class=\"vc_column-inner\"><div class=\"w-image us_custom_3dce2f07 align_center\"><div class=\"w-image-h\"><img loading=\"lazy\" decoding=\"async\" width=\"1920\" height=\"1280\" src=\"https:\/\/www.zontoshairclinic.com\/wp-content\/uploads\/2022\/03\/nav-services__scalpMicropigmentation.webp\" class=\"attachment-full size-full\" alt=\"Scalp Micropigmentation\" loading=\"lazy\" srcset=\"https:\/\/www.zontoshairclinic.com\/wp-content\/uploads\/2022\/03\/nav-services__scalpMicropigmentation.webp 1920w, https:\/\/www.zontoshairclinic.com\/wp-content\/uploads\/2022\/03\/nav-services__scalpMicropigmentation-300x200.webp 300w, https:\/\/www.zontoshairclinic.com\/wp-content\/uploads\/2022\/03\/nav-services__scalpMicropigmentation-1024x683.webp 1024w\" sizes=\"auto, (max-width: 1920px) 100vw, 1920px\" \/><\/div><\/div><\/div><\/div><\/div><\/div><\/section><section class=\"l-section wpb_row height_small\"><div class=\"l-section-h i-cf\"><div class=\"g-cols vc_row via_grid cols_1 laptops-cols_inherit tablets-cols_inherit mobiles-cols_1 valign_top type_default stacking_default\"><div class=\"wpb_column vc_column_container\"><div class=\"vc_column-inner\"><h1 class=\"w-text us_custom_31cea8a2 page-title-line\"><span class=\"w-text-h\"><span class=\"w-text-value\">Hovedbundsmikropigmentering<\/span><\/span><\/h1><\/div><\/div><\/div><\/div><\/section><section class=\"l-section wpb_row us_custom_bcf7e3f8 height_auto\"><div class=\"l-section-h i-cf\"><div class=\"g-cols vc_row via_grid cols_1 laptops-cols_inherit tablets-cols_inherit mobiles-cols_1 valign_top type_default stacking_default\"><div class=\"wpb_column vc_column_container\"><div class=\"vc_column-inner\"><div class=\"wpb_text_column\"><div class=\"wpb_wrapper\"><p>Scalp Micropigmentation (SMP) er en fuldst\u00e6ndig sikker, kosmetisk og ikke-invasiv teknik til behandling af h\u00e5rtab. SMP udf\u00f8res ved hj\u00e6lp af mikron\u00e5le, der deponerer pigment i huden p\u00e5 hovedet, som ser ud som sm\u00e5 h\u00e5rs\u00e6kke. Denne behandling skaber et visuelt indtryk af fyldigere og tykkere h\u00e5r. SMP ligner en tatovering, men er en meget mere specialiseret procedure.<\/p>\n<\/div><\/div><\/div><\/div><\/div><\/div><\/section><section class=\"l-section wpb_row height_auto\"><div class=\"l-section-h i-cf\"><div class=\"g-cols vc_row via_grid cols_1 laptops-cols_inherit tablets-cols_inherit mobiles-cols_1 valign_top type_default stacking_default\"><div class=\"wpb_column vc_column_container\"><div class=\"vc_column-inner\"><div class=\"wpb_text_column\"><div class=\"wpb_wrapper\"><h2>Nyd straks f\u00f8lelsen af fyldigere h\u00e5r<\/h2>\n<\/div><\/div><\/div><\/div><\/div><\/div><\/section><section class=\"l-section wpb_row us_custom_3e2203ad height_auto\"><div class=\"l-section-h i-cf\"><div class=\"g-cols vc_row via_grid cols_2 laptops-cols_inherit tablets-cols_inherit mobiles-cols_1 valign_middle type_default stacking_default\"><div class=\"wpb_column vc_column_container\"><div class=\"vc_column-inner\"><div class=\"wpb_text_column\"><div class=\"wpb_wrapper\"><p>SMP er meget effektiv til at d\u00e6kke h\u00e5rtabsproblemer hos b\u00e5de m\u00e6nd og kvinder. Patienter, der v\u00e6lger denne kosmetiske behandling, har fornemmelsen af en for\u00f8get h\u00e5rt\u00e6thed p\u00e5 omr\u00e5der med tyndt h\u00e5r eller skaldede pletter uden n\u00f8dvendigvis at barbere deres h\u00e5r. Vi skal dog bem\u00e6rke, at fuld barbering er en almindelig praksis for SMP.  <\/p>\n<p>SMP efterligner udseendet af sm\u00e5 h\u00e5r, og n\u00e5r det udf\u00f8res af en akkrediteret SMP-kunstner, ser resultatet naturligt ud og giver indtryk af fyldigere h\u00e5r. SMP anbefales: <\/p>\n<ul>\n<li>Til tyndere h\u00e5r hos b\u00e5de m\u00e6nd og kvinder<\/li>\n<li>Til d\u00e6kning af ardannelse p\u00e5 hovedet<\/li>\n<li>Til visuel for\u00f8gelse af t\u00e6theden p\u00e5 overh\u00f8stede donoromr\u00e5der.<\/li>\n<\/ul>\n<\/div><\/div><\/div><\/div><div class=\"wpb_column vc_column_container\"><div class=\"vc_column-inner\"><div class=\"w-image us_custom_fca8cc99 align_center\"><div class=\"w-image-h\"><img loading=\"lazy\" decoding=\"async\" width=\"1920\" height=\"1280\" src=\"https:\/\/www.zontoshairclinic.com\/wp-content\/uploads\/2022\/03\/scalp__back.webp\" class=\"attachment-full size-full\" alt=\"\" loading=\"lazy\" srcset=\"https:\/\/www.zontoshairclinic.com\/wp-content\/uploads\/2022\/03\/scalp__back.webp 1920w, https:\/\/www.zontoshairclinic.com\/wp-content\/uploads\/2022\/03\/scalp__back-300x200.webp 300w, https:\/\/www.zontoshairclinic.com\/wp-content\/uploads\/2022\/03\/scalp__back-1024x683.webp 1024w\" sizes=\"auto, (max-width: 1920px) 100vw, 1920px\" \/><\/div><\/div><\/div><\/div><\/div><\/div><\/section>\n","protected":false},"excerpt":{"rendered":"HovedbundsmikropigmenteringScalp Micropigmentation (SMP) er en fuldst\u00e6ndig sikker, kosmetisk og ikke-invasiv teknik til behandling af h\u00e5rtab. SMP udf\u00f8res ved hj\u00e6lp af mikron\u00e5le, der deponerer pigment i huden p\u00e5 hovedet, som ser ud som sm\u00e5 h\u00e5rs\u00e6kke. Denne behandling skaber et visuelt indtryk af fyldigere og tykkere h\u00e5r. SMP ligner en tatovering, men er en meget mere specialiseret...","protected":false},"author":2,"featured_media":1915,"parent":2153,"menu_order":0,"comment_status":"closed","ping_status":"closed","template":"","meta":{"inline_featured_image":false,"footnotes":""},"class_list":["post-2467","page","type-page","status-publish","has-post-thumbnail","hentry"],"yoast_head":"<!-- This site is optimized with the Yoast SEO plugin v24.9 - https:\/\/yoast.com\/wordpress\/plugins\/seo\/ -->\n<title>Hovedbundsmikropigmentering - zontoshairclinic.com<\/title>\n<meta name=\"robots\" content=\"index, follow, max-snippet:-1, max-image-preview:large, max-video-preview:-1\" \/>\n<link rel=\"canonical\" href=\"https:\/\/www.zontoshairclinic.com\/da\/serviceydelser\/hovedbundsmikropigmentering\/\" \/>\n<meta property=\"og:locale\" content=\"da_DK\" \/>\n<meta property=\"og:type\" content=\"article\" \/>\n<meta property=\"og:title\" content=\"Hovedbundsmikropigmentering - zontoshairclinic.com\" \/>\n<meta property=\"og:url\" content=\"https:\/\/www.zontoshairclinic.com\/da\/serviceydelser\/hovedbundsmikropigmentering\/\" \/>\n<meta property=\"og:site_name\" content=\"zontoshairclinic.com\" \/>\n<meta property=\"article:modified_time\" content=\"2022-04-26T13:36:18+00:00\" \/>\n<meta property=\"og:image\" content=\"https:\/\/www.zontoshairclinic.com\/wp-content\/uploads\/2022\/03\/nav-services__scalpMicropigmentation.webp\" \/>\n\t<meta property=\"og:image:width\" content=\"1920\" \/>\n\t<meta property=\"og:image:height\" content=\"1280\" \/>\n\t<meta property=\"og:image:type\" content=\"image\/webp\" \/>\n<meta name=\"twitter:card\" content=\"summary_large_image\" \/>\n<meta name=\"twitter:label1\" content=\"Estimeret l\u00e6setid\" \/>\n\t<meta name=\"twitter:data1\" content=\"2 minutter\" \/>\n<script type=\"application\/ld+json\" class=\"yoast-schema-graph\">{\"@context\":\"https:\/\/schema.org\",\"@graph\":[{\"@type\":\"WebPage\",\"@id\":\"https:\/\/www.zontoshairclinic.com\/da\/serviceydelser\/hovedbundsmikropigmentering\/\",\"url\":\"https:\/\/www.zontoshairclinic.com\/da\/serviceydelser\/hovedbundsmikropigmentering\/\",\"name\":\"Hovedbundsmikropigmentering - zontoshairclinic.com\",\"isPartOf\":{\"@id\":\"https:\/\/www.zontoshairclinic.com\/da\/#website\"},\"primaryImageOfPage\":{\"@id\":\"https:\/\/www.zontoshairclinic.com\/da\/serviceydelser\/hovedbundsmikropigmentering\/#primaryimage\"},\"image\":{\"@id\":\"https:\/\/www.zontoshairclinic.com\/da\/serviceydelser\/hovedbundsmikropigmentering\/#primaryimage\"},\"thumbnailUrl\":\"https:\/\/www.zontoshairclinic.com\/wp-content\/uploads\/2022\/03\/nav-services__scalpMicropigmentation.webp\",\"datePublished\":\"2022-03-23T12:51:17+00:00\",\"dateModified\":\"2022-04-26T13:36:18+00:00\",\"breadcrumb\":{\"@id\":\"https:\/\/www.zontoshairclinic.com\/da\/serviceydelser\/hovedbundsmikropigmentering\/#breadcrumb\"},\"inLanguage\":\"da-DK\",\"potentialAction\":[{\"@type\":\"ReadAction\",\"target\":[\"https:\/\/www.zontoshairclinic.com\/da\/serviceydelser\/hovedbundsmikropigmentering\/\"]}]},{\"@type\":\"ImageObject\",\"inLanguage\":\"da-DK\",\"@id\":\"https:\/\/www.zontoshairclinic.com\/da\/serviceydelser\/hovedbundsmikropigmentering\/#primaryimage\",\"url\":\"https:\/\/www.zontoshairclinic.com\/wp-content\/uploads\/2022\/03\/nav-services__scalpMicropigmentation.webp\",\"contentUrl\":\"https:\/\/www.zontoshairclinic.com\/wp-content\/uploads\/2022\/03\/nav-services__scalpMicropigmentation.webp\",\"width\":1920,\"height\":1280,\"caption\":\"Scalp Micropigmentation\"},{\"@type\":\"BreadcrumbList\",\"@id\":\"https:\/\/www.zontoshairclinic.com\/da\/serviceydelser\/hovedbundsmikropigmentering\/#breadcrumb\",\"itemListElement\":[{\"@type\":\"ListItem\",\"position\":1,\"name\":\"Home\",\"item\":\"https:\/\/www.zontoshairclinic.com\/da\/\"},{\"@type\":\"ListItem\",\"position\":2,\"name\":\"Serviceydelser\",\"item\":\"https:\/\/www.zontoshairclinic.com\/da\/serviceydelser\/\"},{\"@type\":\"ListItem\",\"position\":3,\"name\":\"Hovedbundsmikropigmentering\"}]},{\"@type\":\"WebSite\",\"@id\":\"https:\/\/www.zontoshairclinic.com\/da\/#website\",\"url\":\"https:\/\/www.zontoshairclinic.com\/da\/\",\"name\":\"zontoshairclinic.com\",\"description\":\"Zontos Hair Clinic\",\"potentialAction\":[{\"@type\":\"SearchAction\",\"target\":{\"@type\":\"EntryPoint\",\"urlTemplate\":\"https:\/\/www.zontoshairclinic.com\/da\/?s={search_term_string}\"},\"query-input\":{\"@type\":\"PropertyValueSpecification\",\"valueRequired\":true,\"valueName\":\"search_term_string\"}}],\"inLanguage\":\"da-DK\"}]}<\/script>\n<!-- \/ Yoast SEO plugin. -->","yoast_head_json":{"title":"Hovedbundsmikropigmentering - zontoshairclinic.com","robots":{"index":"index","follow":"follow","max-snippet":"max-snippet:-1","max-image-preview":"max-image-preview:large","max-video-preview":"max-video-preview:-1"},"canonical":"https:\/\/www.zontoshairclinic.com\/da\/serviceydelser\/hovedbundsmikropigmentering\/","og_locale":"da_DK","og_type":"article","og_title":"Hovedbundsmikropigmentering - zontoshairclinic.com","og_url":"https:\/\/www.zontoshairclinic.com\/da\/serviceydelser\/hovedbundsmikropigmentering\/","og_site_name":"zontoshairclinic.com","article_modified_time":"2022-04-26T13:36:18+00:00","og_image":[{"width":1920,"height":1280,"url":"https:\/\/www.zontoshairclinic.com\/wp-content\/uploads\/2022\/03\/nav-services__scalpMicropigmentation.webp","type":"image\/webp"}],"twitter_card":"summary_large_image","twitter_misc":{"Estimeret l\u00e6setid":"2 minutter"},"schema":{"@context":"https:\/\/schema.org","@graph":[{"@type":"WebPage","@id":"https:\/\/www.zontoshairclinic.com\/da\/serviceydelser\/hovedbundsmikropigmentering\/","url":"https:\/\/www.zontoshairclinic.com\/da\/serviceydelser\/hovedbundsmikropigmentering\/","name":"Hovedbundsmikropigmentering - zontoshairclinic.com","isPartOf":{"@id":"https:\/\/www.zontoshairclinic.com\/da\/#website"},"primaryImageOfPage":{"@id":"https:\/\/www.zontoshairclinic.com\/da\/serviceydelser\/hovedbundsmikropigmentering\/#primaryimage"},"image":{"@id":"https:\/\/www.zontoshairclinic.com\/da\/serviceydelser\/hovedbundsmikropigmentering\/#primaryimage"},"thumbnailUrl":"https:\/\/www.zontoshairclinic.com\/wp-content\/uploads\/2022\/03\/nav-services__scalpMicropigmentation.webp","datePublished":"2022-03-23T12:51:17+00:00","dateModified":"2022-04-26T13:36:18+00:00","breadcrumb":{"@id":"https:\/\/www.zontoshairclinic.com\/da\/serviceydelser\/hovedbundsmikropigmentering\/#breadcrumb"},"inLanguage":"da-DK","potentialAction":[{"@type":"ReadAction","target":["https:\/\/www.zontoshairclinic.com\/da\/serviceydelser\/hovedbundsmikropigmentering\/"]}]},{"@type":"ImageObject","inLanguage":"da-DK","@id":"https:\/\/www.zontoshairclinic.com\/da\/serviceydelser\/hovedbundsmikropigmentering\/#primaryimage","url":"https:\/\/www.zontoshairclinic.com\/wp-content\/uploads\/2022\/03\/nav-services__scalpMicropigmentation.webp","contentUrl":"https:\/\/www.zontoshairclinic.com\/wp-content\/uploads\/2022\/03\/nav-services__scalpMicropigmentation.webp","width":1920,"height":1280,"caption":"Scalp Micropigmentation"},{"@type":"BreadcrumbList","@id":"https:\/\/www.zontoshairclinic.com\/da\/serviceydelser\/hovedbundsmikropigmentering\/#breadcrumb","itemListElement":[{"@type":"ListItem","position":1,"name":"Home","item":"https:\/\/www.zontoshairclinic.com\/da\/"},{"@type":"ListItem","position":2,"name":"Serviceydelser","item":"https:\/\/www.zontoshairclinic.com\/da\/serviceydelser\/"},{"@type":"ListItem","position":3,"name":"Hovedbundsmikropigmentering"}]},{"@type":"WebSite","@id":"https:\/\/www.zontoshairclinic.com\/da\/#website","url":"https:\/\/www.zontoshairclinic.com\/da\/","name":"zontoshairclinic.com","description":"Zontos Hair Clinic","potentialAction":[{"@type":"SearchAction","target":{"@type":"EntryPoint","urlTemplate":"https:\/\/www.zontoshairclinic.com\/da\/?s={search_term_string}"},"query-input":{"@type":"PropertyValueSpecification","valueRequired":true,"valueName":"search_term_string"}}],"inLanguage":"da-DK"}]}},"_links":{"self":[{"href":"https:\/\/www.zontoshairclinic.com\/da\/wp-json\/wp\/v2\/pages\/2467","targetHints":{"allow":["GET"]}}],"collection":[{"href":"https:\/\/www.zontoshairclinic.com\/da\/wp-json\/wp\/v2\/pages"}],"about":[{"href":"https:\/\/www.zontoshairclinic.com\/da\/wp-json\/wp\/v2\/types\/page"}],"author":[{"embeddable":true,"href":"https:\/\/www.zontoshairclinic.com\/da\/wp-json\/wp\/v2\/users\/2"}],"replies":[{"embeddable":true,"href":"https:\/\/www.zontoshairclinic.com\/da\/wp-json\/wp\/v2\/comments?post=2467"}],"version-history":[{"count":2,"href":"https:\/\/www.zontoshairclinic.com\/da\/wp-json\/wp\/v2\/pages\/2467\/revisions"}],"predecessor-version":[{"id":2469,"href":"https:\/\/www.zontoshairclinic.com\/da\/wp-json\/wp\/v2\/pages\/2467\/revisions\/2469"}],"up":[{"embeddable":true,"href":"https:\/\/www.zontoshairclinic.com\/da\/wp-json\/wp\/v2\/pages\/2153"}],"wp:featuredmedia":[{"embeddable":true,"href":"https:\/\/www.zontoshairclinic.com\/da\/wp-json\/wp\/v2\/media\/1915"}],"wp:attachment":[{"href":"https:\/\/www.zontoshairclinic.com\/da\/wp-json\/wp\/v2\/media?parent=2467"}],"curies":[{"name":"wp","href":"https:\/\/api.w.org\/{rel}","templated":true}]}}