{"id":2475,"date":"2022-03-23T15:10:59","date_gmt":"2022-03-23T13:10:59","guid":{"rendered":"https:\/\/www.zontoshairclinic.com\/serviceydelser\/blodpladevaekstfaktorer-som-behandling-af-haartab\/"},"modified":"2022-04-26T16:38:43","modified_gmt":"2022-04-26T13:38:43","slug":"blodpladevaekstfaktorer-som-behandling-af-haartab","status":"publish","type":"page","link":"https:\/\/www.zontoshairclinic.com\/da\/serviceydelser\/blodpladevaekstfaktorer-som-behandling-af-haartab\/","title":{"rendered":"Blodpladev\u00e6kstfaktorer som behandling af h\u00e5rtab."},"content":{"rendered":"<section class=\"l-section wpb_row top-header-img height_auto\"><div class=\"l-section-h i-cf\"><div class=\"g-cols vc_row via_grid cols_1 laptops-cols_inherit tablets-cols_inherit mobiles-cols_1 valign_top type_default stacking_default\"><div class=\"wpb_column vc_column_container\"><div class=\"vc_column-inner\"><div class=\"w-image us_custom_3dce2f07 align_center\"><div class=\"w-image-h\"><img loading=\"lazy\" decoding=\"async\" width=\"1920\" height=\"670\" src=\"https:\/\/www.zontoshairclinic.com\/wp-content\/uploads\/2022\/03\/prp__crheader.webp\" class=\"attachment-full size-full\" alt=\"\u0391\u03c5\u03c4\u03cc\u03bb\u03bf\u03b3\u03b7 \u03bc\u03b5\u03c3\u03bf\u03b8\u03b5\u03c1\u03b1\u03c0\u03b5\u03af\u03b1 \u03bc\u03b1\u03bb\u03bb\u03b9\u03ce\u03bd\" loading=\"lazy\" srcset=\"https:\/\/www.zontoshairclinic.com\/wp-content\/uploads\/2022\/03\/prp__crheader.webp 1920w, https:\/\/www.zontoshairclinic.com\/wp-content\/uploads\/2022\/03\/prp__crheader-300x105.webp 300w, https:\/\/www.zontoshairclinic.com\/wp-content\/uploads\/2022\/03\/prp__crheader-1024x357.webp 1024w\" sizes=\"auto, (max-width: 1920px) 100vw, 1920px\" \/><\/div><\/div><\/div><\/div><\/div><\/div><\/section><section class=\"l-section wpb_row height_small\"><div class=\"l-section-h i-cf\"><div class=\"g-cols vc_row via_grid cols_1 laptops-cols_inherit tablets-cols_inherit mobiles-cols_1 valign_top type_default stacking_default\"><div class=\"wpb_column vc_column_container\"><div class=\"vc_column-inner\"><h1 class=\"w-text us_custom_31cea8a2 page-title-line\"><span class=\"w-text-h\"><span class=\"w-text-value\">Blodpladev\u00e6kstfaktorer som behandling af h\u00e5rtab.<\/span><\/span><\/h1><\/div><\/div><\/div><\/div><\/section><section class=\"l-section wpb_row height_auto\"><div class=\"l-section-h i-cf\"><div class=\"g-cols vc_row via_grid cols_1 laptops-cols_inherit tablets-cols_inherit mobiles-cols_1 valign_top type_default stacking_default\"><div class=\"wpb_column vc_column_container\"><div class=\"vc_column-inner\"><div class=\"wpb_text_column\"><div class=\"wpb_wrapper\"><h2>Beskrivelse af behandlingen.<\/h2>\n<p>Dr. Zontos udf\u00f8rer blodpladerig plasmabehandling som en forebyggende terapeutisk mulighed mod h\u00e5rtab. Det er den mest avancerede og minimalt invasive behandling til patienter, der lider af forskellige former for h\u00e5rtab. Behandlingen virker ved at stimulere v\u00e6ksten i patientens h\u00e5r ved hj\u00e6lp af v\u00e6kstfaktorer, der er til stede i deres eget blod.  <\/p>\n<p>I l\u00f8bet af behandling tages en lille m\u00e6ngde blod fra patienten, og blodplader aktiveres gennem en specialforberedende proces. Ved hj\u00e6lp af en fin n\u00e5l injiceres patientens egen plasma i huden p\u00e5 det ber\u00f8rte hovedomr\u00e5de. Derefter stimulerer blodcellens v\u00e6kstfaktorer h\u00e5rs\u00e6kkene og fremmer naturligt h\u00e5rv\u00e6kst.  <\/p>\n<p>Denne injicerbare behandling inkluderer mange v\u00e6kstfaktorer, der udl\u00f8ser v\u00e6ksten af h\u00e5rs\u00e6kkene. Det kan anvendes f\u00f8r, efter og imellem kirurgiske procedurer. Mange patienter v\u00e6lger at behandle h\u00e5rtab ved at f\u00e5 behandlinger hver m\u00e5ned tre gange i tr\u00e6k, da forel\u00f8bige data tyder p\u00e5, at regelm\u00e6ssig eller halv\u00e5rlig behandling stimulerer h\u00e5rv\u00e6kst mere effektivt.<\/p>\n<\/div><\/div><\/div><\/div><\/div><\/div><\/section><section class=\"l-section wpb_row us_custom_3e2203ad height_auto\"><div class=\"l-section-h i-cf\"><div class=\"g-cols vc_row via_grid cols_2 laptops-cols_inherit tablets-cols_inherit mobiles-cols_1 valign_top type_default stacking_default\"><div class=\"wpb_column vc_column_container\"><div class=\"vc_column-inner\"><div class=\"w-image us_custom_fca8cc99 align_center\"><div class=\"w-image-h\"><img loading=\"lazy\" decoding=\"async\" width=\"1920\" height=\"1280\" src=\"https:\/\/www.zontoshairclinic.com\/wp-content\/uploads\/2022\/03\/prp__display.webp\" class=\"attachment-full size-full\" alt=\"\" loading=\"lazy\" srcset=\"https:\/\/www.zontoshairclinic.com\/wp-content\/uploads\/2022\/03\/prp__display.webp 1920w, https:\/\/www.zontoshairclinic.com\/wp-content\/uploads\/2022\/03\/prp__display-300x200.webp 300w, https:\/\/www.zontoshairclinic.com\/wp-content\/uploads\/2022\/03\/prp__display-1024x683.webp 1024w\" sizes=\"auto, (max-width: 1920px) 100vw, 1920px\" \/><\/div><\/div><\/div><\/div><div class=\"wpb_column vc_column_container\"><div class=\"vc_column-inner\"><div class=\"w-image us_custom_fca8cc99 align_center\"><div class=\"w-image-h\"><img loading=\"lazy\" decoding=\"async\" width=\"1920\" height=\"1242\" src=\"https:\/\/www.zontoshairclinic.com\/wp-content\/uploads\/2022\/03\/prp__patient.webp\" class=\"attachment-full size-full\" alt=\"\" loading=\"lazy\" srcset=\"https:\/\/www.zontoshairclinic.com\/wp-content\/uploads\/2022\/03\/prp__patient.webp 1920w, https:\/\/www.zontoshairclinic.com\/wp-content\/uploads\/2022\/03\/prp__patient-300x194.webp 300w, https:\/\/www.zontoshairclinic.com\/wp-content\/uploads\/2022\/03\/prp__patient-1024x662.webp 1024w\" sizes=\"auto, (max-width: 1920px) 100vw, 1920px\" \/><\/div><\/div><\/div><\/div><\/div><\/div><\/section>\n","protected":false},"excerpt":{"rendered":"Blodpladev\u00e6kstfaktorer som behandling af h\u00e5rtab.Beskrivelse af behandlingen. Dr. Zontos udf\u00f8rer blodpladerig plasmabehandling som en forebyggende terapeutisk mulighed mod h\u00e5rtab. Det er den mest avancerede og minimalt invasive behandling til patienter, der lider af forskellige former for h\u00e5rtab. Behandlingen virker ved at stimulere v\u00e6ksten i patientens h\u00e5r ved hj\u00e6lp af v\u00e6kstfaktorer, der er til stede i...","protected":false},"author":2,"featured_media":1917,"parent":2153,"menu_order":0,"comment_status":"closed","ping_status":"closed","template":"","meta":{"inline_featured_image":false,"footnotes":""},"class_list":["post-2475","page","type-page","status-publish","has-post-thumbnail","hentry"],"yoast_head":"<!-- This site is optimized with the Yoast SEO plugin v24.9 - https:\/\/yoast.com\/wordpress\/plugins\/seo\/ -->\n<title>Blodpladev\u00e6kstfaktorer som behandling af h\u00e5rtab. - zontoshairclinic.com<\/title>\n<meta name=\"robots\" content=\"index, follow, max-snippet:-1, max-image-preview:large, max-video-preview:-1\" \/>\n<link rel=\"canonical\" href=\"https:\/\/www.zontoshairclinic.com\/da\/serviceydelser\/blodpladevaekstfaktorer-som-behandling-af-haartab\/\" \/>\n<meta property=\"og:locale\" content=\"da_DK\" \/>\n<meta property=\"og:type\" content=\"article\" \/>\n<meta property=\"og:title\" content=\"Blodpladev\u00e6kstfaktorer som behandling af h\u00e5rtab. - zontoshairclinic.com\" \/>\n<meta property=\"og:url\" content=\"https:\/\/www.zontoshairclinic.com\/da\/serviceydelser\/blodpladevaekstfaktorer-som-behandling-af-haartab\/\" \/>\n<meta property=\"og:site_name\" content=\"zontoshairclinic.com\" \/>\n<meta property=\"article:modified_time\" content=\"2022-04-26T13:38:43+00:00\" \/>\n<meta property=\"og:image\" content=\"https:\/\/www.zontoshairclinic.com\/wp-content\/uploads\/2022\/03\/prp__crheader.webp\" \/>\n\t<meta property=\"og:image:width\" content=\"1920\" \/>\n\t<meta property=\"og:image:height\" content=\"670\" \/>\n\t<meta property=\"og:image:type\" content=\"image\/webp\" \/>\n<meta name=\"twitter:card\" content=\"summary_large_image\" \/>\n<meta name=\"twitter:label1\" content=\"Estimeret l\u00e6setid\" \/>\n\t<meta name=\"twitter:data1\" content=\"2 minutter\" \/>\n<script type=\"application\/ld+json\" class=\"yoast-schema-graph\">{\"@context\":\"https:\/\/schema.org\",\"@graph\":[{\"@type\":\"WebPage\",\"@id\":\"https:\/\/www.zontoshairclinic.com\/da\/serviceydelser\/blodpladevaekstfaktorer-som-behandling-af-haartab\/\",\"url\":\"https:\/\/www.zontoshairclinic.com\/da\/serviceydelser\/blodpladevaekstfaktorer-som-behandling-af-haartab\/\",\"name\":\"Blodpladev\u00e6kstfaktorer som behandling af h\u00e5rtab. - zontoshairclinic.com\",\"isPartOf\":{\"@id\":\"https:\/\/www.zontoshairclinic.com\/da\/#website\"},\"primaryImageOfPage\":{\"@id\":\"https:\/\/www.zontoshairclinic.com\/da\/serviceydelser\/blodpladevaekstfaktorer-som-behandling-af-haartab\/#primaryimage\"},\"image\":{\"@id\":\"https:\/\/www.zontoshairclinic.com\/da\/serviceydelser\/blodpladevaekstfaktorer-som-behandling-af-haartab\/#primaryimage\"},\"thumbnailUrl\":\"https:\/\/www.zontoshairclinic.com\/wp-content\/uploads\/2022\/03\/prp__crheader.webp\",\"datePublished\":\"2022-03-23T13:10:59+00:00\",\"dateModified\":\"2022-04-26T13:38:43+00:00\",\"breadcrumb\":{\"@id\":\"https:\/\/www.zontoshairclinic.com\/da\/serviceydelser\/blodpladevaekstfaktorer-som-behandling-af-haartab\/#breadcrumb\"},\"inLanguage\":\"da-DK\",\"potentialAction\":[{\"@type\":\"ReadAction\",\"target\":[\"https:\/\/www.zontoshairclinic.com\/da\/serviceydelser\/blodpladevaekstfaktorer-som-behandling-af-haartab\/\"]}]},{\"@type\":\"ImageObject\",\"inLanguage\":\"da-DK\",\"@id\":\"https:\/\/www.zontoshairclinic.com\/da\/serviceydelser\/blodpladevaekstfaktorer-som-behandling-af-haartab\/#primaryimage\",\"url\":\"https:\/\/www.zontoshairclinic.com\/wp-content\/uploads\/2022\/03\/prp__crheader.webp\",\"contentUrl\":\"https:\/\/www.zontoshairclinic.com\/wp-content\/uploads\/2022\/03\/prp__crheader.webp\",\"width\":1920,\"height\":670,\"caption\":\"\u0391\u03c5\u03c4\u03cc\u03bb\u03bf\u03b3\u03b7 \u03bc\u03b5\u03c3\u03bf\u03b8\u03b5\u03c1\u03b1\u03c0\u03b5\u03af\u03b1 \u03bc\u03b1\u03bb\u03bb\u03b9\u03ce\u03bd\"},{\"@type\":\"BreadcrumbList\",\"@id\":\"https:\/\/www.zontoshairclinic.com\/da\/serviceydelser\/blodpladevaekstfaktorer-som-behandling-af-haartab\/#breadcrumb\",\"itemListElement\":[{\"@type\":\"ListItem\",\"position\":1,\"name\":\"Home\",\"item\":\"https:\/\/www.zontoshairclinic.com\/da\/\"},{\"@type\":\"ListItem\",\"position\":2,\"name\":\"Serviceydelser\",\"item\":\"https:\/\/www.zontoshairclinic.com\/da\/serviceydelser\/\"},{\"@type\":\"ListItem\",\"position\":3,\"name\":\"Blodpladev\u00e6kstfaktorer som behandling af h\u00e5rtab.\"}]},{\"@type\":\"WebSite\",\"@id\":\"https:\/\/www.zontoshairclinic.com\/da\/#website\",\"url\":\"https:\/\/www.zontoshairclinic.com\/da\/\",\"name\":\"zontoshairclinic.com\",\"description\":\"Zontos Hair Clinic\",\"potentialAction\":[{\"@type\":\"SearchAction\",\"target\":{\"@type\":\"EntryPoint\",\"urlTemplate\":\"https:\/\/www.zontoshairclinic.com\/da\/?s={search_term_string}\"},\"query-input\":{\"@type\":\"PropertyValueSpecification\",\"valueRequired\":true,\"valueName\":\"search_term_string\"}}],\"inLanguage\":\"da-DK\"}]}<\/script>\n<!-- \/ Yoast SEO plugin. -->","yoast_head_json":{"title":"Blodpladev\u00e6kstfaktorer som behandling af h\u00e5rtab. - zontoshairclinic.com","robots":{"index":"index","follow":"follow","max-snippet":"max-snippet:-1","max-image-preview":"max-image-preview:large","max-video-preview":"max-video-preview:-1"},"canonical":"https:\/\/www.zontoshairclinic.com\/da\/serviceydelser\/blodpladevaekstfaktorer-som-behandling-af-haartab\/","og_locale":"da_DK","og_type":"article","og_title":"Blodpladev\u00e6kstfaktorer som behandling af h\u00e5rtab. - zontoshairclinic.com","og_url":"https:\/\/www.zontoshairclinic.com\/da\/serviceydelser\/blodpladevaekstfaktorer-som-behandling-af-haartab\/","og_site_name":"zontoshairclinic.com","article_modified_time":"2022-04-26T13:38:43+00:00","og_image":[{"width":1920,"height":670,"url":"https:\/\/www.zontoshairclinic.com\/wp-content\/uploads\/2022\/03\/prp__crheader.webp","type":"image\/webp"}],"twitter_card":"summary_large_image","twitter_misc":{"Estimeret l\u00e6setid":"2 minutter"},"schema":{"@context":"https:\/\/schema.org","@graph":[{"@type":"WebPage","@id":"https:\/\/www.zontoshairclinic.com\/da\/serviceydelser\/blodpladevaekstfaktorer-som-behandling-af-haartab\/","url":"https:\/\/www.zontoshairclinic.com\/da\/serviceydelser\/blodpladevaekstfaktorer-som-behandling-af-haartab\/","name":"Blodpladev\u00e6kstfaktorer som behandling af h\u00e5rtab. - zontoshairclinic.com","isPartOf":{"@id":"https:\/\/www.zontoshairclinic.com\/da\/#website"},"primaryImageOfPage":{"@id":"https:\/\/www.zontoshairclinic.com\/da\/serviceydelser\/blodpladevaekstfaktorer-som-behandling-af-haartab\/#primaryimage"},"image":{"@id":"https:\/\/www.zontoshairclinic.com\/da\/serviceydelser\/blodpladevaekstfaktorer-som-behandling-af-haartab\/#primaryimage"},"thumbnailUrl":"https:\/\/www.zontoshairclinic.com\/wp-content\/uploads\/2022\/03\/prp__crheader.webp","datePublished":"2022-03-23T13:10:59+00:00","dateModified":"2022-04-26T13:38:43+00:00","breadcrumb":{"@id":"https:\/\/www.zontoshairclinic.com\/da\/serviceydelser\/blodpladevaekstfaktorer-som-behandling-af-haartab\/#breadcrumb"},"inLanguage":"da-DK","potentialAction":[{"@type":"ReadAction","target":["https:\/\/www.zontoshairclinic.com\/da\/serviceydelser\/blodpladevaekstfaktorer-som-behandling-af-haartab\/"]}]},{"@type":"ImageObject","inLanguage":"da-DK","@id":"https:\/\/www.zontoshairclinic.com\/da\/serviceydelser\/blodpladevaekstfaktorer-som-behandling-af-haartab\/#primaryimage","url":"https:\/\/www.zontoshairclinic.com\/wp-content\/uploads\/2022\/03\/prp__crheader.webp","contentUrl":"https:\/\/www.zontoshairclinic.com\/wp-content\/uploads\/2022\/03\/prp__crheader.webp","width":1920,"height":670,"caption":"\u0391\u03c5\u03c4\u03cc\u03bb\u03bf\u03b3\u03b7 \u03bc\u03b5\u03c3\u03bf\u03b8\u03b5\u03c1\u03b1\u03c0\u03b5\u03af\u03b1 \u03bc\u03b1\u03bb\u03bb\u03b9\u03ce\u03bd"},{"@type":"BreadcrumbList","@id":"https:\/\/www.zontoshairclinic.com\/da\/serviceydelser\/blodpladevaekstfaktorer-som-behandling-af-haartab\/#breadcrumb","itemListElement":[{"@type":"ListItem","position":1,"name":"Home","item":"https:\/\/www.zontoshairclinic.com\/da\/"},{"@type":"ListItem","position":2,"name":"Serviceydelser","item":"https:\/\/www.zontoshairclinic.com\/da\/serviceydelser\/"},{"@type":"ListItem","position":3,"name":"Blodpladev\u00e6kstfaktorer som behandling af h\u00e5rtab."}]},{"@type":"WebSite","@id":"https:\/\/www.zontoshairclinic.com\/da\/#website","url":"https:\/\/www.zontoshairclinic.com\/da\/","name":"zontoshairclinic.com","description":"Zontos Hair Clinic","potentialAction":[{"@type":"SearchAction","target":{"@type":"EntryPoint","urlTemplate":"https:\/\/www.zontoshairclinic.com\/da\/?s={search_term_string}"},"query-input":{"@type":"PropertyValueSpecification","valueRequired":true,"valueName":"search_term_string"}}],"inLanguage":"da-DK"}]}},"_links":{"self":[{"href":"https:\/\/www.zontoshairclinic.com\/da\/wp-json\/wp\/v2\/pages\/2475","targetHints":{"allow":["GET"]}}],"collection":[{"href":"https:\/\/www.zontoshairclinic.com\/da\/wp-json\/wp\/v2\/pages"}],"about":[{"href":"https:\/\/www.zontoshairclinic.com\/da\/wp-json\/wp\/v2\/types\/page"}],"author":[{"embeddable":true,"href":"https:\/\/www.zontoshairclinic.com\/da\/wp-json\/wp\/v2\/users\/2"}],"replies":[{"embeddable":true,"href":"https:\/\/www.zontoshairclinic.com\/da\/wp-json\/wp\/v2\/comments?post=2475"}],"version-history":[{"count":2,"href":"https:\/\/www.zontoshairclinic.com\/da\/wp-json\/wp\/v2\/pages\/2475\/revisions"}],"predecessor-version":[{"id":2477,"href":"https:\/\/www.zontoshairclinic.com\/da\/wp-json\/wp\/v2\/pages\/2475\/revisions\/2477"}],"up":[{"embeddable":true,"href":"https:\/\/www.zontoshairclinic.com\/da\/wp-json\/wp\/v2\/pages\/2153"}],"wp:featuredmedia":[{"embeddable":true,"href":"https:\/\/www.zontoshairclinic.com\/da\/wp-json\/wp\/v2\/media\/1917"}],"wp:attachment":[{"href":"https:\/\/www.zontoshairclinic.com\/da\/wp-json\/wp\/v2\/media?parent=2475"}],"curies":[{"name":"wp","href":"https:\/\/api.w.org\/{rel}","templated":true}]}}