{"id":6002,"date":"2022-05-18T15:17:12","date_gmt":"2022-05-18T12:17:12","guid":{"rendered":"https:\/\/www.zontoshairclinic.com\/ofte-stillede-spoergsmaal-om-fue\/"},"modified":"2022-06-03T13:03:39","modified_gmt":"2022-06-03T10:03:39","slug":"ofte-stillede-spoergsmaal-om-fue","status":"publish","type":"page","link":"https:\/\/www.zontoshairclinic.com\/da\/ofte-stillede-spoergsmaal-om-fue\/","title":{"rendered":"Ofte stillede sp\u00f8rgsm\u00e5l om FUE"},"content":{"rendered":"<section class=\"l-section wpb_row height_small\"><div class=\"l-section-h i-cf\"><div class=\"g-cols vc_row via_grid cols_1 laptops-cols_inherit tablets-cols_inherit mobiles-cols_1 valign_top type_default stacking_default\"><div class=\"wpb_column vc_column_container\"><div class=\"vc_column-inner\"><h1 class=\"w-text us_custom_31cea8a2 page-title-line\"><span class=\"w-text-h\"><span class=\"w-text-value\">FUE FAQs<\/span><\/span><\/h1><\/div><\/div><\/div><\/div><\/section><section class=\"l-section wpb_row us_custom_e11ab399 height_auto\"><div class=\"l-section-h i-cf\"><div class=\"g-cols vc_row via_grid cols_1 laptops-cols_inherit tablets-cols_inherit mobiles-cols_1 valign_top type_default stacking_default\"><div class=\"wpb_column vc_column_container\"><div class=\"vc_column-inner\"><div class=\"w-tabs us_custom_d54c83f8 style_default switch_click accordion remove_indents\" style=\"--sections-title-size:18px\"><div class=\"w-tabs-sections titles-align_none icon_chevron cpos_right\"><div class=\"w-tabs-section has_text_color\" id=\"se39\" style=\"background:var(--color-content-bg-alt);color:var(--color-content-heading);\"><button class=\"w-tabs-section-header\" aria-controls=\"content-se39\" aria-expanded=\"false\"><h3 class=\"w-tabs-section-title\">Hvorfor mister jeg kun h\u00e5r oven p\u00e5 mit hoved?<\/h3><div class=\"w-tabs-section-control\"><\/div><\/button><div  class=\"w-tabs-section-content\" id=\"content-se39\"><div class=\"w-tabs-section-content-h i-cf\"><div class=\"wpb_text_column\"><div class=\"wpb_wrapper\"><p>Den \u00f8verste del af hovedet er kendt som den skaldede zone eller den alopeciske zone. Det er almindeligt at miste h\u00e5r i dette omr\u00e5de, fordi skaldethedszonen er modtagelig for de hormoner, der for\u00e5rsager skaldethed: testosteron, androgener og DHT. Tv\u00e6rtimod er h\u00e5ret p\u00e5 siderne og bagsiden af hovedet genetisk immunt over for disse hormoner, s\u00e5 der taber man det normalt ikke.<\/p>\n<\/div><\/div><\/div><\/div><\/div><div class=\"w-tabs-section has_text_color\" id=\"wf0d\" style=\"background:var(--color-content-bg-alt);color:var(--color-content-heading);\"><button class=\"w-tabs-section-header\" aria-controls=\"content-wf0d\" aria-expanded=\"false\"><h3 class=\"w-tabs-section-title\">Hvordan udf\u00f8res proceduren?<\/h3><div class=\"w-tabs-section-control\"><\/div><\/button><div  class=\"w-tabs-section-content\" id=\"content-wf0d\"><div class=\"w-tabs-section-content-h i-cf\"><div class=\"wpb_text_column\"><div class=\"wpb_wrapper\"><p>Proceduren udf\u00f8res udelukkende af Dr. Zontos, som er en verdensber\u00f8mt kvalificeret kirurg. Det finder sted under lokalbed\u00f8velse, og det involverer h\u00e5rtransplantation bagfra til foran. De to vigtigste teknikker til h\u00e5rtransplantation er FUE og Strip Harvesting. FUE st\u00e5r for Follicular Unit Extraction. Under proceduren ekstraheres h\u00e5r og transplanteres derefter i modtageromr\u00e5derne som individuelle follikul\u00e6re enheder. Sting er ikke p\u00e5kr\u00e6vet, og man heler meget hurtigt. Som en del af Strip-h\u00f8stmetoden ekstraheres en stribe hud og h\u00e5r (1-2 cm bred) fra donorzonen. H\u00e5ret fra striben dissekeres i individuelle follikul\u00e6re enheder under et mikroskop. I mods\u00e6tning til FUE, er stingene n\u00f8dvendige i Strip- h\u00f8stmetoden, som resulterer i et line\u00e6rt ar i donoromr\u00e5det, og tager l\u00e6ngere tid at hele.<\/p>\n<\/div><\/div><\/div><\/div><\/div><div class=\"w-tabs-section has_text_color\" id=\"vfd1\" style=\"background:var(--color-content-bg-alt);color:var(--color-content-heading);\"><button class=\"w-tabs-section-header\" aria-controls=\"content-vfd1\" aria-expanded=\"false\"><h3 class=\"w-tabs-section-title\">Hvor l\u00e6nge varer proceduren?<\/h3><div class=\"w-tabs-section-control\"><\/div><\/button><div  class=\"w-tabs-section-content\" id=\"content-vfd1\"><div class=\"w-tabs-section-content-h i-cf\"><div class=\"wpb_text_column\"><div class=\"wpb_wrapper\"><p>Transplantationsprocedurens varighed afh\u00e6nger af den m\u00e6ngde h\u00e5r, der skal transplanteres. Normalt transplanterer Dr Zontos op til 2000 grafts eller 6000 h\u00e5r p\u00e5 en dag. Hvis omfanget af din skaldethed kr\u00e6ver op til 2000 grafts, afsluttes proceduren p\u00e5 en dag. Hvis der kr\u00e6ves flere grafts, kan det v\u00e6re n\u00f8dvendigt med flere sessioner i klinikken.<\/p>\n<\/div><\/div><\/div><\/div><\/div><div class=\"w-tabs-section has_text_color\" id=\"o088\" style=\"background:var(--color-content-bg-alt);color:var(--color-content-heading);\"><button class=\"w-tabs-section-header\" aria-controls=\"content-o088\" aria-expanded=\"false\"><h3 class=\"w-tabs-section-title\">Er proceduren smertefuld?<\/h3><div class=\"w-tabs-section-control\"><\/div><\/button><div  class=\"w-tabs-section-content\" id=\"content-o088\"><div class=\"w-tabs-section-content-h i-cf\"><div class=\"wpb_text_column\"><div class=\"wpb_wrapper\"><p>Nej, proceduren er ikke smertefuld. F\u00f8r proceduren f\u00e5r patienter lokalbed\u00f8velse og modtager nerveblokke for at sikre minimal eller ingen smerter. Proceduren er smertefri i den udstr\u00e6kning, at patienter ser film, tv eller chatter gennem hele processen.<\/p>\n<\/div><\/div><\/div><\/div><\/div><div class=\"w-tabs-section has_text_color\" id=\"n142\" style=\"background:var(--color-content-bg-alt);color:var(--color-content-heading);\"><button class=\"w-tabs-section-header\" aria-controls=\"content-n142\" aria-expanded=\"false\"><h3 class=\"w-tabs-section-title\">Hvor lang tid tager det at hele?<\/h3><div class=\"w-tabs-section-control\"><\/div><\/button><div  class=\"w-tabs-section-content\" id=\"content-n142\"><div class=\"w-tabs-section-content-h i-cf\"><div class=\"wpb_text_column\"><div class=\"wpb_wrapper\"><p>For de fleste mennesker, der v\u00e6lger FUE, varer helingsprocessen et par dage. Bandagen, der beskytter donoromr\u00e5det efter proceduren, fjernes den f\u00f8lgende dag. Der er kun lav sandsynlighed for at udvikle h\u00e6velse i panden, og skorper i hovedbunden falder normalt af inden for seks dage. Noget r\u00f8dme kan ses i disse dage.<\/p>\n<\/div><\/div><\/div><\/div><\/div><div class=\"w-tabs-section has_text_color\" id=\"c1f6\" style=\"background:var(--color-content-bg-alt);color:var(--color-content-heading);\"><button class=\"w-tabs-section-header\" aria-controls=\"content-c1f6\" aria-expanded=\"false\"><h3 class=\"w-tabs-section-title\">Vil det nytransplanterede h\u00e5r se ud som naturligt h\u00e5r? Er det permanent?<\/h3><div class=\"w-tabs-section-control\"><\/div><\/button><div  class=\"w-tabs-section-content\" id=\"content-c1f6\"><div class=\"w-tabs-section-content-h i-cf\"><div class=\"wpb_text_column\"><div class=\"wpb_wrapper\"><p>Ja, dit transplanterede h\u00e5r ser naturligt ud, og det er permanent. Grafts tages fra din krop, og resultatet er det samme som dit naturlige h\u00e5r. Desuden er det transplanterede h\u00e5r modstandsdygtigt over for de hormoner, der for\u00e5rsager skaldethed, s\u00e5 det vil forts\u00e6tte med at vokse permanent. Det resultat, du f\u00e5r, er 100% naturligt.<\/p>\n<\/div><\/div><\/div><\/div><\/div><\/div><\/div><\/div><\/div><\/div><\/div><\/section>\n","protected":false},"excerpt":{"rendered":"FUE FAQsHvorfor mister jeg kun h\u00e5r oven p\u00e5 mit hoved?Den \u00f8verste del af hovedet er kendt som den skaldede zone eller den alopeciske zone. Det er almindeligt at miste h\u00e5r i dette omr\u00e5de, fordi skaldethedszonen er modtagelig for de hormoner, der for\u00e5rsager skaldethed: testosteron, androgener og DHT. Tv\u00e6rtimod er h\u00e5ret p\u00e5 siderne og bagsiden af...","protected":false},"author":2,"featured_media":0,"parent":0,"menu_order":0,"comment_status":"closed","ping_status":"closed","template":"","meta":{"inline_featured_image":false,"footnotes":""},"class_list":["post-6002","page","type-page","status-publish","hentry"],"yoast_head":"<!-- This site is optimized with the Yoast SEO plugin v24.9 - https:\/\/yoast.com\/wordpress\/plugins\/seo\/ -->\n<title>Ofte stillede sp\u00f8rgsm\u00e5l om FUE - zontoshairclinic.com<\/title>\n<meta name=\"description\" content=\"\u039a\u03b1\u03c4\u03ac \u03c4\u03b7 \u03bc\u03ad\u03b8\u03bf\u03b4\u03bf FUE, \u03c4\u03b1 \u03bc\u03b1\u03bb\u03bb\u03b9\u03ac \u03b5\u03be\u03ac\u03b3\u03bf\u03bd\u03c4\u03b1\u03b9 \u03ba\u03b1\u03b9 \u03bc\u03b5\u03c4\u03b1\u03bc\u03bf\u03c3\u03c7\u03b5\u03cd\u03bf\u03bd\u03c4\u03b1\u03b9 \u03c9\u03c2 \u03bc\u03b5\u03bc\u03bf\u03bd\u03c9\u03bc\u03ad\u03bd\u03b5\u03c2 \u03c4\u03c1\u03b9\u03c7\u03bf\u03b8\u03c5\u03bb\u03b1\u03ba\u03b9\u03ba\u03ad\u03c2 \u03bc\u03bf\u03bd\u03ac\u03b4\u03b5\u03c2, \u03c7\u03c9\u03c1\u03af\u03c2 \u03bd\u03b1 \u03b1\u03c0\u03b1\u03b9\u03c4\u03bf\u03cd\u03bd\u03c4\u03b1\u03b9 \u03c1\u03ac\u03bc\u03bc\u03b1\u03c4\u03b1.\" \/>\n<meta name=\"robots\" content=\"index, follow, max-snippet:-1, max-image-preview:large, max-video-preview:-1\" \/>\n<link rel=\"canonical\" href=\"https:\/\/www.zontoshairclinic.com\/da\/ofte-stillede-spoergsmaal-om-fue\/\" \/>\n<meta property=\"og:locale\" content=\"da_DK\" \/>\n<meta property=\"og:type\" content=\"article\" \/>\n<meta property=\"og:title\" content=\"Ofte stillede sp\u00f8rgsm\u00e5l om FUE - zontoshairclinic.com\" \/>\n<meta property=\"og:description\" content=\"\u039a\u03b1\u03c4\u03ac \u03c4\u03b7 \u03bc\u03ad\u03b8\u03bf\u03b4\u03bf FUE, \u03c4\u03b1 \u03bc\u03b1\u03bb\u03bb\u03b9\u03ac \u03b5\u03be\u03ac\u03b3\u03bf\u03bd\u03c4\u03b1\u03b9 \u03ba\u03b1\u03b9 \u03bc\u03b5\u03c4\u03b1\u03bc\u03bf\u03c3\u03c7\u03b5\u03cd\u03bf\u03bd\u03c4\u03b1\u03b9 \u03c9\u03c2 \u03bc\u03b5\u03bc\u03bf\u03bd\u03c9\u03bc\u03ad\u03bd\u03b5\u03c2 \u03c4\u03c1\u03b9\u03c7\u03bf\u03b8\u03c5\u03bb\u03b1\u03ba\u03b9\u03ba\u03ad\u03c2 \u03bc\u03bf\u03bd\u03ac\u03b4\u03b5\u03c2, \u03c7\u03c9\u03c1\u03af\u03c2 \u03bd\u03b1 \u03b1\u03c0\u03b1\u03b9\u03c4\u03bf\u03cd\u03bd\u03c4\u03b1\u03b9 \u03c1\u03ac\u03bc\u03bc\u03b1\u03c4\u03b1.\" \/>\n<meta property=\"og:url\" content=\"https:\/\/www.zontoshairclinic.com\/da\/ofte-stillede-spoergsmaal-om-fue\/\" \/>\n<meta property=\"og:site_name\" content=\"zontoshairclinic.com\" \/>\n<meta property=\"article:modified_time\" content=\"2022-06-03T10:03:39+00:00\" \/>\n<meta name=\"twitter:card\" content=\"summary_large_image\" \/>\n<meta name=\"twitter:label1\" content=\"Estimeret l\u00e6setid\" \/>\n\t<meta name=\"twitter:data1\" content=\"4 minutter\" \/>\n<script type=\"application\/ld+json\" class=\"yoast-schema-graph\">{\"@context\":\"https:\/\/schema.org\",\"@graph\":[{\"@type\":\"WebPage\",\"@id\":\"https:\/\/www.zontoshairclinic.com\/da\/ofte-stillede-spoergsmaal-om-fue\/\",\"url\":\"https:\/\/www.zontoshairclinic.com\/da\/ofte-stillede-spoergsmaal-om-fue\/\",\"name\":\"Ofte stillede sp\u00f8rgsm\u00e5l om FUE - zontoshairclinic.com\",\"isPartOf\":{\"@id\":\"https:\/\/www.zontoshairclinic.com\/da\/#website\"},\"datePublished\":\"2022-05-18T12:17:12+00:00\",\"dateModified\":\"2022-06-03T10:03:39+00:00\",\"description\":\"\u039a\u03b1\u03c4\u03ac \u03c4\u03b7 \u03bc\u03ad\u03b8\u03bf\u03b4\u03bf FUE, \u03c4\u03b1 \u03bc\u03b1\u03bb\u03bb\u03b9\u03ac \u03b5\u03be\u03ac\u03b3\u03bf\u03bd\u03c4\u03b1\u03b9 \u03ba\u03b1\u03b9 \u03bc\u03b5\u03c4\u03b1\u03bc\u03bf\u03c3\u03c7\u03b5\u03cd\u03bf\u03bd\u03c4\u03b1\u03b9 \u03c9\u03c2 \u03bc\u03b5\u03bc\u03bf\u03bd\u03c9\u03bc\u03ad\u03bd\u03b5\u03c2 \u03c4\u03c1\u03b9\u03c7\u03bf\u03b8\u03c5\u03bb\u03b1\u03ba\u03b9\u03ba\u03ad\u03c2 \u03bc\u03bf\u03bd\u03ac\u03b4\u03b5\u03c2, \u03c7\u03c9\u03c1\u03af\u03c2 \u03bd\u03b1 \u03b1\u03c0\u03b1\u03b9\u03c4\u03bf\u03cd\u03bd\u03c4\u03b1\u03b9 \u03c1\u03ac\u03bc\u03bc\u03b1\u03c4\u03b1.\",\"breadcrumb\":{\"@id\":\"https:\/\/www.zontoshairclinic.com\/da\/ofte-stillede-spoergsmaal-om-fue\/#breadcrumb\"},\"inLanguage\":\"da-DK\",\"potentialAction\":[{\"@type\":\"ReadAction\",\"target\":[\"https:\/\/www.zontoshairclinic.com\/da\/ofte-stillede-spoergsmaal-om-fue\/\"]}]},{\"@type\":\"BreadcrumbList\",\"@id\":\"https:\/\/www.zontoshairclinic.com\/da\/ofte-stillede-spoergsmaal-om-fue\/#breadcrumb\",\"itemListElement\":[{\"@type\":\"ListItem\",\"position\":1,\"name\":\"Home\",\"item\":\"https:\/\/www.zontoshairclinic.com\/da\/\"},{\"@type\":\"ListItem\",\"position\":2,\"name\":\"Ofte stillede sp\u00f8rgsm\u00e5l om FUE\"}]},{\"@type\":\"WebSite\",\"@id\":\"https:\/\/www.zontoshairclinic.com\/da\/#website\",\"url\":\"https:\/\/www.zontoshairclinic.com\/da\/\",\"name\":\"zontoshairclinic.com\",\"description\":\"Zontos Hair Clinic\",\"potentialAction\":[{\"@type\":\"SearchAction\",\"target\":{\"@type\":\"EntryPoint\",\"urlTemplate\":\"https:\/\/www.zontoshairclinic.com\/da\/?s={search_term_string}\"},\"query-input\":{\"@type\":\"PropertyValueSpecification\",\"valueRequired\":true,\"valueName\":\"search_term_string\"}}],\"inLanguage\":\"da-DK\"}]}<\/script>\n<!-- \/ Yoast SEO plugin. -->","yoast_head_json":{"title":"Ofte stillede sp\u00f8rgsm\u00e5l om FUE - zontoshairclinic.com","description":"\u039a\u03b1\u03c4\u03ac \u03c4\u03b7 \u03bc\u03ad\u03b8\u03bf\u03b4\u03bf FUE, \u03c4\u03b1 \u03bc\u03b1\u03bb\u03bb\u03b9\u03ac \u03b5\u03be\u03ac\u03b3\u03bf\u03bd\u03c4\u03b1\u03b9 \u03ba\u03b1\u03b9 \u03bc\u03b5\u03c4\u03b1\u03bc\u03bf\u03c3\u03c7\u03b5\u03cd\u03bf\u03bd\u03c4\u03b1\u03b9 \u03c9\u03c2 \u03bc\u03b5\u03bc\u03bf\u03bd\u03c9\u03bc\u03ad\u03bd\u03b5\u03c2 \u03c4\u03c1\u03b9\u03c7\u03bf\u03b8\u03c5\u03bb\u03b1\u03ba\u03b9\u03ba\u03ad\u03c2 \u03bc\u03bf\u03bd\u03ac\u03b4\u03b5\u03c2, \u03c7\u03c9\u03c1\u03af\u03c2 \u03bd\u03b1 \u03b1\u03c0\u03b1\u03b9\u03c4\u03bf\u03cd\u03bd\u03c4\u03b1\u03b9 \u03c1\u03ac\u03bc\u03bc\u03b1\u03c4\u03b1.","robots":{"index":"index","follow":"follow","max-snippet":"max-snippet:-1","max-image-preview":"max-image-preview:large","max-video-preview":"max-video-preview:-1"},"canonical":"https:\/\/www.zontoshairclinic.com\/da\/ofte-stillede-spoergsmaal-om-fue\/","og_locale":"da_DK","og_type":"article","og_title":"Ofte stillede sp\u00f8rgsm\u00e5l om FUE - zontoshairclinic.com","og_description":"\u039a\u03b1\u03c4\u03ac \u03c4\u03b7 \u03bc\u03ad\u03b8\u03bf\u03b4\u03bf FUE, \u03c4\u03b1 \u03bc\u03b1\u03bb\u03bb\u03b9\u03ac \u03b5\u03be\u03ac\u03b3\u03bf\u03bd\u03c4\u03b1\u03b9 \u03ba\u03b1\u03b9 \u03bc\u03b5\u03c4\u03b1\u03bc\u03bf\u03c3\u03c7\u03b5\u03cd\u03bf\u03bd\u03c4\u03b1\u03b9 \u03c9\u03c2 \u03bc\u03b5\u03bc\u03bf\u03bd\u03c9\u03bc\u03ad\u03bd\u03b5\u03c2 \u03c4\u03c1\u03b9\u03c7\u03bf\u03b8\u03c5\u03bb\u03b1\u03ba\u03b9\u03ba\u03ad\u03c2 \u03bc\u03bf\u03bd\u03ac\u03b4\u03b5\u03c2, \u03c7\u03c9\u03c1\u03af\u03c2 \u03bd\u03b1 \u03b1\u03c0\u03b1\u03b9\u03c4\u03bf\u03cd\u03bd\u03c4\u03b1\u03b9 \u03c1\u03ac\u03bc\u03bc\u03b1\u03c4\u03b1.","og_url":"https:\/\/www.zontoshairclinic.com\/da\/ofte-stillede-spoergsmaal-om-fue\/","og_site_name":"zontoshairclinic.com","article_modified_time":"2022-06-03T10:03:39+00:00","twitter_card":"summary_large_image","twitter_misc":{"Estimeret l\u00e6setid":"4 minutter"},"schema":{"@context":"https:\/\/schema.org","@graph":[{"@type":"WebPage","@id":"https:\/\/www.zontoshairclinic.com\/da\/ofte-stillede-spoergsmaal-om-fue\/","url":"https:\/\/www.zontoshairclinic.com\/da\/ofte-stillede-spoergsmaal-om-fue\/","name":"Ofte stillede sp\u00f8rgsm\u00e5l om FUE - zontoshairclinic.com","isPartOf":{"@id":"https:\/\/www.zontoshairclinic.com\/da\/#website"},"datePublished":"2022-05-18T12:17:12+00:00","dateModified":"2022-06-03T10:03:39+00:00","description":"\u039a\u03b1\u03c4\u03ac \u03c4\u03b7 \u03bc\u03ad\u03b8\u03bf\u03b4\u03bf FUE, \u03c4\u03b1 \u03bc\u03b1\u03bb\u03bb\u03b9\u03ac \u03b5\u03be\u03ac\u03b3\u03bf\u03bd\u03c4\u03b1\u03b9 \u03ba\u03b1\u03b9 \u03bc\u03b5\u03c4\u03b1\u03bc\u03bf\u03c3\u03c7\u03b5\u03cd\u03bf\u03bd\u03c4\u03b1\u03b9 \u03c9\u03c2 \u03bc\u03b5\u03bc\u03bf\u03bd\u03c9\u03bc\u03ad\u03bd\u03b5\u03c2 \u03c4\u03c1\u03b9\u03c7\u03bf\u03b8\u03c5\u03bb\u03b1\u03ba\u03b9\u03ba\u03ad\u03c2 \u03bc\u03bf\u03bd\u03ac\u03b4\u03b5\u03c2, \u03c7\u03c9\u03c1\u03af\u03c2 \u03bd\u03b1 \u03b1\u03c0\u03b1\u03b9\u03c4\u03bf\u03cd\u03bd\u03c4\u03b1\u03b9 \u03c1\u03ac\u03bc\u03bc\u03b1\u03c4\u03b1.","breadcrumb":{"@id":"https:\/\/www.zontoshairclinic.com\/da\/ofte-stillede-spoergsmaal-om-fue\/#breadcrumb"},"inLanguage":"da-DK","potentialAction":[{"@type":"ReadAction","target":["https:\/\/www.zontoshairclinic.com\/da\/ofte-stillede-spoergsmaal-om-fue\/"]}]},{"@type":"BreadcrumbList","@id":"https:\/\/www.zontoshairclinic.com\/da\/ofte-stillede-spoergsmaal-om-fue\/#breadcrumb","itemListElement":[{"@type":"ListItem","position":1,"name":"Home","item":"https:\/\/www.zontoshairclinic.com\/da\/"},{"@type":"ListItem","position":2,"name":"Ofte stillede sp\u00f8rgsm\u00e5l om FUE"}]},{"@type":"WebSite","@id":"https:\/\/www.zontoshairclinic.com\/da\/#website","url":"https:\/\/www.zontoshairclinic.com\/da\/","name":"zontoshairclinic.com","description":"Zontos Hair Clinic","potentialAction":[{"@type":"SearchAction","target":{"@type":"EntryPoint","urlTemplate":"https:\/\/www.zontoshairclinic.com\/da\/?s={search_term_string}"},"query-input":{"@type":"PropertyValueSpecification","valueRequired":true,"valueName":"search_term_string"}}],"inLanguage":"da-DK"}]}},"_links":{"self":[{"href":"https:\/\/www.zontoshairclinic.com\/da\/wp-json\/wp\/v2\/pages\/6002","targetHints":{"allow":["GET"]}}],"collection":[{"href":"https:\/\/www.zontoshairclinic.com\/da\/wp-json\/wp\/v2\/pages"}],"about":[{"href":"https:\/\/www.zontoshairclinic.com\/da\/wp-json\/wp\/v2\/types\/page"}],"author":[{"embeddable":true,"href":"https:\/\/www.zontoshairclinic.com\/da\/wp-json\/wp\/v2\/users\/2"}],"replies":[{"embeddable":true,"href":"https:\/\/www.zontoshairclinic.com\/da\/wp-json\/wp\/v2\/comments?post=6002"}],"version-history":[{"count":5,"href":"https:\/\/www.zontoshairclinic.com\/da\/wp-json\/wp\/v2\/pages\/6002\/revisions"}],"predecessor-version":[{"id":6008,"href":"https:\/\/www.zontoshairclinic.com\/da\/wp-json\/wp\/v2\/pages\/6002\/revisions\/6008"}],"wp:attachment":[{"href":"https:\/\/www.zontoshairclinic.com\/da\/wp-json\/wp\/v2\/media?parent=6002"}],"curies":[{"name":"wp","href":"https:\/\/api.w.org\/{rel}","templated":true}]}}